{"id":1037,"date":"2025-02-13T01:51:29","date_gmt":"2025-02-13T01:51:29","guid":{"rendered":"https:\/\/emprendamosjuntoscancun.com.mx\/?page_id=1037"},"modified":"2026-03-25T22:02:42","modified_gmt":"2026-03-25T22:02:42","slug":"libre-office","status":"publish","type":"page","link":"https:\/\/emprendamosjuntoscancun.com.mx\/en\/libre-office\/","title":{"rendered":"LIBRE OFFICE"},"content":{"rendered":"<div data-elementor-type=\"wp-page\" data-elementor-id=\"1037\" class=\"elementor elementor-1037\" data-elementor-post-type=\"page\">\n\t\t\t\t<div class=\"elementor-element elementor-element-fb11de0 e-flex e-con-boxed e-con e-parent\" data-id=\"fb11de0\" data-element_type=\"container\" data-e-type=\"container\" data-settings=\"{&quot;background_background&quot;:&quot;classic&quot;}\">\n\t\t\t\t\t<div class=\"e-con-inner\">\n\t\t<div class=\"elementor-element elementor-element-baa7f3e e-con-full e-flex e-con e-child\" data-id=\"baa7f3e\" data-element_type=\"container\" data-e-type=\"container\">\n\t\t\t\t<div class=\"elementor-element elementor-element-8023458 elementor-widget elementor-widget-theme-site-logo elementor-widget-image\" data-id=\"8023458\" data-element_type=\"widget\" data-e-type=\"widget\" data-widget_type=\"theme-site-logo.default\">\n\t\t\t\t<div class=\"elementor-widget-container\">\n\t\t\t\t\t\t\t\t\t\t\t<a href=\"https:\/\/emprendamosjuntoscancun.com.mx\/en\">\n\t\t\t<img fetchpriority=\"high\" decoding=\"async\" width=\"1024\" height=\"1024\" src=\"https:\/\/emprendamosjuntoscancun.com.mx\/wp-content\/uploads\/2024\/03\/SGN_03_12_2024_1710276382839.png\" class=\"attachment-large size-large wp-image-20\" alt=\"\" srcset=\"https:\/\/emprendamosjuntoscancun.com.mx\/wp-content\/uploads\/2024\/03\/SGN_03_12_2024_1710276382839-1024x1024.png 1024w, https:\/\/emprendamosjuntoscancun.com.mx\/wp-content\/uploads\/2024\/03\/SGN_03_12_2024_1710276382839-300x300.png 300w, https:\/\/emprendamosjuntoscancun.com.mx\/wp-content\/uploads\/2024\/03\/SGN_03_12_2024_1710276382839-150x150.png 150w, https:\/\/emprendamosjuntoscancun.com.mx\/wp-content\/uploads\/2024\/03\/SGN_03_12_2024_1710276382839-768x768.png 768w, https:\/\/emprendamosjuntoscancun.com.mx\/wp-content\/uploads\/2024\/03\/SGN_03_12_2024_1710276382839-1536x1536.png 1536w, https:\/\/emprendamosjuntoscancun.com.mx\/wp-content\/uploads\/2024\/03\/SGN_03_12_2024_1710276382839-12x12.png 12w, https:\/\/emprendamosjuntoscancun.com.mx\/wp-content\/uploads\/2024\/03\/SGN_03_12_2024_1710276382839.png 1920w\" sizes=\"(max-width: 1024px) 100vw, 1024px\" \/>\t\t\t\t<\/a>\n\t\t\t\t\t\t\t\t\t\t\t<\/div>\n\t\t\t\t<\/div>\n\t\t\t\t<\/div>\n\t\t<div class=\"elementor-element elementor-element-e514bfb e-con-full e-flex e-con e-child\" data-id=\"e514bfb\" data-element_type=\"container\" data-e-type=\"container\">\n\t\t\t\t<div class=\"elementor-element elementor-element-10fbe4e elementor-nav-menu__text-align-aside elementor-nav-menu--toggle elementor-nav-menu--burger elementor-widget elementor-widget-nav-menu\" data-id=\"10fbe4e\" data-element_type=\"widget\" data-e-type=\"widget\" data-settings=\"{&quot;layout&quot;:&quot;dropdown&quot;,&quot;toggle_icon_hover_animation&quot;:&quot;pulse&quot;,&quot;submenu_icon&quot;:{&quot;value&quot;:&quot;&lt;svg aria-hidden=\\&quot;true\\&quot; class=\\&quot;e-font-icon-svg e-fas-angle-down\\&quot; viewBox=\\&quot;0 0 320 512\\&quot; xmlns=\\&quot;http:\\\/\\\/www.w3.org\\\/2000\\\/svg\\&quot;&gt;&lt;path d=\\&quot;M143 352.3L7 216.3c-9.4-9.4-9.4-24.6 0-33.9l22.6-22.6c9.4-9.4 24.6-9.4 33.9 0l96.4 96.4 96.4-96.4c9.4-9.4 24.6-9.4 33.9 0l22.6 22.6c9.4 9.4 9.4 24.6 0 33.9l-136 136c-9.2 9.4-24.4 9.4-33.8 0z\\&quot;&gt;&lt;\\\/path&gt;&lt;\\\/svg&gt;&quot;,&quot;library&quot;:&quot;fa-solid&quot;},&quot;toggle&quot;:&quot;burger&quot;}\" data-widget_type=\"nav-menu.default\">\n\t\t\t\t<div class=\"elementor-widget-container\">\n\t\t\t\t\t\t\t<div class=\"elementor-menu-toggle\" role=\"button\" tabindex=\"0\" aria-label=\"Menu Toggle\" aria-expanded=\"false\">\n\t\t\t<svg aria-hidden=\"true\" role=\"presentation\" class=\"elementor-menu-toggle__icon--open elementor-animation-pulse e-font-icon-svg e-eicon-menu-bar\" viewbox=\"0 0 1000 1000\" xmlns=\"http:\/\/www.w3.org\/2000\/svg\"><path d=\"M104 333H896C929 333 958 304 958 271S929 208 896 208H104C71 208 42 237 42 271S71 333 104 333ZM104 583H896C929 583 958 554 958 521S929 458 896 458H104C71 458 42 487 42 521S71 583 104 583ZM104 833H896C929 833 958 804 958 771S929 708 896 708H104C71 708 42 737 42 771S71 833 104 833Z\"><\/path><\/svg><svg aria-hidden=\"true\" role=\"presentation\" class=\"elementor-menu-toggle__icon--close elementor-animation-pulse e-font-icon-svg e-eicon-close\" viewbox=\"0 0 1000 1000\" xmlns=\"http:\/\/www.w3.org\/2000\/svg\"><path d=\"M742 167L500 408 258 167C246 154 233 150 217 150 196 150 179 158 167 167 154 179 150 196 150 212 150 229 154 242 171 254L408 500 167 742C138 771 138 800 167 829 196 858 225 858 254 829L496 587 738 829C750 842 767 846 783 846 800 846 817 842 829 829 842 817 846 804 846 783 846 767 842 750 829 737L588 500 833 258C863 229 863 200 833 171 804 137 775 137 742 167Z\"><\/path><\/svg>\t\t<\/div>\n\t\t\t\t\t<nav class=\"elementor-nav-menu--dropdown elementor-nav-menu__container\" aria-hidden=\"true\">\n\t\t\t\t<ul id=\"menu-2-10fbe4e\" class=\"elementor-nav-menu\"><li class=\"menu-item menu-item-type-custom menu-item-object-custom menu-item-has-children menu-item-316\"><a aria-expanded=\"false\" href=\"http:\/\/emprendamosjuntoscancun.com.mx\/en\/\" class=\"elementor-item menu-link\" tabindex=\"-1\">HOME<span role=\"button\" class=\"dropdown-menu-toggle ast-header-navigation-arrow\" tabindex=\"0\" aria-expanded=\"false\" aria-label=\"Menu Toggle\" aria-haspopup=\"true\"><\/span><\/a>\n<ul class=\"sub-menu elementor-nav-menu--dropdown\">\n\t<li class=\"menu-item menu-item-type-post_type menu-item-object-page menu-item-1741\"><a href=\"https:\/\/emprendamosjuntoscancun.com.mx\/en\/contenidos-y-redes-sociales\/\" class=\"elementor-sub-item menu-link\" tabindex=\"-1\">CONTENIDOS Y REDES SOCIALES<\/a><\/li>\n\t<li class=\"menu-item menu-item-type-post_type menu-item-object-page menu-item-1748\"><a href=\"https:\/\/emprendamosjuntoscancun.com.mx\/en\/creacion-de-contenido-en-juegos-roblox-minecraft-delta-force-y-mas\/\" class=\"elementor-sub-item menu-link\" tabindex=\"-1\">CUAL ES TU JUEGO FAVORITO<\/a><\/li>\n<\/ul>\n<\/li>\n<li class=\"menu-item menu-item-type-custom menu-item-object-custom menu-item-317\"><a href=\"http:\/\/emprendamosjuntoscancun.com.mx\/en\/programas\/\" class=\"elementor-item menu-link\" tabindex=\"-1\">PROGRAMS<\/a><\/li>\n<li class=\"menu-item menu-item-type-post_type menu-item-object-page menu-item-1642\"><a href=\"https:\/\/emprendamosjuntoscancun.com.mx\/en\/minecraft\/\" class=\"elementor-item menu-link\" tabindex=\"-1\">MINECRAFT<\/a><\/li>\n<\/ul>\t\t\t<\/nav>\n\t\t\t\t\t\t<\/div>\n\t\t\t\t<\/div>\n\t\t\t\t<\/div>\n\t\t\t\t<div class=\"elementor-element elementor-element-eae60c3 elementor-shape-circle elementor-grid-2 elementor-widget-mobile__width-initial e-transform e-grid-align-center elementor-widget elementor-widget-social-icons\" data-id=\"eae60c3\" data-element_type=\"widget\" data-e-type=\"widget\" data-settings=\"{&quot;_transform_skewX_effect&quot;:{&quot;unit&quot;:&quot;px&quot;,&quot;size&quot;:&quot;&quot;,&quot;sizes&quot;:[]},&quot;_transform_skewX_effect_tablet&quot;:{&quot;unit&quot;:&quot;deg&quot;,&quot;size&quot;:&quot;&quot;,&quot;sizes&quot;:[]},&quot;_transform_skewX_effect_mobile&quot;:{&quot;unit&quot;:&quot;deg&quot;,&quot;size&quot;:&quot;&quot;,&quot;sizes&quot;:[]},&quot;_transform_skewY_effect&quot;:{&quot;unit&quot;:&quot;px&quot;,&quot;size&quot;:&quot;&quot;,&quot;sizes&quot;:[]},&quot;_transform_skewY_effect_tablet&quot;:{&quot;unit&quot;:&quot;deg&quot;,&quot;size&quot;:&quot;&quot;,&quot;sizes&quot;:[]},&quot;_transform_skewY_effect_mobile&quot;:{&quot;unit&quot;:&quot;deg&quot;,&quot;size&quot;:&quot;&quot;,&quot;sizes&quot;:[]}}\" data-widget_type=\"social-icons.default\">\n\t\t\t\t<div class=\"elementor-widget-container\">\n\t\t\t\t\t\t\t<div class=\"elementor-social-icons-wrapper elementor-grid\" role=\"list\">\n\t\t\t\t\t\t\t<span class=\"elementor-grid-item\" role=\"listitem\">\n\t\t\t\t\t<a class=\"elementor-icon elementor-social-icon elementor-social-icon-facebook elementor-repeater-item-2b73b80\" target=\"_blank\">\n\t\t\t\t\t\t<span class=\"elementor-screen-only\">Facebook<\/span>\n\t\t\t\t\t\t<svg aria-hidden=\"true\" class=\"e-font-icon-svg e-fab-facebook\" viewbox=\"0 0 512 512\" xmlns=\"http:\/\/www.w3.org\/2000\/svg\"><path d=\"M504 256C504 119 393 8 256 8S8 119 8 256c0 123.78 90.69 226.38 209.25 245V327.69h-63V256h63v-54.64c0-62.15 37-96.48 93.67-96.48 27.14 0 55.52 4.84 55.52 4.84v61h-31.28c-30.8 0-40.41 19.12-40.41 38.73V256h68.78l-11 71.69h-57.78V501C413.31 482.38 504 379.78 504 256z\"><\/path><\/svg>\t\t\t\t\t<\/a>\n\t\t\t\t<\/span>\n\t\t\t\t\t\t\t<span class=\"elementor-grid-item\" role=\"listitem\">\n\t\t\t\t\t<a class=\"elementor-icon elementor-social-icon elementor-social-icon-youtube elementor-repeater-item-a6338c5\" href=\"https:\/\/www.youtube.com\/c\/SISTEMASSOPORTECOMUNIDAD\" target=\"_blank\" rel=\"noopener\">\n\t\t\t\t\t\t<span class=\"elementor-screen-only\">Youtube<\/span>\n\t\t\t\t\t\t<svg aria-hidden=\"true\" class=\"e-font-icon-svg e-fab-youtube\" viewbox=\"0 0 576 512\" xmlns=\"http:\/\/www.w3.org\/2000\/svg\"><path d=\"M549.655 124.083c-6.281-23.65-24.787-42.276-48.284-48.597C458.781 64 288 64 288 64S117.22 64 74.629 75.486c-23.497 6.322-42.003 24.947-48.284 48.597-11.412 42.867-11.412 132.305-11.412 132.305s0 89.438 11.412 132.305c6.281 23.65 24.787 41.5 48.284 47.821C117.22 448 288 448 288 448s170.78 0 213.371-11.486c23.497-6.321 42.003-24.171 48.284-47.821 11.412-42.867 11.412-132.305 11.412-132.305s0-89.438-11.412-132.305zm-317.51 213.508V175.185l142.739 81.205-142.739 81.201z\"><\/path><\/svg>\t\t\t\t\t<\/a>\n\t\t\t\t<\/span>\n\t\t\t\t\t<\/div>\n\t\t\t\t\t\t<\/div>\n\t\t\t\t<\/div>\n\t\t\t\t\t<\/div>\n\t\t\t\t<\/div>\n\t\t<div class=\"elementor-element elementor-element-a3526d1 e-flex e-con-boxed e-con e-parent\" data-id=\"a3526d1\" data-element_type=\"container\" data-e-type=\"container\">\n\t\t\t\t\t<div class=\"e-con-inner\">\n\t\t<div class=\"elementor-element elementor-element-5d067a0 e-con-full e-flex e-con e-child\" data-id=\"5d067a0\" data-element_type=\"container\" data-e-type=\"container\">\n\t\t\t\t<\/div>\n\t\t<div class=\"elementor-element elementor-element-4099397 e-con-full e-flex e-con e-child\" data-id=\"4099397\" data-element_type=\"container\" data-e-type=\"container\">\n\t\t\t\t<div class=\"elementor-element elementor-element-415cecb elementor-widget elementor-widget-image\" data-id=\"415cecb\" data-element_type=\"widget\" data-e-type=\"widget\" data-widget_type=\"image.default\">\n\t\t\t\t<div class=\"elementor-widget-container\">\n\t\t\t\t\t\t\t\t\t\t\t\t\t\t\t<img decoding=\"async\" width=\"830\" height=\"400\" src=\"https:\/\/emprendamosjuntoscancun.com.mx\/wp-content\/uploads\/2025\/02\/LIBRE-OFFICE.jpg\" class=\"attachment-large size-large wp-image-1039\" alt=\"\" srcset=\"https:\/\/emprendamosjuntoscancun.com.mx\/wp-content\/uploads\/2025\/02\/LIBRE-OFFICE.jpg 830w, https:\/\/emprendamosjuntoscancun.com.mx\/wp-content\/uploads\/2025\/02\/LIBRE-OFFICE-300x145.jpg 300w, https:\/\/emprendamosjuntoscancun.com.mx\/wp-content\/uploads\/2025\/02\/LIBRE-OFFICE-768x370.jpg 768w\" sizes=\"(max-width: 830px) 100vw, 830px\" \/>\t\t\t\t\t\t\t\t\t\t\t\t\t\t\t<\/div>\n\t\t\t\t<\/div>\n\t\t\t\t<\/div>\n\t\t<div class=\"elementor-element elementor-element-a0bef54 e-con-full e-flex e-con e-child\" data-id=\"a0bef54\" data-element_type=\"container\" data-e-type=\"container\">\n\t\t\t\t<\/div>\n\t\t\t\t\t<\/div>\n\t\t\t\t<\/div>\n\t\t<div class=\"elementor-element elementor-element-f417a49 e-flex e-con-boxed e-con e-parent\" data-id=\"f417a49\" data-element_type=\"container\" data-e-type=\"container\">\n\t\t\t\t\t<div class=\"e-con-inner\">\n\t\t\t\t<div class=\"elementor-element elementor-element-b054d34 elementor-widget elementor-widget-text-editor\" data-id=\"b054d34\" data-element_type=\"widget\" data-e-type=\"widget\" data-widget_type=\"text-editor.default\">\n\t\t\t\t<div class=\"elementor-widget-container\">\n\t\t\t\t\t\t\t\t\t<p data-pm-slice=\"1 1 []\"><strong>LibreOffice: Una Suite Ofim\u00e1tica Libre y Poderosa<\/strong><\/p><p>En la actualidad, las herramientas ofim\u00e1ticas son esenciales para la productividad en diversos \u00e1mbitos, ya sea en el trabajo, la educaci\u00f3n o el hogar. Entre las muchas opciones disponibles, LibreOffice se destaca como una de las m\u00e1s completas, accesibles y eficientes. Esta suite de software libre y de c\u00f3digo abierto ha ganado popularidad gracias a su robustez, compatibilidad y la comunidad activa que la respalda. En este art\u00edculo, exploraremos sus caracter\u00edsticas principales, ventajas, aplicaciones y su impacto en el mundo de la ofim\u00e1tica.<\/p><h2>\u00bfQu\u00e9 es LibreOffice?<\/h2><p>LibreOffice es una suite de oficina gratuita y de c\u00f3digo abierto desarrollada por The Document Foundation. Surgi\u00f3 en 2010 como una bifurcaci\u00f3n del proyecto OpenOffice.org, con el objetivo de ofrecer una alternativa m\u00e1s moderna y eficiente a las suites ofim\u00e1ticas propietarias como Microsoft Office. Est\u00e1 disponible para m\u00faltiples plataformas, incluyendo Windows, macOS y Linux, lo que la convierte en una opci\u00f3n vers\u00e1til para todo tipo de usuarios.<\/p><h2>Componentes de LibreOffice<\/h2><p>LibreOffice incluye varias aplicaciones que cubren las necesidades ofim\u00e1ticas m\u00e1s comunes:<\/p><ul data-spread=\"false\"><li><p><strong>Writer<\/strong>: Un procesador de textos potente y flexible, equivalente a Microsoft Word. Permite la creaci\u00f3n y edici\u00f3n de documentos, con soporte para formatos como ODT, DOCX y PDF.<\/p><\/li><li><p><strong>Calc<\/strong>: Una hoja de c\u00e1lculo similar a Microsoft Excel, que ofrece herramientas avanzadas para el an\u00e1lisis de datos, f\u00f3rmulas y gr\u00e1ficos din\u00e1micos.<\/p><\/li><li><p><strong>Impress<\/strong>: Un programa para crear presentaciones, comparable a Microsoft PowerPoint. Permite la inserci\u00f3n de animaciones, transiciones y gr\u00e1ficos interactivos.<\/p><\/li><li><p><strong>Draw<\/strong>: Una aplicaci\u00f3n para dise\u00f1o gr\u00e1fico y diagramaci\u00f3n, ideal para crear ilustraciones, organigramas y esquemas.<\/p><\/li><li><p><strong>Base<\/strong>: Un gestor de bases de datos similar a Microsoft Access, que permite la creaci\u00f3n de bases de datos y la gesti\u00f3n de informaci\u00f3n de manera estructurada.<\/p><\/li><li><p><strong>Math<\/strong>: Un editor de ecuaciones matem\u00e1ticas que facilita la escritura y presentaci\u00f3n de f\u00f3rmulas complejas.<\/p><\/li><\/ul><h2>Ventajas de LibreOffice<\/h2><p>LibreOffice ofrece numerosas ventajas que lo convierten en una alternativa atractiva frente a otras suites ofim\u00e1ticas:<\/p><ol start=\"1\" data-spread=\"false\"><li><p><strong>Gratuito y de c\u00f3digo abierto<\/strong>: No requiere licencias costosas, lo que lo hace accesible para usuarios individuales, empresas e instituciones educativas.<\/p><\/li><li><p><strong>Compatibilidad con m\u00faltiples formatos<\/strong>: LibreOffice es capaz de abrir y guardar archivos en una amplia variedad de formatos, incluyendo los utilizados por Microsoft Office (DOCX, XLSX, PPTX) y est\u00e1ndares abiertos como ODF.<\/p><\/li><li><p><strong>Actualizaciones constantes<\/strong>: La comunidad de desarrolladores mantiene el software actualizado con mejoras en seguridad, rendimiento y nuevas funcionalidades.<\/p><\/li><li><p><strong>Personalizaci\u00f3n y extensibilidad<\/strong>: Permite la instalaci\u00f3n de extensiones y plantillas que ampl\u00edan sus capacidades.<\/p><\/li><li><p><strong>Multiplataforma<\/strong>: Funciona en distintos sistemas operativos, lo que facilita la migraci\u00f3n desde otras suites ofim\u00e1ticas.<\/p><\/li><\/ol><h2>Comparaci\u00f3n con Microsoft Office<\/h2><p>Si bien Microsoft Office sigue siendo la opci\u00f3n predominante en muchas empresas y organizaciones, LibreOffice ofrece una alternativa competitiva sin costos adicionales. Algunas diferencias clave incluyen:<\/p><ul data-spread=\"false\"><li><p><strong>Costo<\/strong>: Microsoft Office es un software propietario con licencias de pago, mientras que LibreOffice es completamente gratuito.<\/p><\/li><li><p><strong>Interfaz<\/strong>: LibreOffice tiene un dise\u00f1o m\u00e1s tradicional, mientras que Microsoft Office ha evolucionado hacia una interfaz basada en cinta de opciones (Ribbon).<\/p><\/li><li><p><strong>Colaboraci\u00f3n en la nube<\/strong>: Microsoft Office cuenta con integraci\u00f3n nativa con OneDrive y otras herramientas de colaboraci\u00f3n en l\u00ednea. LibreOffice, si bien puede trabajar con servicios en la nube, depende de herramientas externas para lograr una colaboraci\u00f3n en tiempo real.<\/p><\/li><\/ul><h2>Usos y Aplicaciones<\/h2><p>LibreOffice es utilizado en diversos sectores debido a su versatilidad y fiabilidad. Algunos ejemplos incluyen:<\/p><ul data-spread=\"false\"><li><p><strong>Educaci\u00f3n<\/strong>: Instituciones acad\u00e9micas emplean LibreOffice para ense\u00f1ar a los estudiantes sobre procesamiento de textos, hojas de c\u00e1lculo y presentaciones sin costos adicionales.<\/p><\/li><li><p><strong>Empresas y negocios<\/strong>: Muchas peque\u00f1as y medianas empresas optan por LibreOffice como soluci\u00f3n ofim\u00e1tica econ\u00f3mica y funcional.<\/p><\/li><li><p><strong>Gobiernos y administraciones p\u00fablicas<\/strong>: Al ser software libre, muchos gobiernos han adoptado LibreOffice como parte de estrategias de independencia tecnol\u00f3gica y reducci\u00f3n de costos en licencias propietarias.<\/p><\/li><\/ul><h2>Conclusi\u00f3n<\/h2><p>LibreOffice es una suite ofim\u00e1tica completa, potente y libre que ofrece una alternativa viable a los programas propietarios. Con herramientas avanzadas, compatibilidad con m\u00faltiples formatos y una comunidad activa, es una opci\u00f3n ideal para quienes buscan productividad sin costos adicionales. Ya sea para uso personal, profesional o acad\u00e9mico, LibreOffice se posiciona como una soluci\u00f3n confiable en el mundo de la ofim\u00e1tica.<\/p>\t\t\t\t\t\t\t\t<\/div>\n\t\t\t\t<\/div>\n\t\t\t\t\t<\/div>\n\t\t\t\t<\/div>\n\t\t<div class=\"elementor-element elementor-element-748c338 e-flex e-con-boxed e-con e-parent\" data-id=\"748c338\" data-element_type=\"container\" data-e-type=\"container\">\n\t\t\t\t\t<div class=\"e-con-inner\">\n\t\t<div class=\"elementor-element elementor-element-d6f8cf3 e-con-full e-flex e-con e-child\" data-id=\"d6f8cf3\" data-element_type=\"container\" data-e-type=\"container\">\n\t\t\t\t<\/div>\n\t\t<div class=\"elementor-element elementor-element-e0142a8 e-con-full e-flex e-con e-child\" data-id=\"e0142a8\" data-element_type=\"container\" data-e-type=\"container\">\n\t\t\t\t<div class=\"elementor-element elementor-element-5d5aec2 elementor-widget elementor-widget-video\" data-id=\"5d5aec2\" data-element_type=\"widget\" data-e-type=\"widget\" data-settings=\"{&quot;youtube_url&quot;:&quot;https:\\\/\\\/youtu.be\\\/Lry3c3xZMAc&quot;,&quot;video_type&quot;:&quot;youtube&quot;,&quot;controls&quot;:&quot;yes&quot;}\" data-widget_type=\"video.default\">\n\t\t\t\t<div class=\"elementor-widget-container\">\n\t\t\t\t\t\t\t<div class=\"elementor-wrapper elementor-open-inline\">\n\t\t\t<div class=\"elementor-video\"><\/div>\t\t<\/div>\n\t\t\t\t\t\t<\/div>\n\t\t\t\t<\/div>\n\t\t\t\t<\/div>\n\t\t<div class=\"elementor-element elementor-element-9491c14 e-con-full e-flex e-con e-child\" data-id=\"9491c14\" data-element_type=\"container\" data-e-type=\"container\">\n\t\t\t\t<\/div>\n\t\t\t\t\t<\/div>\n\t\t\t\t<\/div>\n\t\t\t\t<\/div>","protected":false},"excerpt":{"rendered":"<p>Facebook Youtube LibreOffice: Una Suite Ofim\u00e1tica Libre y Poderosa En la actualidad, las herramientas ofim\u00e1ticas son esenciales para la productividad [&hellip;]<\/p>\n","protected":false},"author":1,"featured_media":0,"parent":0,"menu_order":0,"comment_status":"open","ping_status":"closed","template":"","meta":{"site-sidebar-layout":"no-sidebar","site-content-layout":"","ast-site-content-layout":"full-width-container","site-content-style":"default","site-sidebar-style":"default","ast-global-header-display":"","ast-banner-title-visibility":"","ast-main-header-display":"","ast-hfb-above-header-display":"","ast-hfb-below-header-display":"","ast-hfb-mobile-header-display":"","site-post-title":"disabled","ast-breadcrumbs-content":"","ast-featured-img":"disabled","footer-sml-layout":"","ast-disable-related-posts":"","theme-transparent-header-meta":"","adv-header-id-meta":"","stick-header-meta":"","header-above-stick-meta":"","header-main-stick-meta":"","header-below-stick-meta":"","astra-migrate-meta-layouts":"default","ast-page-background-enabled":"default","ast-page-background-meta":{"desktop":{"background-color":"var(--ast-global-color-4)","background-image":"","background-repeat":"repeat","background-position":"center center","background-size":"auto","background-attachment":"scroll","background-type":"","background-media":"","overlay-type":"","overlay-color":"","overlay-opacity":"","overlay-gradient":""},"tablet":{"background-color":"","background-image":"","background-repeat":"repeat","background-position":"center center","background-size":"auto","background-attachment":"scroll","background-type":"","background-media":"","overlay-type":"","overlay-color":"","overlay-opacity":"","overlay-gradient":""},"mobile":{"background-color":"","background-image":"","background-repeat":"repeat","background-position":"center center","background-size":"auto","background-attachment":"scroll","background-type":"","background-media":"","overlay-type":"","overlay-color":"","overlay-opacity":"","overlay-gradient":""}},"ast-content-background-meta":{"desktop":{"background-color":"var(--ast-global-color-5)","background-image":"","background-repeat":"repeat","background-position":"center center","background-size":"auto","background-attachment":"scroll","background-type":"","background-media":"","overlay-type":"","overlay-color":"","overlay-opacity":"","overlay-gradient":""},"tablet":{"background-color":"var(--ast-global-color-5)","background-image":"","background-repeat":"repeat","background-position":"center center","background-size":"auto","background-attachment":"scroll","background-type":"","background-media":"","overlay-type":"","overlay-color":"","overlay-opacity":"","overlay-gradient":""},"mobile":{"background-color":"var(--ast-global-color-5)","background-image":"","background-repeat":"repeat","background-position":"center center","background-size":"auto","background-attachment":"scroll","background-type":"","background-media":"","overlay-type":"","overlay-color":"","overlay-opacity":"","overlay-gradient":""}},"footnotes":""},"class_list":["post-1037","page","type-page","status-publish","hentry"],"_hostinger_reach_plugin_has_subscription_block":false,"_hostinger_reach_plugin_is_elementor":false,"_links":{"self":[{"href":"https:\/\/emprendamosjuntoscancun.com.mx\/en\/wp-json\/wp\/v2\/pages\/1037","targetHints":{"allow":["GET"]}}],"collection":[{"href":"https:\/\/emprendamosjuntoscancun.com.mx\/en\/wp-json\/wp\/v2\/pages"}],"about":[{"href":"https:\/\/emprendamosjuntoscancun.com.mx\/en\/wp-json\/wp\/v2\/types\/page"}],"author":[{"embeddable":true,"href":"https:\/\/emprendamosjuntoscancun.com.mx\/en\/wp-json\/wp\/v2\/users\/1"}],"replies":[{"embeddable":true,"href":"https:\/\/emprendamosjuntoscancun.com.mx\/en\/wp-json\/wp\/v2\/comments?post=1037"}],"version-history":[{"count":17,"href":"https:\/\/emprendamosjuntoscancun.com.mx\/en\/wp-json\/wp\/v2\/pages\/1037\/revisions"}],"predecessor-version":[{"id":1273,"href":"https:\/\/emprendamosjuntoscancun.com.mx\/en\/wp-json\/wp\/v2\/pages\/1037\/revisions\/1273"}],"wp:attachment":[{"href":"https:\/\/emprendamosjuntoscancun.com.mx\/en\/wp-json\/wp\/v2\/media?parent=1037"}],"curies":[{"name":"wp","href":"https:\/\/api.w.org\/{rel}","templated":true}]}}