{"id":678,"date":"2024-03-22T21:38:26","date_gmt":"2024-03-22T21:38:26","guid":{"rendered":"http:\/\/emprendamosjuntoscancun.com.mx\/?page_id=678"},"modified":"2026-03-25T22:02:39","modified_gmt":"2026-03-25T22:02:39","slug":"7-zip","status":"publish","type":"page","link":"https:\/\/emprendamosjuntoscancun.com.mx\/en\/7-zip\/","title":{"rendered":"7-ZIP"},"content":{"rendered":"<div data-elementor-type=\"wp-page\" data-elementor-id=\"678\" class=\"elementor elementor-678\" data-elementor-post-type=\"page\">\n\t\t\t\t<div class=\"elementor-element elementor-element-36f07ec e-con-full e-flex e-con e-parent\" data-id=\"36f07ec\" data-element_type=\"container\" data-e-type=\"container\" data-settings=\"{&quot;background_background&quot;:&quot;classic&quot;}\">\n\t\t<div class=\"elementor-element elementor-element-c8f3cc5 e-con-full e-flex e-con e-child\" data-id=\"c8f3cc5\" data-element_type=\"container\" data-e-type=\"container\">\n\t\t\t\t<div class=\"elementor-element elementor-element-a12c60b elementor-widget elementor-widget-theme-site-logo elementor-widget-image\" data-id=\"a12c60b\" data-element_type=\"widget\" data-e-type=\"widget\" data-widget_type=\"theme-site-logo.default\">\n\t\t\t\t<div class=\"elementor-widget-container\">\n\t\t\t\t\t\t\t\t\t\t\t<a href=\"https:\/\/emprendamosjuntoscancun.com.mx\/en\">\n\t\t\t<img fetchpriority=\"high\" decoding=\"async\" width=\"1024\" height=\"1024\" src=\"https:\/\/emprendamosjuntoscancun.com.mx\/wp-content\/uploads\/2024\/03\/SGN_03_12_2024_1710276382839.png\" class=\"attachment-large size-large wp-image-20\" alt=\"\" srcset=\"https:\/\/emprendamosjuntoscancun.com.mx\/wp-content\/uploads\/2024\/03\/SGN_03_12_2024_1710276382839-1024x1024.png 1024w, https:\/\/emprendamosjuntoscancun.com.mx\/wp-content\/uploads\/2024\/03\/SGN_03_12_2024_1710276382839-300x300.png 300w, https:\/\/emprendamosjuntoscancun.com.mx\/wp-content\/uploads\/2024\/03\/SGN_03_12_2024_1710276382839-150x150.png 150w, https:\/\/emprendamosjuntoscancun.com.mx\/wp-content\/uploads\/2024\/03\/SGN_03_12_2024_1710276382839-768x768.png 768w, https:\/\/emprendamosjuntoscancun.com.mx\/wp-content\/uploads\/2024\/03\/SGN_03_12_2024_1710276382839-1536x1536.png 1536w, https:\/\/emprendamosjuntoscancun.com.mx\/wp-content\/uploads\/2024\/03\/SGN_03_12_2024_1710276382839-12x12.png 12w, https:\/\/emprendamosjuntoscancun.com.mx\/wp-content\/uploads\/2024\/03\/SGN_03_12_2024_1710276382839.png 1920w\" sizes=\"(max-width: 1024px) 100vw, 1024px\" \/>\t\t\t\t<\/a>\n\t\t\t\t\t\t\t\t\t\t\t<\/div>\n\t\t\t\t<\/div>\n\t\t\t\t<\/div>\n\t\t<div class=\"elementor-element elementor-element-f9c3212 e-con-full e-flex e-con e-child\" data-id=\"f9c3212\" data-element_type=\"container\" data-e-type=\"container\">\n\t\t\t\t<div class=\"elementor-element elementor-element-5f05280 elementor-nav-menu__align-center elementor-widget-mobile__width-initial elementor-nav-menu--dropdown-none e-transform e-transform elementor-widget elementor-widget-nav-menu\" data-id=\"5f05280\" data-element_type=\"widget\" data-e-type=\"widget\" data-settings=\"{&quot;submenu_icon&quot;:{&quot;value&quot;:&quot;&lt;i aria-hidden=\\&quot;true\\&quot; class=\\&quot;\\&quot;&gt;&lt;\\\/i&gt;&quot;,&quot;library&quot;:&quot;&quot;},&quot;layout&quot;:&quot;horizontal&quot;,&quot;_transform_rotateZ_effect&quot;:{&quot;unit&quot;:&quot;px&quot;,&quot;size&quot;:&quot;&quot;,&quot;sizes&quot;:[]},&quot;_transform_rotateZ_effect_tablet&quot;:{&quot;unit&quot;:&quot;deg&quot;,&quot;size&quot;:&quot;&quot;,&quot;sizes&quot;:[]},&quot;_transform_rotateZ_effect_mobile&quot;:{&quot;unit&quot;:&quot;deg&quot;,&quot;size&quot;:&quot;&quot;,&quot;sizes&quot;:[]},&quot;_transform_translateX_effect&quot;:{&quot;unit&quot;:&quot;px&quot;,&quot;size&quot;:&quot;&quot;,&quot;sizes&quot;:[]},&quot;_transform_translateX_effect_tablet&quot;:{&quot;unit&quot;:&quot;px&quot;,&quot;size&quot;:&quot;&quot;,&quot;sizes&quot;:[]},&quot;_transform_translateX_effect_mobile&quot;:{&quot;unit&quot;:&quot;px&quot;,&quot;size&quot;:&quot;&quot;,&quot;sizes&quot;:[]},&quot;_transform_translateY_effect&quot;:{&quot;unit&quot;:&quot;px&quot;,&quot;size&quot;:&quot;&quot;,&quot;sizes&quot;:[]},&quot;_transform_translateY_effect_tablet&quot;:{&quot;unit&quot;:&quot;px&quot;,&quot;size&quot;:&quot;&quot;,&quot;sizes&quot;:[]},&quot;_transform_translateY_effect_mobile&quot;:{&quot;unit&quot;:&quot;px&quot;,&quot;size&quot;:&quot;&quot;,&quot;sizes&quot;:[]}}\" data-widget_type=\"nav-menu.default\">\n\t\t\t\t<div class=\"elementor-widget-container\">\n\t\t\t\t\t\t\t\t<nav aria-label=\"Menu\" class=\"elementor-nav-menu--main elementor-nav-menu__container elementor-nav-menu--layout-horizontal e--pointer-none\">\n\t\t\t\t<ul id=\"menu-1-5f05280\" class=\"elementor-nav-menu\"><li class=\"menu-item menu-item-type-custom menu-item-object-custom menu-item-has-children menu-item-316\"><a aria-expanded=\"false\" href=\"http:\/\/emprendamosjuntoscancun.com.mx\/en\/\" class=\"elementor-item menu-link\">HOME<span role=\"button\" class=\"dropdown-menu-toggle ast-header-navigation-arrow\" tabindex=\"0\" aria-expanded=\"false\" aria-label=\"Menu Toggle\" aria-haspopup=\"true\"><\/span><\/a>\n<ul class=\"sub-menu elementor-nav-menu--dropdown\">\n\t<li class=\"menu-item menu-item-type-post_type menu-item-object-page menu-item-1741\"><a href=\"https:\/\/emprendamosjuntoscancun.com.mx\/en\/contenidos-y-redes-sociales\/\" class=\"elementor-sub-item menu-link\">CONTENIDOS Y REDES SOCIALES<\/a><\/li>\n\t<li class=\"menu-item menu-item-type-post_type menu-item-object-page menu-item-1748\"><a href=\"https:\/\/emprendamosjuntoscancun.com.mx\/en\/creacion-de-contenido-en-juegos-roblox-minecraft-delta-force-y-mas\/\" class=\"elementor-sub-item menu-link\">CUAL ES TU JUEGO FAVORITO<\/a><\/li>\n<\/ul>\n<\/li>\n<li class=\"menu-item menu-item-type-custom menu-item-object-custom menu-item-317\"><a href=\"http:\/\/emprendamosjuntoscancun.com.mx\/en\/programas\/\" class=\"elementor-item menu-link\">PROGRAMS<\/a><\/li>\n<li class=\"menu-item menu-item-type-post_type menu-item-object-page menu-item-1642\"><a href=\"https:\/\/emprendamosjuntoscancun.com.mx\/en\/minecraft\/\" class=\"elementor-item menu-link\">MINECRAFT<\/a><\/li>\n<\/ul>\t\t\t<\/nav>\n\t\t\t\t\t\t<nav class=\"elementor-nav-menu--dropdown elementor-nav-menu__container\" aria-hidden=\"true\">\n\t\t\t\t<ul id=\"menu-2-5f05280\" class=\"elementor-nav-menu\"><li class=\"menu-item menu-item-type-custom menu-item-object-custom menu-item-has-children menu-item-316\"><a aria-expanded=\"false\" href=\"http:\/\/emprendamosjuntoscancun.com.mx\/en\/\" class=\"elementor-item menu-link\" tabindex=\"-1\">HOME<span role=\"button\" class=\"dropdown-menu-toggle ast-header-navigation-arrow\" tabindex=\"0\" aria-expanded=\"false\" aria-label=\"Menu Toggle\" aria-haspopup=\"true\"><\/span><\/a>\n<ul class=\"sub-menu elementor-nav-menu--dropdown\">\n\t<li class=\"menu-item menu-item-type-post_type menu-item-object-page menu-item-1741\"><a href=\"https:\/\/emprendamosjuntoscancun.com.mx\/en\/contenidos-y-redes-sociales\/\" class=\"elementor-sub-item menu-link\" tabindex=\"-1\">CONTENIDOS Y REDES SOCIALES<\/a><\/li>\n\t<li class=\"menu-item menu-item-type-post_type menu-item-object-page menu-item-1748\"><a href=\"https:\/\/emprendamosjuntoscancun.com.mx\/en\/creacion-de-contenido-en-juegos-roblox-minecraft-delta-force-y-mas\/\" class=\"elementor-sub-item menu-link\" tabindex=\"-1\">CUAL ES TU JUEGO FAVORITO<\/a><\/li>\n<\/ul>\n<\/li>\n<li class=\"menu-item menu-item-type-custom menu-item-object-custom menu-item-317\"><a href=\"http:\/\/emprendamosjuntoscancun.com.mx\/en\/programas\/\" class=\"elementor-item menu-link\" tabindex=\"-1\">PROGRAMS<\/a><\/li>\n<li class=\"menu-item menu-item-type-post_type menu-item-object-page menu-item-1642\"><a href=\"https:\/\/emprendamosjuntoscancun.com.mx\/en\/minecraft\/\" class=\"elementor-item menu-link\" tabindex=\"-1\">MINECRAFT<\/a><\/li>\n<\/ul>\t\t\t<\/nav>\n\t\t\t\t\t\t<\/div>\n\t\t\t\t<\/div>\n\t\t\t\t<\/div>\n\t\t<div class=\"elementor-element elementor-element-0059d54 e-con-full e-flex e-con e-child\" data-id=\"0059d54\" data-element_type=\"container\" data-e-type=\"container\">\n\t\t\t\t<div class=\"elementor-element elementor-element-887299a elementor-shape-circle elementor-grid-4 e-grid-align-center elementor-widget elementor-widget-social-icons\" data-id=\"887299a\" data-element_type=\"widget\" data-e-type=\"widget\" data-widget_type=\"social-icons.default\">\n\t\t\t\t<div class=\"elementor-widget-container\">\n\t\t\t\t\t\t\t<div class=\"elementor-social-icons-wrapper elementor-grid\" role=\"list\">\n\t\t\t\t\t\t\t<span class=\"elementor-grid-item\" role=\"listitem\">\n\t\t\t\t\t<a class=\"elementor-icon elementor-social-icon elementor-social-icon-facebook elementor-repeater-item-2b73b80\" href=\"http:\/\/facebook.com\/tiktoksistemasmx\" target=\"_blank\" rel=\"noopener\">\n\t\t\t\t\t\t<span class=\"elementor-screen-only\">Facebook<\/span>\n\t\t\t\t\t\t<svg aria-hidden=\"true\" class=\"e-font-icon-svg e-fab-facebook\" viewbox=\"0 0 512 512\" xmlns=\"http:\/\/www.w3.org\/2000\/svg\"><path d=\"M504 256C504 119 393 8 256 8S8 119 8 256c0 123.78 90.69 226.38 209.25 245V327.69h-63V256h63v-54.64c0-62.15 37-96.48 93.67-96.48 27.14 0 55.52 4.84 55.52 4.84v61h-31.28c-30.8 0-40.41 19.12-40.41 38.73V256h68.78l-11 71.69h-57.78V501C413.31 482.38 504 379.78 504 256z\"><\/path><\/svg>\t\t\t\t\t<\/a>\n\t\t\t\t<\/span>\n\t\t\t\t\t\t\t<span class=\"elementor-grid-item\" role=\"listitem\">\n\t\t\t\t\t<a class=\"elementor-icon elementor-social-icon elementor-social-icon-youtube elementor-repeater-item-a6338c5\" href=\"https:\/\/www.youtube.com\/c\/SISTEMASSOPORTECOMUNIDAD\" target=\"_blank\" rel=\"noopener\">\n\t\t\t\t\t\t<span class=\"elementor-screen-only\">Youtube<\/span>\n\t\t\t\t\t\t<svg aria-hidden=\"true\" class=\"e-font-icon-svg e-fab-youtube\" viewbox=\"0 0 576 512\" xmlns=\"http:\/\/www.w3.org\/2000\/svg\"><path d=\"M549.655 124.083c-6.281-23.65-24.787-42.276-48.284-48.597C458.781 64 288 64 288 64S117.22 64 74.629 75.486c-23.497 6.322-42.003 24.947-48.284 48.597-11.412 42.867-11.412 132.305-11.412 132.305s0 89.438 11.412 132.305c6.281 23.65 24.787 41.5 48.284 47.821C117.22 448 288 448 288 448s170.78 0 213.371-11.486c23.497-6.321 42.003-24.171 48.284-47.821 11.412-42.867 11.412-132.305 11.412-132.305s0-89.438-11.412-132.305zm-317.51 213.508V175.185l142.739 81.205-142.739 81.201z\"><\/path><\/svg>\t\t\t\t\t<\/a>\n\t\t\t\t<\/span>\n\t\t\t\t\t\t\t<span class=\"elementor-grid-item\" role=\"listitem\">\n\t\t\t\t\t<a class=\"elementor-icon elementor-social-icon elementor-social-icon-tiktok elementor-repeater-item-7e29ffd\" href=\"https:\/\/www.tiktok.com\/@sistemasmx?is_from_webapp=1&#038;sender_device=pc\" target=\"_blank\" rel=\"noopener\">\n\t\t\t\t\t\t<span class=\"elementor-screen-only\">Tiktok<\/span>\n\t\t\t\t\t\t<svg aria-hidden=\"true\" class=\"e-font-icon-svg e-fab-tiktok\" viewbox=\"0 0 448 512\" xmlns=\"http:\/\/www.w3.org\/2000\/svg\"><path d=\"M448,209.91a210.06,210.06,0,0,1-122.77-39.25V349.38A162.55,162.55,0,1,1,185,188.31V278.2a74.62,74.62,0,1,0,52.23,71.18V0l88,0a121.18,121.18,0,0,0,1.86,22.17h0A122.18,122.18,0,0,0,381,102.39a121.43,121.43,0,0,0,67,20.14Z\"><\/path><\/svg>\t\t\t\t\t<\/a>\n\t\t\t\t<\/span>\n\t\t\t\t\t<\/div>\n\t\t\t\t\t\t<\/div>\n\t\t\t\t<\/div>\n\t\t\t\t<\/div>\n\t\t\t\t<\/div>\n\t\t<div class=\"elementor-element elementor-element-f468d2b e-flex e-con-boxed e-con e-parent\" data-id=\"f468d2b\" data-element_type=\"container\" data-e-type=\"container\">\n\t\t\t\t\t<div class=\"e-con-inner\">\n\t\t<div class=\"elementor-element elementor-element-fad07ab e-flex e-con-boxed e-con e-child\" data-id=\"fad07ab\" data-element_type=\"container\" data-e-type=\"container\">\n\t\t\t\t\t<div class=\"e-con-inner\">\n\t\t\t\t<div class=\"elementor-element elementor-element-b76f556 elementor-widget elementor-widget-image\" data-id=\"b76f556\" data-element_type=\"widget\" data-e-type=\"widget\" data-widget_type=\"image.default\">\n\t\t\t\t<div class=\"elementor-widget-container\">\n\t\t\t\t\t\t\t\t\t\t\t\t\t\t\t<img decoding=\"async\" width=\"1024\" height=\"535\" src=\"https:\/\/emprendamosjuntoscancun.com.mx\/wp-content\/uploads\/2024\/03\/7z-1200-1024x535.webp\" class=\"attachment-large size-large wp-image-652\" alt=\"\" srcset=\"https:\/\/emprendamosjuntoscancun.com.mx\/wp-content\/uploads\/2024\/03\/7z-1200-1024x535.webp 1024w, https:\/\/emprendamosjuntoscancun.com.mx\/wp-content\/uploads\/2024\/03\/7z-1200-300x157.webp 300w, https:\/\/emprendamosjuntoscancun.com.mx\/wp-content\/uploads\/2024\/03\/7z-1200-768x401.webp 768w, https:\/\/emprendamosjuntoscancun.com.mx\/wp-content\/uploads\/2024\/03\/7z-1200-18x9.webp 18w, https:\/\/emprendamosjuntoscancun.com.mx\/wp-content\/uploads\/2024\/03\/7z-1200.webp 1200w\" sizes=\"(max-width: 1024px) 100vw, 1024px\" \/>\t\t\t\t\t\t\t\t\t\t\t\t\t\t\t<\/div>\n\t\t\t\t<\/div>\n\t\t\t\t\t<\/div>\n\t\t\t\t<\/div>\n\t\t\t\t\t<\/div>\n\t\t\t\t<\/div>\n\t\t<div class=\"elementor-element elementor-element-5c8435a e-flex e-con-boxed e-con e-parent\" data-id=\"5c8435a\" data-element_type=\"container\" data-e-type=\"container\">\n\t\t\t\t\t<div class=\"e-con-inner\">\n\t\t\t\t<div class=\"elementor-element elementor-element-c1efaa7 elementor-widget elementor-widget-text-editor\" data-id=\"c1efaa7\" data-element_type=\"widget\" data-e-type=\"widget\" data-widget_type=\"text-editor.default\">\n\t\t\t\t<div class=\"elementor-widget-container\">\n\t\t\t\t\t\t\t\t\t<p><strong>Descubre 7-Zip: La Herramienta de Compresi\u00f3n y Descompresi\u00f3n de Archivos que Debes Conocer<\/strong><\/p><p>En el mundo digital actual, la gesti\u00f3n eficiente de archivos es esencial tanto para usuarios individuales como para profesionales de la inform\u00e1tica. La capacidad de comprimir y descomprimir archivos no solo ahorra espacio de almacenamiento, sino que tambi\u00e9n facilita la transferencia de datos. Entre las numerosas herramientas disponibles para esta tarea, 7-Zip destaca como una opci\u00f3n potente, gratuita y de c\u00f3digo abierto que ofrece una amplia gama de funciones. En este art\u00edculo, exploraremos qu\u00e9 es 7-Zip, por qu\u00e9 deber\u00edas considerarlo y c\u00f3mo puedes empezar a utilizarlo para mejorar tu flujo de trabajo de gesti\u00f3n de archivos.<\/p><p><strong>\u00bfQu\u00e9 es 7-Zip?<\/strong><\/p><p>7-Zip es un software de c\u00f3digo abierto para compresi\u00f3n y descompresi\u00f3n de archivos desarrollado por Igor Pavlov. Compatible con una amplia variedad de formatos de archivo, incluyendo 7z, ZIP, RAR, TAR y m\u00e1s, 7-Zip es una herramienta vers\u00e1til que permite a los usuarios comprimir archivos para ahorrar espacio de almacenamiento y descomprimir archivos para acceder a su contenido.<\/p><p><strong>Ventajas de 7-Zip:<\/strong><\/p><ol><li><p><strong>Gratuito y de C\u00f3digo Abierto:<\/strong> Una de las mayores ventajas de 7-Zip es que es completamente gratuito y de c\u00f3digo abierto. Esto significa que cualquier persona puede descargar, utilizar y modificar el software seg\u00fan sus necesidades, sin tener que pagar ninguna tarifa de licencia.<\/p><\/li><li><p><strong>Alta Tasa de Compresi\u00f3n:<\/strong> 7-Zip utiliza el algoritmo de compresi\u00f3n LZMA, que ofrece una de las tasas de compresi\u00f3n m\u00e1s altas disponibles en el mercado. Esto permite comprimir archivos en un tama\u00f1o m\u00e1s peque\u00f1o sin comprometer la calidad de los datos.<\/p><\/li><li><p><strong>Soporte para M\u00faltiples Formatos:<\/strong> 7-Zip es compatible con una amplia variedad de formatos de archivo, incluyendo su propio formato 7z, as\u00ed como ZIP, RAR, TAR, GZIP y m\u00e1s. Esto hace que sea f\u00e1cil trabajar con archivos comprimidos de diferentes tipos sin necesidad de utilizar m\u00faltiples herramientas.<\/p><\/li><li><p><strong>Interfaz Simple y F\u00e1cil de Usar:<\/strong> A pesar de ser una herramienta potente, 7-Zip cuenta con una interfaz de usuario simple e intuitiva que hace que sea f\u00e1cil de usar para usuarios de todos los niveles de experiencia.<\/p><\/li><li><p><strong>Integraci\u00f3n con el Explorador de Windows:<\/strong> 7-Zip se integra perfectamente con el Explorador de Windows, lo que permite acceder a sus funciones directamente desde el men\u00fa contextual. Esto hace que sea r\u00e1pido y conveniente comprimir y descomprimir archivos sin tener que abrir la aplicaci\u00f3n por separado.<\/p><\/li><\/ol><p><strong>C\u00f3mo Empezar con 7-Zip:<\/strong><\/p><ol><li><p><strong>Descarga e Instalaci\u00f3n:<\/strong> Visita el sitio web oficial de 7-Zip y descarga la \u00faltima versi\u00f3n del software. Una vez descargado, ejecuta el archivo de instalaci\u00f3n y sigue las instrucciones en pantalla para instalar 7-Zip en tu ordenador.<\/p><\/li><li><p><strong>Compresi\u00f3n de Archivos:<\/strong> Para comprimir archivos, selecciona los archivos que deseas comprimir, haz clic derecho sobre ellos y selecciona &#8220;7-Zip&#8221; en el men\u00fa contextual. Luego elige &#8220;Agregar a archivo&#8221; y selecciona el formato de compresi\u00f3n deseado y otras opciones seg\u00fan tus preferencias.<\/p><\/li><li><p><strong>Descompresi\u00f3n de Archivos:<\/strong> Para descomprimir archivos, haz clic derecho sobre el archivo comprimido, selecciona &#8220;7-Zip&#8221; en el men\u00fa contextual y elige la opci\u00f3n de descompresi\u00f3n adecuada. Los archivos descomprimidos se guardar\u00e1n en la misma ubicaci\u00f3n que el archivo original.<\/p><\/li><\/ol><p><strong>Conclusi\u00f3n:<\/strong><\/p><p>En resumen, 7-Zip es una herramienta imprescindible para cualquier persona que necesite comprimir y descomprimir archivos de forma r\u00e1pida y eficiente. Con su alta tasa de compresi\u00f3n, soporte para m\u00faltiples formatos y interfaz f\u00e1cil de usar, 7-Zip simplifica la gesti\u00f3n de archivos y ayuda a ahorrar tiempo y espacio de almacenamiento. Si a\u00fan no has probado 7-Zip, \u00a1desc\u00e1rgalo hoy mismo y descubre todas las ventajas que ofrece esta poderosa herramienta de compresi\u00f3n y descompresi\u00f3n de archivos!<\/p>\t\t\t\t\t\t\t\t<\/div>\n\t\t\t\t<\/div>\n\t\t\t\t\t<\/div>\n\t\t\t\t<\/div>\n\t\t<div class=\"elementor-element elementor-element-54338e5 e-flex e-con-boxed e-con e-parent\" data-id=\"54338e5\" data-element_type=\"container\" data-e-type=\"container\">\n\t\t\t\t\t<div class=\"e-con-inner\">\n\t\t<div class=\"elementor-element elementor-element-15ce23a e-flex e-con-boxed e-con e-child\" data-id=\"15ce23a\" data-element_type=\"container\" data-e-type=\"container\">\n\t\t\t\t\t<div class=\"e-con-inner\">\n\t\t\t\t<div class=\"elementor-element elementor-element-4beb053 elementor-widget elementor-widget-image\" data-id=\"4beb053\" data-element_type=\"widget\" data-e-type=\"widget\" data-widget_type=\"image.default\">\n\t\t\t\t<div class=\"elementor-widget-container\">\n\t\t\t\t\t\t\t\t\t\t\t\t<figure class=\"wp-caption\">\n\t\t\t\t\t\t\t\t\t\t\t<a href=\"https:\/\/www.7-zip.org\/\" target=\"_blank\" rel=\"noopener\">\n\t\t\t\t\t\t\t<img decoding=\"async\" width=\"300\" height=\"150\" src=\"https:\/\/emprendamosjuntoscancun.com.mx\/wp-content\/uploads\/2024\/03\/download-7641614_1280-300x150.webp\" class=\"attachment-medium size-medium wp-image-465\" alt=\"\" srcset=\"https:\/\/emprendamosjuntoscancun.com.mx\/wp-content\/uploads\/2024\/03\/download-7641614_1280-300x150.webp 300w, https:\/\/emprendamosjuntoscancun.com.mx\/wp-content\/uploads\/2024\/03\/download-7641614_1280-1024x512.webp 1024w, https:\/\/emprendamosjuntoscancun.com.mx\/wp-content\/uploads\/2024\/03\/download-7641614_1280-768x384.webp 768w, https:\/\/emprendamosjuntoscancun.com.mx\/wp-content\/uploads\/2024\/03\/download-7641614_1280-18x9.webp 18w, https:\/\/emprendamosjuntoscancun.com.mx\/wp-content\/uploads\/2024\/03\/download-7641614_1280.webp 1280w\" sizes=\"(max-width: 300px) 100vw, 300px\" \/>\t\t\t\t\t\t\t\t<\/a>\n\t\t\t\t\t\t\t\t\t\t\t<figcaption class=\"widget-image-caption wp-caption-text\">PAGINA OFICIAL<\/figcaption>\n\t\t\t\t\t\t\t\t\t\t<\/figure>\n\t\t\t\t\t\t\t\t\t<\/div>\n\t\t\t\t<\/div>\n\t\t\t\t\t<\/div>\n\t\t\t\t<\/div>\n\t\t\t\t\t<\/div>\n\t\t\t\t<\/div>\n\t\t\t\t<\/div>","protected":false},"excerpt":{"rendered":"<p>Facebook Youtube Tiktok Descubre 7-Zip: La Herramienta de Compresi\u00f3n y Descompresi\u00f3n de Archivos que Debes Conocer En el mundo digital [&hellip;]<\/p>\n","protected":false},"author":1,"featured_media":0,"parent":0,"menu_order":0,"comment_status":"open","ping_status":"closed","template":"","meta":{"site-sidebar-layout":"no-sidebar","site-content-layout":"","ast-site-content-layout":"full-width-container","site-content-style":"default","site-sidebar-style":"default","ast-global-header-display":"","ast-banner-title-visibility":"","ast-main-header-display":"","ast-hfb-above-header-display":"","ast-hfb-below-header-display":"","ast-hfb-mobile-header-display":"","site-post-title":"disabled","ast-breadcrumbs-content":"","ast-featured-img":"disabled","footer-sml-layout":"","ast-disable-related-posts":"","theme-transparent-header-meta":"","adv-header-id-meta":"","stick-header-meta":"","header-above-stick-meta":"","header-main-stick-meta":"","header-below-stick-meta":"","astra-migrate-meta-layouts":"default","ast-page-background-enabled":"default","ast-page-background-meta":{"desktop":{"background-color":"var(--ast-global-color-4)","background-image":"","background-repeat":"repeat","background-position":"center center","background-size":"auto","background-attachment":"scroll","background-type":"","background-media":"","overlay-type":"","overlay-color":"","overlay-opacity":"","overlay-gradient":""},"tablet":{"background-color":"","background-image":"","background-repeat":"repeat","background-position":"center center","background-size":"auto","background-attachment":"scroll","background-type":"","background-media":"","overlay-type":"","overlay-color":"","overlay-opacity":"","overlay-gradient":""},"mobile":{"background-color":"","background-image":"","background-repeat":"repeat","background-position":"center center","background-size":"auto","background-attachment":"scroll","background-type":"","background-media":"","overlay-type":"","overlay-color":"","overlay-opacity":"","overlay-gradient":""}},"ast-content-background-meta":{"desktop":{"background-color":"var(--ast-global-color-5)","background-image":"","background-repeat":"repeat","background-position":"center center","background-size":"auto","background-attachment":"scroll","background-type":"","background-media":"","overlay-type":"","overlay-color":"","overlay-opacity":"","overlay-gradient":""},"tablet":{"background-color":"var(--ast-global-color-5)","background-image":"","background-repeat":"repeat","background-position":"center center","background-size":"auto","background-attachment":"scroll","background-type":"","background-media":"","overlay-type":"","overlay-color":"","overlay-opacity":"","overlay-gradient":""},"mobile":{"background-color":"var(--ast-global-color-5)","background-image":"","background-repeat":"repeat","background-position":"center center","background-size":"auto","background-attachment":"scroll","background-type":"","background-media":"","overlay-type":"","overlay-color":"","overlay-opacity":"","overlay-gradient":""}},"footnotes":""},"class_list":["post-678","page","type-page","status-publish","hentry"],"_hostinger_reach_plugin_has_subscription_block":false,"_hostinger_reach_plugin_is_elementor":false,"_links":{"self":[{"href":"https:\/\/emprendamosjuntoscancun.com.mx\/en\/wp-json\/wp\/v2\/pages\/678","targetHints":{"allow":["GET"]}}],"collection":[{"href":"https:\/\/emprendamosjuntoscancun.com.mx\/en\/wp-json\/wp\/v2\/pages"}],"about":[{"href":"https:\/\/emprendamosjuntoscancun.com.mx\/en\/wp-json\/wp\/v2\/types\/page"}],"author":[{"embeddable":true,"href":"https:\/\/emprendamosjuntoscancun.com.mx\/en\/wp-json\/wp\/v2\/users\/1"}],"replies":[{"embeddable":true,"href":"https:\/\/emprendamosjuntoscancun.com.mx\/en\/wp-json\/wp\/v2\/comments?post=678"}],"version-history":[{"count":11,"href":"https:\/\/emprendamosjuntoscancun.com.mx\/en\/wp-json\/wp\/v2\/pages\/678\/revisions"}],"predecessor-version":[{"id":1515,"href":"https:\/\/emprendamosjuntoscancun.com.mx\/en\/wp-json\/wp\/v2\/pages\/678\/revisions\/1515"}],"wp:attachment":[{"href":"https:\/\/emprendamosjuntoscancun.com.mx\/en\/wp-json\/wp\/v2\/media?parent=678"}],"curies":[{"name":"wp","href":"https:\/\/api.w.org\/{rel}","templated":true}]}}