{"id":724,"date":"2024-05-19T16:59:33","date_gmt":"2024-05-19T16:59:33","guid":{"rendered":"http:\/\/emprendamosjuntoscancun.com.mx\/?page_id=724"},"modified":"2026-03-25T22:08:46","modified_gmt":"2026-03-25T22:08:46","slug":"virtualbox","status":"publish","type":"page","link":"https:\/\/emprendamosjuntoscancun.com.mx\/en\/virtualbox\/","title":{"rendered":"VIRTUALBOX"},"content":{"rendered":"<div data-elementor-type=\"wp-page\" data-elementor-id=\"724\" class=\"elementor elementor-724\" data-elementor-post-type=\"page\">\n\t\t\t\t<div class=\"elementor-element elementor-element-b5c0b90 e-flex e-con-boxed e-con e-parent\" data-id=\"b5c0b90\" data-element_type=\"container\" data-e-type=\"container\" data-settings=\"{&quot;background_background&quot;:&quot;classic&quot;}\">\n\t\t\t\t\t<div class=\"e-con-inner\">\n\t\t<div class=\"elementor-element elementor-element-41b89a6 e-con-full e-flex e-con e-child\" data-id=\"41b89a6\" data-element_type=\"container\" data-e-type=\"container\">\n\t\t\t\t<div class=\"elementor-element elementor-element-fa4c4a1 elementor-widget elementor-widget-theme-site-logo elementor-widget-image\" data-id=\"fa4c4a1\" data-element_type=\"widget\" data-e-type=\"widget\" data-widget_type=\"theme-site-logo.default\">\n\t\t\t\t<div class=\"elementor-widget-container\">\n\t\t\t\t\t\t\t\t\t\t\t<a href=\"https:\/\/emprendamosjuntoscancun.com.mx\/en\">\n\t\t\t<img fetchpriority=\"high\" decoding=\"async\" width=\"1024\" height=\"1024\" src=\"https:\/\/emprendamosjuntoscancun.com.mx\/wp-content\/uploads\/2024\/03\/SGN_03_12_2024_1710276382839.png\" class=\"attachment-large size-large wp-image-20\" alt=\"\" srcset=\"https:\/\/emprendamosjuntoscancun.com.mx\/wp-content\/uploads\/2024\/03\/SGN_03_12_2024_1710276382839-1024x1024.png 1024w, https:\/\/emprendamosjuntoscancun.com.mx\/wp-content\/uploads\/2024\/03\/SGN_03_12_2024_1710276382839-300x300.png 300w, https:\/\/emprendamosjuntoscancun.com.mx\/wp-content\/uploads\/2024\/03\/SGN_03_12_2024_1710276382839-150x150.png 150w, https:\/\/emprendamosjuntoscancun.com.mx\/wp-content\/uploads\/2024\/03\/SGN_03_12_2024_1710276382839-768x768.png 768w, https:\/\/emprendamosjuntoscancun.com.mx\/wp-content\/uploads\/2024\/03\/SGN_03_12_2024_1710276382839-1536x1536.png 1536w, https:\/\/emprendamosjuntoscancun.com.mx\/wp-content\/uploads\/2024\/03\/SGN_03_12_2024_1710276382839-12x12.png 12w, https:\/\/emprendamosjuntoscancun.com.mx\/wp-content\/uploads\/2024\/03\/SGN_03_12_2024_1710276382839.png 1920w\" sizes=\"(max-width: 1024px) 100vw, 1024px\" \/>\t\t\t\t<\/a>\n\t\t\t\t\t\t\t\t\t\t\t<\/div>\n\t\t\t\t<\/div>\n\t\t\t\t<\/div>\n\t\t<div class=\"elementor-element elementor-element-9d15904 e-con-full e-flex e-con e-child\" data-id=\"9d15904\" data-element_type=\"container\" data-e-type=\"container\">\n\t\t\t\t<div class=\"elementor-element elementor-element-9b6163f elementor-nav-menu__align-center elementor-widget-mobile__width-initial elementor-nav-menu--dropdown-none e-transform e-transform elementor-widget elementor-widget-nav-menu\" data-id=\"9b6163f\" data-element_type=\"widget\" data-e-type=\"widget\" data-settings=\"{&quot;submenu_icon&quot;:{&quot;value&quot;:&quot;&lt;i aria-hidden=\\&quot;true\\&quot; class=\\&quot;\\&quot;&gt;&lt;\\\/i&gt;&quot;,&quot;library&quot;:&quot;&quot;},&quot;layout&quot;:&quot;horizontal&quot;,&quot;_transform_rotateZ_effect&quot;:{&quot;unit&quot;:&quot;px&quot;,&quot;size&quot;:&quot;&quot;,&quot;sizes&quot;:[]},&quot;_transform_rotateZ_effect_tablet&quot;:{&quot;unit&quot;:&quot;deg&quot;,&quot;size&quot;:&quot;&quot;,&quot;sizes&quot;:[]},&quot;_transform_rotateZ_effect_mobile&quot;:{&quot;unit&quot;:&quot;deg&quot;,&quot;size&quot;:&quot;&quot;,&quot;sizes&quot;:[]},&quot;_transform_translateX_effect&quot;:{&quot;unit&quot;:&quot;px&quot;,&quot;size&quot;:&quot;&quot;,&quot;sizes&quot;:[]},&quot;_transform_translateX_effect_tablet&quot;:{&quot;unit&quot;:&quot;px&quot;,&quot;size&quot;:&quot;&quot;,&quot;sizes&quot;:[]},&quot;_transform_translateX_effect_mobile&quot;:{&quot;unit&quot;:&quot;px&quot;,&quot;size&quot;:&quot;&quot;,&quot;sizes&quot;:[]},&quot;_transform_translateY_effect&quot;:{&quot;unit&quot;:&quot;px&quot;,&quot;size&quot;:&quot;&quot;,&quot;sizes&quot;:[]},&quot;_transform_translateY_effect_tablet&quot;:{&quot;unit&quot;:&quot;px&quot;,&quot;size&quot;:&quot;&quot;,&quot;sizes&quot;:[]},&quot;_transform_translateY_effect_mobile&quot;:{&quot;unit&quot;:&quot;px&quot;,&quot;size&quot;:&quot;&quot;,&quot;sizes&quot;:[]}}\" data-widget_type=\"nav-menu.default\">\n\t\t\t\t<div class=\"elementor-widget-container\">\n\t\t\t\t\t\t\t\t<nav aria-label=\"Menu\" class=\"elementor-nav-menu--main elementor-nav-menu__container elementor-nav-menu--layout-horizontal e--pointer-none\">\n\t\t\t\t<ul id=\"menu-1-9b6163f\" class=\"elementor-nav-menu\"><li class=\"menu-item menu-item-type-custom menu-item-object-custom menu-item-has-children menu-item-316\"><a aria-expanded=\"false\" href=\"http:\/\/emprendamosjuntoscancun.com.mx\/en\/\" class=\"elementor-item menu-link\">HOME<span role=\"button\" class=\"dropdown-menu-toggle ast-header-navigation-arrow\" tabindex=\"0\" aria-expanded=\"false\" aria-label=\"Menu Toggle\" aria-haspopup=\"true\"><\/span><\/a>\n<ul class=\"sub-menu elementor-nav-menu--dropdown\">\n\t<li class=\"menu-item menu-item-type-post_type menu-item-object-page menu-item-1741\"><a href=\"https:\/\/emprendamosjuntoscancun.com.mx\/en\/contenidos-y-redes-sociales\/\" class=\"elementor-sub-item menu-link\">CONTENIDOS Y REDES SOCIALES<\/a><\/li>\n\t<li class=\"menu-item menu-item-type-post_type menu-item-object-page menu-item-1748\"><a href=\"https:\/\/emprendamosjuntoscancun.com.mx\/en\/creacion-de-contenido-en-juegos-roblox-minecraft-delta-force-y-mas\/\" class=\"elementor-sub-item menu-link\">CUAL ES TU JUEGO FAVORITO<\/a><\/li>\n<\/ul>\n<\/li>\n<li class=\"menu-item menu-item-type-custom menu-item-object-custom menu-item-317\"><a href=\"http:\/\/emprendamosjuntoscancun.com.mx\/en\/programas\/\" class=\"elementor-item menu-link\">PROGRAMS<\/a><\/li>\n<li class=\"menu-item menu-item-type-post_type menu-item-object-page menu-item-1642\"><a href=\"https:\/\/emprendamosjuntoscancun.com.mx\/en\/minecraft\/\" class=\"elementor-item menu-link\">MINECRAFT<\/a><\/li>\n<\/ul>\t\t\t<\/nav>\n\t\t\t\t\t\t<nav class=\"elementor-nav-menu--dropdown elementor-nav-menu__container\" aria-hidden=\"true\">\n\t\t\t\t<ul id=\"menu-2-9b6163f\" class=\"elementor-nav-menu\"><li class=\"menu-item menu-item-type-custom menu-item-object-custom menu-item-has-children menu-item-316\"><a aria-expanded=\"false\" href=\"http:\/\/emprendamosjuntoscancun.com.mx\/en\/\" class=\"elementor-item menu-link\" tabindex=\"-1\">HOME<span role=\"button\" class=\"dropdown-menu-toggle ast-header-navigation-arrow\" tabindex=\"0\" aria-expanded=\"false\" aria-label=\"Menu Toggle\" aria-haspopup=\"true\"><\/span><\/a>\n<ul class=\"sub-menu elementor-nav-menu--dropdown\">\n\t<li class=\"menu-item menu-item-type-post_type menu-item-object-page menu-item-1741\"><a href=\"https:\/\/emprendamosjuntoscancun.com.mx\/en\/contenidos-y-redes-sociales\/\" class=\"elementor-sub-item menu-link\" tabindex=\"-1\">CONTENIDOS Y REDES SOCIALES<\/a><\/li>\n\t<li class=\"menu-item menu-item-type-post_type menu-item-object-page menu-item-1748\"><a href=\"https:\/\/emprendamosjuntoscancun.com.mx\/en\/creacion-de-contenido-en-juegos-roblox-minecraft-delta-force-y-mas\/\" class=\"elementor-sub-item menu-link\" tabindex=\"-1\">CUAL ES TU JUEGO FAVORITO<\/a><\/li>\n<\/ul>\n<\/li>\n<li class=\"menu-item menu-item-type-custom menu-item-object-custom menu-item-317\"><a href=\"http:\/\/emprendamosjuntoscancun.com.mx\/en\/programas\/\" class=\"elementor-item menu-link\" tabindex=\"-1\">PROGRAMS<\/a><\/li>\n<li class=\"menu-item menu-item-type-post_type menu-item-object-page menu-item-1642\"><a href=\"https:\/\/emprendamosjuntoscancun.com.mx\/en\/minecraft\/\" class=\"elementor-item menu-link\" tabindex=\"-1\">MINECRAFT<\/a><\/li>\n<\/ul>\t\t\t<\/nav>\n\t\t\t\t\t\t<\/div>\n\t\t\t\t<\/div>\n\t\t\t\t<\/div>\n\t\t<div class=\"elementor-element elementor-element-a0baa14 e-con-full e-flex e-con e-child\" data-id=\"a0baa14\" data-element_type=\"container\" data-e-type=\"container\">\n\t\t\t\t<div class=\"elementor-element elementor-element-71f20c9 elementor-shape-circle elementor-grid-4 e-grid-align-center elementor-widget elementor-widget-social-icons\" data-id=\"71f20c9\" data-element_type=\"widget\" data-e-type=\"widget\" data-widget_type=\"social-icons.default\">\n\t\t\t\t<div class=\"elementor-widget-container\">\n\t\t\t\t\t\t\t<div class=\"elementor-social-icons-wrapper elementor-grid\" role=\"list\">\n\t\t\t\t\t\t\t<span class=\"elementor-grid-item\" role=\"listitem\">\n\t\t\t\t\t<a class=\"elementor-icon elementor-social-icon elementor-social-icon-facebook elementor-repeater-item-2b73b80\" href=\"http:\/\/facebook.com\/tiktoksistemasmx\" target=\"_blank\" rel=\"noopener\">\n\t\t\t\t\t\t<span class=\"elementor-screen-only\">Facebook<\/span>\n\t\t\t\t\t\t<svg aria-hidden=\"true\" class=\"e-font-icon-svg e-fab-facebook\" viewbox=\"0 0 512 512\" xmlns=\"http:\/\/www.w3.org\/2000\/svg\"><path d=\"M504 256C504 119 393 8 256 8S8 119 8 256c0 123.78 90.69 226.38 209.25 245V327.69h-63V256h63v-54.64c0-62.15 37-96.48 93.67-96.48 27.14 0 55.52 4.84 55.52 4.84v61h-31.28c-30.8 0-40.41 19.12-40.41 38.73V256h68.78l-11 71.69h-57.78V501C413.31 482.38 504 379.78 504 256z\"><\/path><\/svg>\t\t\t\t\t<\/a>\n\t\t\t\t<\/span>\n\t\t\t\t\t\t\t<span class=\"elementor-grid-item\" role=\"listitem\">\n\t\t\t\t\t<a class=\"elementor-icon elementor-social-icon elementor-social-icon-youtube elementor-repeater-item-a6338c5\" href=\"https:\/\/www.youtube.com\/c\/SISTEMASSOPORTECOMUNIDAD\" target=\"_blank\" rel=\"noopener\">\n\t\t\t\t\t\t<span class=\"elementor-screen-only\">Youtube<\/span>\n\t\t\t\t\t\t<svg aria-hidden=\"true\" class=\"e-font-icon-svg e-fab-youtube\" viewbox=\"0 0 576 512\" xmlns=\"http:\/\/www.w3.org\/2000\/svg\"><path d=\"M549.655 124.083c-6.281-23.65-24.787-42.276-48.284-48.597C458.781 64 288 64 288 64S117.22 64 74.629 75.486c-23.497 6.322-42.003 24.947-48.284 48.597-11.412 42.867-11.412 132.305-11.412 132.305s0 89.438 11.412 132.305c6.281 23.65 24.787 41.5 48.284 47.821C117.22 448 288 448 288 448s170.78 0 213.371-11.486c23.497-6.321 42.003-24.171 48.284-47.821 11.412-42.867 11.412-132.305 11.412-132.305s0-89.438-11.412-132.305zm-317.51 213.508V175.185l142.739 81.205-142.739 81.201z\"><\/path><\/svg>\t\t\t\t\t<\/a>\n\t\t\t\t<\/span>\n\t\t\t\t\t\t\t<span class=\"elementor-grid-item\" role=\"listitem\">\n\t\t\t\t\t<a class=\"elementor-icon elementor-social-icon elementor-social-icon-tiktok elementor-repeater-item-7e29ffd\" href=\"https:\/\/www.tiktok.com\/@sistemasmx?is_from_webapp=1&#038;sender_device=pc\" target=\"_blank\" rel=\"noopener\">\n\t\t\t\t\t\t<span class=\"elementor-screen-only\">Tiktok<\/span>\n\t\t\t\t\t\t<svg aria-hidden=\"true\" class=\"e-font-icon-svg e-fab-tiktok\" viewbox=\"0 0 448 512\" xmlns=\"http:\/\/www.w3.org\/2000\/svg\"><path d=\"M448,209.91a210.06,210.06,0,0,1-122.77-39.25V349.38A162.55,162.55,0,1,1,185,188.31V278.2a74.62,74.62,0,1,0,52.23,71.18V0l88,0a121.18,121.18,0,0,0,1.86,22.17h0A122.18,122.18,0,0,0,381,102.39a121.43,121.43,0,0,0,67,20.14Z\"><\/path><\/svg>\t\t\t\t\t<\/a>\n\t\t\t\t<\/span>\n\t\t\t\t\t<\/div>\n\t\t\t\t\t\t<\/div>\n\t\t\t\t<\/div>\n\t\t\t\t<\/div>\n\t\t\t\t\t<\/div>\n\t\t\t\t<\/div>\n\t\t<div class=\"elementor-element elementor-element-0290041 e-flex e-con-boxed e-con e-parent\" data-id=\"0290041\" data-element_type=\"container\" data-e-type=\"container\">\n\t\t\t\t\t<div class=\"e-con-inner\">\n\t\t<div class=\"elementor-element elementor-element-4d26807 e-flex e-con-boxed e-con e-child\" data-id=\"4d26807\" data-element_type=\"container\" data-e-type=\"container\">\n\t\t\t\t\t<div class=\"e-con-inner\">\n\t\t\t\t<div class=\"elementor-element elementor-element-40bf001 elementor-widget elementor-widget-image\" data-id=\"40bf001\" data-element_type=\"widget\" data-e-type=\"widget\" data-widget_type=\"image.default\">\n\t\t\t\t<div class=\"elementor-widget-container\">\n\t\t\t\t\t\t\t\t\t\t\t\t\t\t\t<img decoding=\"async\" width=\"1024\" height=\"614\" src=\"https:\/\/emprendamosjuntoscancun.com.mx\/wp-content\/uploads\/2024\/05\/VirtualBox-7-Final-1024x614.jpg\" class=\"attachment-large size-large wp-image-720\" alt=\"\" srcset=\"https:\/\/emprendamosjuntoscancun.com.mx\/wp-content\/uploads\/2024\/05\/VirtualBox-7-Final-1024x614.jpg 1024w, https:\/\/emprendamosjuntoscancun.com.mx\/wp-content\/uploads\/2024\/05\/VirtualBox-7-Final-300x180.jpg 300w, https:\/\/emprendamosjuntoscancun.com.mx\/wp-content\/uploads\/2024\/05\/VirtualBox-7-Final-768x461.jpg 768w, https:\/\/emprendamosjuntoscancun.com.mx\/wp-content\/uploads\/2024\/05\/VirtualBox-7-Final-18x12.jpg 18w, https:\/\/emprendamosjuntoscancun.com.mx\/wp-content\/uploads\/2024\/05\/VirtualBox-7-Final.jpg 1200w\" sizes=\"(max-width: 1024px) 100vw, 1024px\" \/>\t\t\t\t\t\t\t\t\t\t\t\t\t\t\t<\/div>\n\t\t\t\t<\/div>\n\t\t\t\t\t<\/div>\n\t\t\t\t<\/div>\n\t\t\t\t\t<\/div>\n\t\t\t\t<\/div>\n\t\t<div class=\"elementor-element elementor-element-d9641f7 e-flex e-con-boxed e-con e-parent\" data-id=\"d9641f7\" data-element_type=\"container\" data-e-type=\"container\">\n\t\t\t\t\t<div class=\"e-con-inner\">\n\t\t<div class=\"elementor-element elementor-element-d253e85 e-flex e-con-boxed e-con e-child\" data-id=\"d253e85\" data-element_type=\"container\" data-e-type=\"container\">\n\t\t\t\t\t<div class=\"e-con-inner\">\n\t\t\t\t<div class=\"elementor-element elementor-element-d306c9b elementor-widget elementor-widget-text-editor\" data-id=\"d306c9b\" data-element_type=\"widget\" data-e-type=\"widget\" data-widget_type=\"text-editor.default\">\n\t\t\t\t<div class=\"elementor-widget-container\">\n\t\t\t\t\t\t\t\t\t<h2>C\u00f3mo instalar y usar Windows 7 en VirtualBox<\/h2><h3>\u00bfQu\u00e9 es VirtualBox?<\/h3><p>VirtualBox es un software de virtualizaci\u00f3n de c\u00f3digo abierto que permite a los usuarios ejecutar m\u00faltiples sistemas operativos en una sola m\u00e1quina f\u00edsica. Con VirtualBox, puedes crear m\u00e1quinas virtuales (VM) que funcionen de manera independiente, lo que es ideal para probar sistemas operativos, ejecutar software espec\u00edfico o mantener entornos de desarrollo aislados.<\/p><h3>Requisitos previos<\/h3><ol><li><strong>VirtualBox<\/strong>: Descarga e instala la \u00faltima versi\u00f3n de VirtualBox desde el sitio oficial de Oracle.<\/li><li><strong>Imagen ISO de Windows 7<\/strong>: Necesitar\u00e1s una copia de la imagen ISO de Windows 7. Aseg\u00farate de tener una licencia v\u00e1lida.<\/li><\/ol><h3>Paso a paso para instalar Windows 7 en VirtualBox<\/h3><ol><li><p><strong>Instalaci\u00f3n de VirtualBox<\/strong>:<\/p><ul><li>Descarga el instalador desde el sitio oficial.<\/li><li>Ejecuta el instalador y sigue las instrucciones en pantalla para completar la instalaci\u00f3n.<\/li><\/ul><\/li><li><p><strong>Creaci\u00f3n de una nueva m\u00e1quina virtual<\/strong>:<\/p><ul><li>Abre VirtualBox y haz clic en el bot\u00f3n \u201cNueva\u201d.<\/li><li>Asigna un nombre a tu m\u00e1quina virtual (por ejemplo, &#8220;Windows 7&#8221;).<\/li><li>Selecciona el tipo de sistema operativo como &#8220;Microsoft Windows&#8221; y la versi\u00f3n como &#8220;Windows 7 (32-bit)&#8221; o &#8220;Windows 7 (64-bit)&#8221;, seg\u00fan la imagen ISO que tengas.<\/li><\/ul><\/li><li><p><strong>Configuraci\u00f3n de la m\u00e1quina virtual<\/strong>:<\/p><ul><li><strong>Memoria<\/strong>: Asigna la cantidad de memoria RAM. Se recomienda al menos 2 GB (2048 MB) para un rendimiento adecuado.<\/li><li><strong>Disco duro virtual<\/strong>: Crea un disco duro virtual seleccionando la opci\u00f3n \u201cCrear un disco duro virtual ahora\u201d.<\/li><li>Selecciona el tipo de archivo del disco duro como &#8220;VDI (VirtualBox Disk Image)&#8221;.<\/li><li>Elige &#8220;Dinamicamente asignado&#8221; para que el disco crezca seg\u00fan sea necesario.<\/li><li>Asigna el tama\u00f1o del disco. Se recomienda al menos 20 GB.<\/li><\/ul><\/li><li><p><strong>Configuraci\u00f3n adicional<\/strong>:<\/p><ul><li>Selecciona la m\u00e1quina virtual creada y haz clic en \u201cConfiguraci\u00f3n\u201d.<\/li><li><strong>Almacenamiento<\/strong>: En el apartado de almacenamiento, selecciona el controlador vac\u00edo y haz clic en el \u00edcono del disco para elegir un archivo de disco. Selecciona la imagen ISO de Windows 7 que descargaste.<\/li><li><strong>Red<\/strong>: Configura la red seg\u00fan tus necesidades. La configuraci\u00f3n predeterminada suele ser suficiente.<\/li><\/ul><\/li><li><p><strong>Instalaci\u00f3n de Windows 7<\/strong>:<\/p><ul><li>Inicia la m\u00e1quina virtual haciendo clic en &#8220;Iniciar&#8221;.<\/li><li>La m\u00e1quina virtual arrancar\u00e1 desde la imagen ISO de Windows 7.<\/li><li>Sigue las instrucciones del instalador de Windows para completar la instalaci\u00f3n del sistema operativo.<\/li><li>Durante la instalaci\u00f3n, es posible que necesites ingresar tu clave de producto de Windows 7.<\/li><\/ul><\/li><\/ol><h3>Uso de Windows 7 en VirtualBox<\/h3><p>Una vez que Windows 7 est\u00e9 instalado y configurado, puedes usarlo como cualquier otro sistema operativo. Aqu\u00ed hay algunos consejos adicionales:<\/p><ul><li><p><strong>Instalar las Guest Additions de VirtualBox<\/strong>: Estas herramientas mejoran la integraci\u00f3n entre el sistema anfitri\u00f3n y la m\u00e1quina virtual, permitiendo, por ejemplo, el ajuste autom\u00e1tico de la resoluci\u00f3n de pantalla y la integraci\u00f3n del portapapeles.<\/p><ul><li>Con la m\u00e1quina virtual en ejecuci\u00f3n, ve al men\u00fa \u201cDispositivos\u201d y selecciona \u201cInsertar imagen de CD de las Guest Additions\u201d.<\/li><li>Sigue las instrucciones para instalar las Guest Additions.<\/li><\/ul><\/li><li><p><strong>Configuraci\u00f3n de carpetas compartidas<\/strong>: Puedes configurar carpetas compartidas entre el anfitri\u00f3n y la m\u00e1quina virtual para facilitar la transferencia de archivos.<\/p><ul><li>Ve a la configuraci\u00f3n de la m\u00e1quina virtual, selecciona \u201cCarpetas compartidas\u201d, y a\u00f1ade una nueva carpeta con las opciones adecuadas.<\/li><\/ul><\/li><\/ul><h3>Conclusi\u00f3n<\/h3><p>Usar Windows 7 en VirtualBox es una excelente manera de mantener acceso a este sistema operativo sin necesidad de hardware adicional. Siguiendo los pasos descritos, podr\u00e1s tener una instalaci\u00f3n funcional y aprovechar las ventajas de la virtualizaci\u00f3n para tus necesidades espec\u00edficas.<\/p>\t\t\t\t\t\t\t\t<\/div>\n\t\t\t\t<\/div>\n\t\t\t\t\t<\/div>\n\t\t\t\t<\/div>\n\t\t\t\t\t<\/div>\n\t\t\t\t<\/div>\n\t\t<div class=\"elementor-element elementor-element-56c301d e-flex e-con-boxed e-con e-parent\" data-id=\"56c301d\" data-element_type=\"container\" data-e-type=\"container\">\n\t\t\t\t\t<div class=\"e-con-inner\">\n\t\t<div class=\"elementor-element elementor-element-fdbb480 e-con-full e-flex e-con e-child\" data-id=\"fdbb480\" data-element_type=\"container\" data-e-type=\"container\">\n\t\t\t\t<div class=\"elementor-element elementor-element-e5a6d9e elementor-widget__width-initial elementor-widget elementor-widget-image\" data-id=\"e5a6d9e\" data-element_type=\"widget\" data-e-type=\"widget\" data-widget_type=\"image.default\">\n\t\t\t\t<div class=\"elementor-widget-container\">\n\t\t\t\t\t\t\t\t\t\t\t\t<figure class=\"wp-caption\">\n\t\t\t\t\t\t\t\t\t\t\t<a href=\"https:\/\/www.virtualbox.org\/\" target=\"_blank\" rel=\"noopener\">\n\t\t\t\t\t\t\t<img decoding=\"async\" width=\"1024\" height=\"512\" src=\"https:\/\/emprendamosjuntoscancun.com.mx\/wp-content\/uploads\/2024\/03\/download-7641614_1280-1024x512.webp\" class=\"attachment-large size-large wp-image-465\" alt=\"\" srcset=\"https:\/\/emprendamosjuntoscancun.com.mx\/wp-content\/uploads\/2024\/03\/download-7641614_1280-1024x512.webp 1024w, https:\/\/emprendamosjuntoscancun.com.mx\/wp-content\/uploads\/2024\/03\/download-7641614_1280-300x150.webp 300w, https:\/\/emprendamosjuntoscancun.com.mx\/wp-content\/uploads\/2024\/03\/download-7641614_1280-768x384.webp 768w, https:\/\/emprendamosjuntoscancun.com.mx\/wp-content\/uploads\/2024\/03\/download-7641614_1280-18x9.webp 18w, https:\/\/emprendamosjuntoscancun.com.mx\/wp-content\/uploads\/2024\/03\/download-7641614_1280.webp 1280w\" sizes=\"(max-width: 1024px) 100vw, 1024px\" \/>\t\t\t\t\t\t\t\t<\/a>\n\t\t\t\t\t\t\t\t\t\t\t<figcaption class=\"widget-image-caption wp-caption-text\">VIRTUAL BOX<\/figcaption>\n\t\t\t\t\t\t\t\t\t\t<\/figure>\n\t\t\t\t\t\t\t\t\t<\/div>\n\t\t\t\t<\/div>\n\t\t\t\t<\/div>\n\t\t<div class=\"elementor-element elementor-element-27fb5cc e-con-full e-flex e-con e-child\" data-id=\"27fb5cc\" data-element_type=\"container\" data-e-type=\"container\">\n\t\t\t\t<div class=\"elementor-element elementor-element-81731f5 elementor-widget elementor-widget-video\" data-id=\"81731f5\" data-element_type=\"widget\" data-e-type=\"widget\" data-settings=\"{&quot;youtube_url&quot;:&quot;https:\\\/\\\/www.youtube.com\\\/watch?v=MM50-IaIrio&amp;t=10s&quot;,&quot;video_type&quot;:&quot;youtube&quot;,&quot;controls&quot;:&quot;yes&quot;}\" data-widget_type=\"video.default\">\n\t\t\t\t<div class=\"elementor-widget-container\">\n\t\t\t\t\t\t\t<div class=\"elementor-wrapper elementor-open-inline\">\n\t\t\t<div class=\"elementor-video\"><\/div>\t\t<\/div>\n\t\t\t\t\t\t<\/div>\n\t\t\t\t<\/div>\n\t\t\t\t<\/div>\n\t\t<div class=\"elementor-element elementor-element-226f87e e-con-full e-flex e-con e-child\" data-id=\"226f87e\" data-element_type=\"container\" data-e-type=\"container\">\n\t\t\t\t<div class=\"elementor-element elementor-element-81fbd80 elementor-widget elementor-widget-image\" data-id=\"81fbd80\" data-element_type=\"widget\" data-e-type=\"widget\" data-widget_type=\"image.default\">\n\t\t\t\t<div class=\"elementor-widget-container\">\n\t\t\t\t\t\t\t\t\t\t\t\t<figure class=\"wp-caption\">\n\t\t\t\t\t\t\t\t\t\t\t<a href=\"https:\/\/mega.nz\/file\/AxMxCJhI#jrfDJmXyTR7mHkLVtquXCCJMzjDxmOV-PVLTFTKNKI8\" target=\"_blank\" rel=\"noopener\">\n\t\t\t\t\t\t\t<img decoding=\"async\" width=\"1024\" height=\"512\" src=\"https:\/\/emprendamosjuntoscancun.com.mx\/wp-content\/uploads\/2024\/03\/download-7641614_1280-1024x512.webp\" class=\"attachment-large size-large wp-image-465\" alt=\"\" srcset=\"https:\/\/emprendamosjuntoscancun.com.mx\/wp-content\/uploads\/2024\/03\/download-7641614_1280-1024x512.webp 1024w, https:\/\/emprendamosjuntoscancun.com.mx\/wp-content\/uploads\/2024\/03\/download-7641614_1280-300x150.webp 300w, https:\/\/emprendamosjuntoscancun.com.mx\/wp-content\/uploads\/2024\/03\/download-7641614_1280-768x384.webp 768w, https:\/\/emprendamosjuntoscancun.com.mx\/wp-content\/uploads\/2024\/03\/download-7641614_1280-18x9.webp 18w, https:\/\/emprendamosjuntoscancun.com.mx\/wp-content\/uploads\/2024\/03\/download-7641614_1280.webp 1280w\" sizes=\"(max-width: 1024px) 100vw, 1024px\" \/>\t\t\t\t\t\t\t\t<\/a>\n\t\t\t\t\t\t\t\t\t\t\t<figcaption class=\"widget-image-caption wp-caption-text\">WINDOWS 7<\/figcaption>\n\t\t\t\t\t\t\t\t\t\t<\/figure>\n\t\t\t\t\t\t\t\t\t<\/div>\n\t\t\t\t<\/div>\n\t\t\t\t<\/div>\n\t\t\t\t\t<\/div>\n\t\t\t\t<\/div>\n\t\t\t\t<\/div>","protected":false},"excerpt":{"rendered":"<p>Facebook Youtube Tiktok C\u00f3mo instalar y usar Windows 7 en VirtualBox \u00bfQu\u00e9 es VirtualBox? VirtualBox es un software de virtualizaci\u00f3n [&hellip;]<\/p>\n","protected":false},"author":1,"featured_media":0,"parent":0,"menu_order":0,"comment_status":"closed","ping_status":"closed","template":"","meta":{"site-sidebar-layout":"no-sidebar","site-content-layout":"","ast-site-content-layout":"full-width-container","site-content-style":"default","site-sidebar-style":"default","ast-global-header-display":"","ast-banner-title-visibility":"","ast-main-header-display":"","ast-hfb-above-header-display":"","ast-hfb-below-header-display":"","ast-hfb-mobile-header-display":"","site-post-title":"disabled","ast-breadcrumbs-content":"","ast-featured-img":"disabled","footer-sml-layout":"","ast-disable-related-posts":"","theme-transparent-header-meta":"","adv-header-id-meta":"","stick-header-meta":"","header-above-stick-meta":"","header-main-stick-meta":"","header-below-stick-meta":"","astra-migrate-meta-layouts":"default","ast-page-background-enabled":"default","ast-page-background-meta":{"desktop":{"background-color":"var(--ast-global-color-4)","background-image":"","background-repeat":"repeat","background-position":"center center","background-size":"auto","background-attachment":"scroll","background-type":"","background-media":"","overlay-type":"","overlay-color":"","overlay-opacity":"","overlay-gradient":""},"tablet":{"background-color":"","background-image":"","background-repeat":"repeat","background-position":"center center","background-size":"auto","background-attachment":"scroll","background-type":"","background-media":"","overlay-type":"","overlay-color":"","overlay-opacity":"","overlay-gradient":""},"mobile":{"background-color":"","background-image":"","background-repeat":"repeat","background-position":"center center","background-size":"auto","background-attachment":"scroll","background-type":"","background-media":"","overlay-type":"","overlay-color":"","overlay-opacity":"","overlay-gradient":""}},"ast-content-background-meta":{"desktop":{"background-color":"var(--ast-global-color-5)","background-image":"","background-repeat":"repeat","background-position":"center center","background-size":"auto","background-attachment":"scroll","background-type":"","background-media":"","overlay-type":"","overlay-color":"","overlay-opacity":"","overlay-gradient":""},"tablet":{"background-color":"var(--ast-global-color-5)","background-image":"","background-repeat":"repeat","background-position":"center center","background-size":"auto","background-attachment":"scroll","background-type":"","background-media":"","overlay-type":"","overlay-color":"","overlay-opacity":"","overlay-gradient":""},"mobile":{"background-color":"var(--ast-global-color-5)","background-image":"","background-repeat":"repeat","background-position":"center center","background-size":"auto","background-attachment":"scroll","background-type":"","background-media":"","overlay-type":"","overlay-color":"","overlay-opacity":"","overlay-gradient":""}},"footnotes":""},"class_list":["post-724","page","type-page","status-publish","hentry"],"_hostinger_reach_plugin_has_subscription_block":false,"_hostinger_reach_plugin_is_elementor":false,"_links":{"self":[{"href":"https:\/\/emprendamosjuntoscancun.com.mx\/en\/wp-json\/wp\/v2\/pages\/724","targetHints":{"allow":["GET"]}}],"collection":[{"href":"https:\/\/emprendamosjuntoscancun.com.mx\/en\/wp-json\/wp\/v2\/pages"}],"about":[{"href":"https:\/\/emprendamosjuntoscancun.com.mx\/en\/wp-json\/wp\/v2\/types\/page"}],"author":[{"embeddable":true,"href":"https:\/\/emprendamosjuntoscancun.com.mx\/en\/wp-json\/wp\/v2\/users\/1"}],"replies":[{"embeddable":true,"href":"https:\/\/emprendamosjuntoscancun.com.mx\/en\/wp-json\/wp\/v2\/comments?post=724"}],"version-history":[{"count":17,"href":"https:\/\/emprendamosjuntoscancun.com.mx\/en\/wp-json\/wp\/v2\/pages\/724\/revisions"}],"predecessor-version":[{"id":1970,"href":"https:\/\/emprendamosjuntoscancun.com.mx\/en\/wp-json\/wp\/v2\/pages\/724\/revisions\/1970"}],"wp:attachment":[{"href":"https:\/\/emprendamosjuntoscancun.com.mx\/en\/wp-json\/wp\/v2\/media?parent=724"}],"curies":[{"name":"wp","href":"https:\/\/api.w.org\/{rel}","templated":true}]}}