{"id":816,"date":"2024-09-01T21:08:31","date_gmt":"2024-09-01T21:08:31","guid":{"rendered":"http:\/\/emprendamosjuntoscancun.com.mx\/?page_id=816"},"modified":"2024-09-16T22:04:20","modified_gmt":"2024-09-16T22:04:20","slug":"tunnelbear-vpn","status":"publish","type":"page","link":"https:\/\/emprendamosjuntoscancun.com.mx\/en\/tunnelbear-vpn\/","title":{"rendered":"TUNNELBEAR VPN"},"content":{"rendered":"\t\t<div data-elementor-type=\"wp-page\" data-elementor-id=\"816\" class=\"elementor elementor-816\" data-elementor-post-type=\"page\">\n\t\t\t\t<div class=\"elementor-element elementor-element-7b00fac e-flex e-con-boxed e-con e-parent\" data-id=\"7b00fac\" data-element_type=\"container\" data-e-type=\"container\" data-settings=\"{&quot;background_background&quot;:&quot;classic&quot;}\">\n\t\t\t\t\t<div class=\"e-con-inner\">\n\t\t<div class=\"elementor-element elementor-element-785e2fd e-con-full e-flex e-con e-child\" data-id=\"785e2fd\" data-element_type=\"container\" data-e-type=\"container\">\n\t\t\t\t<div class=\"elementor-element elementor-element-2a692c5 elementor-widget elementor-widget-theme-site-logo elementor-widget-image\" data-id=\"2a692c5\" data-element_type=\"widget\" data-e-type=\"widget\" data-widget_type=\"theme-site-logo.default\">\n\t\t\t\t<div class=\"elementor-widget-container\">\n\t\t\t\t\t\t\t\t\t\t\t<a href=\"https:\/\/emprendamosjuntoscancun.com.mx\/en\">\n\t\t\t<img fetchpriority=\"high\" decoding=\"async\" width=\"1024\" height=\"1024\" src=\"https:\/\/emprendamosjuntoscancun.com.mx\/wp-content\/uploads\/2024\/03\/SGN_03_12_2024_1710276382839.png\" class=\"attachment-large size-large wp-image-20\" alt=\"\" srcset=\"https:\/\/emprendamosjuntoscancun.com.mx\/wp-content\/uploads\/2024\/03\/SGN_03_12_2024_1710276382839-1024x1024.png 1024w, https:\/\/emprendamosjuntoscancun.com.mx\/wp-content\/uploads\/2024\/03\/SGN_03_12_2024_1710276382839-300x300.png 300w, https:\/\/emprendamosjuntoscancun.com.mx\/wp-content\/uploads\/2024\/03\/SGN_03_12_2024_1710276382839-150x150.png 150w, https:\/\/emprendamosjuntoscancun.com.mx\/wp-content\/uploads\/2024\/03\/SGN_03_12_2024_1710276382839-768x768.png 768w, https:\/\/emprendamosjuntoscancun.com.mx\/wp-content\/uploads\/2024\/03\/SGN_03_12_2024_1710276382839-1536x1536.png 1536w, https:\/\/emprendamosjuntoscancun.com.mx\/wp-content\/uploads\/2024\/03\/SGN_03_12_2024_1710276382839-12x12.png 12w, https:\/\/emprendamosjuntoscancun.com.mx\/wp-content\/uploads\/2024\/03\/SGN_03_12_2024_1710276382839.png 1920w\" sizes=\"(max-width: 1024px) 100vw, 1024px\" \/>\t\t\t\t<\/a>\n\t\t\t\t\t\t\t\t\t\t\t<\/div>\n\t\t\t\t<\/div>\n\t\t\t\t<\/div>\n\t\t<div class=\"elementor-element elementor-element-7637244 e-con-full e-flex e-con e-child\" data-id=\"7637244\" data-element_type=\"container\" data-e-type=\"container\">\n\t\t\t\t<div class=\"elementor-element elementor-element-002abeb elementor-nav-menu__text-align-center elementor-nav-menu--toggle elementor-nav-menu--burger elementor-widget elementor-widget-nav-menu\" data-id=\"002abeb\" data-element_type=\"widget\" data-e-type=\"widget\" data-settings=\"{&quot;layout&quot;:&quot;dropdown&quot;,&quot;toggle_icon_hover_animation&quot;:&quot;pulse&quot;,&quot;submenu_icon&quot;:{&quot;value&quot;:&quot;&lt;svg aria-hidden=\\&quot;true\\&quot; class=\\&quot;e-font-icon-svg e-fas-caret-down\\&quot; viewBox=\\&quot;0 0 320 512\\&quot; xmlns=\\&quot;http:\\\/\\\/www.w3.org\\\/2000\\\/svg\\&quot;&gt;&lt;path d=\\&quot;M31.3 192h257.3c17.8 0 26.7 21.5 14.1 34.1L174.1 354.8c-7.8 7.8-20.5 7.8-28.3 0L17.2 226.1C4.6 213.5 13.5 192 31.3 192z\\&quot;&gt;&lt;\\\/path&gt;&lt;\\\/svg&gt;&quot;,&quot;library&quot;:&quot;fa-solid&quot;},&quot;toggle&quot;:&quot;burger&quot;}\" data-widget_type=\"nav-menu.default\">\n\t\t\t\t<div class=\"elementor-widget-container\">\n\t\t\t\t\t\t\t<div class=\"elementor-menu-toggle\" role=\"button\" tabindex=\"0\" aria-label=\"Menu Toggle\" aria-expanded=\"false\">\n\t\t\t<svg aria-hidden=\"true\" role=\"presentation\" class=\"elementor-menu-toggle__icon--open elementor-animation-pulse e-font-icon-svg e-eicon-menu-bar\" viewBox=\"0 0 1000 1000\" xmlns=\"http:\/\/www.w3.org\/2000\/svg\"><path d=\"M104 333H896C929 333 958 304 958 271S929 208 896 208H104C71 208 42 237 42 271S71 333 104 333ZM104 583H896C929 583 958 554 958 521S929 458 896 458H104C71 458 42 487 42 521S71 583 104 583ZM104 833H896C929 833 958 804 958 771S929 708 896 708H104C71 708 42 737 42 771S71 833 104 833Z\"><\/path><\/svg><svg aria-hidden=\"true\" role=\"presentation\" class=\"elementor-menu-toggle__icon--close elementor-animation-pulse e-font-icon-svg e-eicon-close\" viewBox=\"0 0 1000 1000\" xmlns=\"http:\/\/www.w3.org\/2000\/svg\"><path d=\"M742 167L500 408 258 167C246 154 233 150 217 150 196 150 179 158 167 167 154 179 150 196 150 212 150 229 154 242 171 254L408 500 167 742C138 771 138 800 167 829 196 858 225 858 254 829L496 587 738 829C750 842 767 846 783 846 800 846 817 842 829 829 842 817 846 804 846 783 846 767 842 750 829 737L588 500 833 258C863 229 863 200 833 171 804 137 775 137 742 167Z\"><\/path><\/svg>\t\t<\/div>\n\t\t\t\t\t<nav class=\"elementor-nav-menu--dropdown elementor-nav-menu__container\" aria-hidden=\"true\">\n\t\t\t\t<ul id=\"menu-2-002abeb\" class=\"elementor-nav-menu\"><li class=\"menu-item menu-item-type-custom menu-item-object-custom menu-item-has-children menu-item-316\"><a aria-expanded=\"false\" href=\"http:\/\/emprendamosjuntoscancun.com.mx\" class=\"elementor-item menu-link\" tabindex=\"-1\">INICIO<span role=\"button\" class=\"dropdown-menu-toggle ast-header-navigation-arrow\" tabindex=\"0\" aria-expanded=\"false\" aria-label=\"Menu Toggle\" aria-haspopup=\"true\"><\/span><\/a>\n<ul class=\"sub-menu elementor-nav-menu--dropdown\">\n\t<li class=\"menu-item menu-item-type-post_type menu-item-object-page menu-item-1741\"><a href=\"https:\/\/emprendamosjuntoscancun.com.mx\/en\/contenidos-y-redes-sociales\/\" class=\"elementor-sub-item menu-link\" tabindex=\"-1\">CONTENIDOS Y REDES SOCIALES<\/a><\/li>\n\t<li class=\"menu-item menu-item-type-post_type menu-item-object-page menu-item-1748\"><a href=\"https:\/\/emprendamosjuntoscancun.com.mx\/en\/creacion-de-contenido-en-juegos-roblox-minecraft-delta-force-y-mas\/\" class=\"elementor-sub-item menu-link\" tabindex=\"-1\">CUAL ES TU JUEGO FAVORITO<\/a><\/li>\n<\/ul>\n<\/li>\n<li class=\"menu-item menu-item-type-custom menu-item-object-custom menu-item-317\"><a href=\"http:\/\/emprendamosjuntoscancun.com.mx\/programas\/\" class=\"elementor-item menu-link\" tabindex=\"-1\">PROGRAMAS<\/a><\/li>\n<li class=\"menu-item menu-item-type-post_type menu-item-object-page menu-item-1642\"><a href=\"https:\/\/emprendamosjuntoscancun.com.mx\/en\/minecraft\/\" class=\"elementor-item menu-link\" tabindex=\"-1\">MINECRAFT<\/a><\/li>\n<\/ul>\t\t\t<\/nav>\n\t\t\t\t\t\t<\/div>\n\t\t\t\t<\/div>\n\t\t\t\t<\/div>\n\t\t\t\t<div class=\"elementor-element elementor-element-849c5fe elementor-shape-circle elementor-grid-2 e-grid-align-center elementor-widget elementor-widget-social-icons\" data-id=\"849c5fe\" data-element_type=\"widget\" data-e-type=\"widget\" data-widget_type=\"social-icons.default\">\n\t\t\t\t<div class=\"elementor-widget-container\">\n\t\t\t\t\t\t\t<div class=\"elementor-social-icons-wrapper elementor-grid\" role=\"list\">\n\t\t\t\t\t\t\t<span class=\"elementor-grid-item\" role=\"listitem\">\n\t\t\t\t\t<a class=\"elementor-icon elementor-social-icon elementor-social-icon-facebook elementor-repeater-item-2b73b80\" target=\"_blank\">\n\t\t\t\t\t\t<span class=\"elementor-screen-only\">Facebook<\/span>\n\t\t\t\t\t\t<svg aria-hidden=\"true\" class=\"e-font-icon-svg e-fab-facebook\" viewBox=\"0 0 512 512\" xmlns=\"http:\/\/www.w3.org\/2000\/svg\"><path d=\"M504 256C504 119 393 8 256 8S8 119 8 256c0 123.78 90.69 226.38 209.25 245V327.69h-63V256h63v-54.64c0-62.15 37-96.48 93.67-96.48 27.14 0 55.52 4.84 55.52 4.84v61h-31.28c-30.8 0-40.41 19.12-40.41 38.73V256h68.78l-11 71.69h-57.78V501C413.31 482.38 504 379.78 504 256z\"><\/path><\/svg>\t\t\t\t\t<\/a>\n\t\t\t\t<\/span>\n\t\t\t\t\t\t\t<span class=\"elementor-grid-item\" role=\"listitem\">\n\t\t\t\t\t<a class=\"elementor-icon elementor-social-icon elementor-social-icon-youtube elementor-repeater-item-a6338c5\" href=\"https:\/\/www.youtube.com\/c\/SISTEMASSOPORTECOMUNIDAD\" target=\"_blank\" rel=\"noopener\">\n\t\t\t\t\t\t<span class=\"elementor-screen-only\">Youtube<\/span>\n\t\t\t\t\t\t<svg aria-hidden=\"true\" class=\"e-font-icon-svg e-fab-youtube\" viewBox=\"0 0 576 512\" xmlns=\"http:\/\/www.w3.org\/2000\/svg\"><path d=\"M549.655 124.083c-6.281-23.65-24.787-42.276-48.284-48.597C458.781 64 288 64 288 64S117.22 64 74.629 75.486c-23.497 6.322-42.003 24.947-48.284 48.597-11.412 42.867-11.412 132.305-11.412 132.305s0 89.438 11.412 132.305c6.281 23.65 24.787 41.5 48.284 47.821C117.22 448 288 448 288 448s170.78 0 213.371-11.486c23.497-6.321 42.003-24.171 48.284-47.821 11.412-42.867 11.412-132.305 11.412-132.305s0-89.438-11.412-132.305zm-317.51 213.508V175.185l142.739 81.205-142.739 81.201z\"><\/path><\/svg>\t\t\t\t\t<\/a>\n\t\t\t\t<\/span>\n\t\t\t\t\t<\/div>\n\t\t\t\t\t\t<\/div>\n\t\t\t\t<\/div>\n\t\t\t\t\t<\/div>\n\t\t\t\t<\/div>\n\t\t<div class=\"elementor-element elementor-element-fc70f15 e-flex e-con-boxed e-con e-parent\" data-id=\"fc70f15\" data-element_type=\"container\" data-e-type=\"container\">\n\t\t\t\t\t<div class=\"e-con-inner\">\n\t\t\t\t<div class=\"elementor-element elementor-element-f055508 elementor-widget elementor-widget-spacer\" data-id=\"f055508\" data-element_type=\"widget\" data-e-type=\"widget\" data-widget_type=\"spacer.default\">\n\t\t\t\t<div class=\"elementor-widget-container\">\n\t\t\t\t\t\t\t<div class=\"elementor-spacer\">\n\t\t\t<div class=\"elementor-spacer-inner\"><\/div>\n\t\t<\/div>\n\t\t\t\t\t\t<\/div>\n\t\t\t\t<\/div>\n\t\t\t\t\t<\/div>\n\t\t\t\t<\/div>\n\t\t<div class=\"elementor-element elementor-element-5e8b6aa e-flex e-con-boxed e-con e-parent\" data-id=\"5e8b6aa\" data-element_type=\"container\" data-e-type=\"container\">\n\t\t\t\t\t<div class=\"e-con-inner\">\n\t\t\t\t<div class=\"elementor-element elementor-element-8c39939 elementor-widget elementor-widget-text-editor\" data-id=\"8c39939\" data-element_type=\"widget\" data-e-type=\"widget\" data-widget_type=\"text-editor.default\">\n\t\t\t\t<div class=\"elementor-widget-container\">\n\t\t\t\t\t\t\t\t\t<div class=\"flex-shrink-0 flex flex-col relative items-end\"><div><div class=\"pt-0\"><div class=\"gizmo-bot-avatar flex h-8 w-8 items-center justify-center overflow-hidden rounded-full\"><div class=\"relative p-1 rounded-sm flex items-center justify-center bg-token-main-surface-primary text-token-text-primary h-8 w-8\">\u00a0<\/div><\/div><\/div><\/div><\/div><div class=\"group\/conversation-turn relative flex w-full min-w-0 flex-col agent-turn\"><div class=\"flex-col gap-1 md:gap-3\"><div class=\"flex max-w-full flex-col flex-grow\"><div class=\"min-h-[20px] text-message flex w-full flex-col items-end gap-2 break-words [.text-message+&amp;]:mt-5 overflow-x-auto whitespace-normal\" dir=\"auto\" data-message-author-role=\"assistant\" data-message-id=\"a2b9a0b6-1417-49f3-b069-9471da3665fb\"><div class=\"flex w-full flex-col gap-1 empty:hidden first:pt-[3px]\"><div class=\"markdown prose w-full break-words dark:prose-invert light\"><h3><span style=\"color: #000000;\">TunnelBear: Seguridad, Privacidad y Facilidad de Uso en una VPN<\/span><\/h3><p><span style=\"color: #000000;\">En la era digital actual, la privacidad en l\u00ednea y la seguridad de los datos personales se han convertido en preocupaciones cr\u00edticas para usuarios de todo el mundo. Con la creciente vigilancia en l\u00ednea y la exposici\u00f3n constante a amenazas cibern\u00e9ticas, el uso de una Red Privada Virtual (VPN) se ha convertido en una necesidad. Una de las VPN m\u00e1s populares y accesibles en el mercado es TunnelBear. En este art\u00edculo, exploraremos en profundidad qu\u00e9 es TunnelBear, sus caracter\u00edsticas, ventajas, desventajas, y c\u00f3mo se compara con otras VPN disponibles.<\/span><\/p><h4><span style=\"color: #000000;\">\u00bfQu\u00e9 es TunnelBear?<\/span><\/h4><p><span style=\"color: #000000;\">TunnelBear es un servicio de VPN fundado en 2011 por dos canadienses, Ryan Dochuk y Daniel Kaldor. Su objetivo era crear una VPN que fuera f\u00e1cil de usar, segura y accesible para el usuario promedio. A lo largo de los a\u00f1os, TunnelBear ha ganado popularidad por su interfaz amigable y su enfoque en la simplicidad, lo que lo hace especialmente atractivo para usuarios no t\u00e9cnicos que buscan proteger su privacidad en l\u00ednea.<\/span><\/p><p><span style=\"color: #000000;\">Una VPN como TunnelBear permite a los usuarios conectarse a internet a trav\u00e9s de un servidor remoto, encriptando su tr\u00e1fico de datos y ocultando su direcci\u00f3n IP. Esto protege la privacidad del usuario al hacer que su actividad en l\u00ednea sea dif\u00edcil de rastrear y proporciona una capa adicional de seguridad cuando se utiliza una red Wi-Fi p\u00fablica.<\/span><\/p><h4><span style=\"color: #000000;\">Caracter\u00edsticas de TunnelBear<\/span><\/h4><ol><li><p><span style=\"color: #000000;\"><strong>Interfaz de Usuario<\/strong>: Una de las caracter\u00edsticas m\u00e1s destacadas de TunnelBear es su interfaz de usuario. A diferencia de muchas VPN que pueden parecer intimidantes para los principiantes, TunnelBear ofrece una experiencia de usuario divertida y accesible. La aplicaci\u00f3n utiliza gr\u00e1ficos de osos animados que &#8220;cavan t\u00faneles&#8221; hacia diferentes pa\u00edses, lo que hace que el proceso de conectarse a un servidor sea m\u00e1s visual y f\u00e1cil de entender.<\/span><\/p><\/li><li><p><span style=\"color: #000000;\"><strong>Seguridad y Privacidad<\/strong>: TunnelBear utiliza encriptaci\u00f3n AES de 256 bits, que es el est\u00e1ndar de la industria para la seguridad de datos. Esta encriptaci\u00f3n garantiza que la informaci\u00f3n del usuario est\u00e9 protegida contra interceptaciones y ataques cibern\u00e9ticos. Adem\u00e1s, TunnelBear sigue una pol\u00edtica estricta de no registros (no-logs policy), lo que significa que no almacena informaci\u00f3n sobre la actividad en l\u00ednea de sus usuarios, lo que a\u00f1ade una capa adicional de privacidad.<\/span><\/p><\/li><li><p><span style=\"color: #000000;\"><strong>GhostBear<\/strong>: Esta es una funci\u00f3n \u00fanica de TunnelBear que hace que el tr\u00e1fico de la VPN sea menos detectable por gobiernos, proveedores de servicios de internet (ISP) y otras entidades que puedan intentar bloquear o rastrear el uso de VPNs. GhostBear ofusca el tr\u00e1fico de la VPN, lo que puede ser particularmente \u00fatil en pa\u00edses donde el uso de VPN est\u00e1 restringido o bloqueado.<\/span><\/p><\/li><li><p><span style=\"color: #000000;\"><strong>Velocidad y Rendimiento<\/strong>: Aunque todas las VPN tienden a reducir la velocidad de la conexi\u00f3n debido a la sobrecarga de encriptaci\u00f3n, TunnelBear se desempe\u00f1a relativamente bien en este aspecto. Los usuarios reportan una disminuci\u00f3n m\u00ednima en la velocidad, lo que permite un uso fluido para la navegaci\u00f3n, streaming y otras actividades en l\u00ednea.<\/span><\/p><\/li><li><p><span style=\"color: #000000;\"><strong>Multiplataforma<\/strong>: TunnelBear est\u00e1 disponible en m\u00faltiples plataformas, incluidas Windows, macOS, iOS, Android y como una extensi\u00f3n para navegadores como Chrome y Firefox. Esto permite a los usuarios proteger todos sus dispositivos con una sola cuenta.<\/span><\/p><\/li><li><p><span style=\"color: #000000;\"><strong>Plan Gratuito<\/strong>: TunnelBear ofrece un plan gratuito limitado a 500 MB de datos por mes. Aunque esta cantidad de datos puede ser insuficiente para usuarios intensivos, es una excelente opci\u00f3n para quienes desean probar el servicio antes de comprometerse con un plan de pago.<\/span><\/p><\/li><\/ol><h4><span style=\"color: #000000;\">Ventajas de TunnelBear<\/span><\/h4><ul><li><span style=\"color: #000000;\"><strong>Facilidad de Uso<\/strong>: La interfaz de TunnelBear es intuitiva y accesible, lo que lo convierte en una excelente opci\u00f3n para usuarios que no tienen experiencia con VPNs.<\/span><\/li><li><span style=\"color: #000000;\"><strong>Seguridad Confiable<\/strong>: Con su encriptaci\u00f3n AES de 256 bits y su pol\u00edtica de no registros, TunnelBear ofrece un alto nivel de seguridad y privacidad.<\/span><\/li><li><span style=\"color: #000000;\"><strong>Plan Gratuito<\/strong>: La disponibilidad de un plan gratuito permite a los usuarios probar el servicio sin necesidad de pagar de inmediato.<\/span><\/li><li><span style=\"color: #000000;\"><strong>Compatibilidad Multiplataforma<\/strong>: TunnelBear funciona en una amplia gama de dispositivos y sistemas operativos.<\/span><\/li><li><span style=\"color: #000000;\"><strong>GhostBear<\/strong>: Esta caracter\u00edstica es especialmente \u00fatil en pa\u00edses con fuertes restricciones en internet.<\/span><\/li><\/ul><h4><span style=\"color: #000000;\">Desventajas de TunnelBear<\/span><\/h4><ul><li><span style=\"color: #000000;\"><strong>Limitaci\u00f3n de Datos en el Plan Gratuito<\/strong>: Los 500 MB de datos que ofrece el plan gratuito pueden agotarse r\u00e1pidamente, lo que limita su utilidad para aquellos que buscan usar una VPN de forma intensiva.<\/span><\/li><li><span style=\"color: #000000;\"><strong>Menos Servidores<\/strong>: Comparado con otros servicios de VPN, TunnelBear tiene un n\u00famero limitado de servidores, lo que puede afectar la velocidad y la disponibilidad de ciertas ubicaciones geogr\u00e1ficas.<\/span><\/li><li><span style=\"color: #000000;\"><strong>Falta de Opciones Avanzadas<\/strong>: Si bien la simplicidad es una ventaja, tambi\u00e9n significa que TunnelBear carece de algunas opciones avanzadas que otros servicios VPN ofrecen, como la selecci\u00f3n manual de protocolos de seguridad.<\/span><\/li><\/ul><h4><span style=\"color: #000000;\">TunnelBear en Comparaci\u00f3n con Otras VPNs<\/span><\/h4><p><span style=\"color: #000000;\">Cuando se compara TunnelBear con otras VPNs populares como ExpressVPN, NordVPN o CyberGhost, es importante considerar el p\u00fablico objetivo de cada servicio. TunnelBear se centra en la simplicidad y accesibilidad, lo que lo convierte en una opci\u00f3n ideal para principiantes. Sin embargo, para usuarios m\u00e1s avanzados o aquellos que necesitan caracter\u00edsticas m\u00e1s sofisticadas, otras VPNs pueden ser m\u00e1s adecuadas.<\/span><\/p><p><span style=\"color: #000000;\">Por ejemplo, ExpressVPN es conocida por su velocidad y su capacidad para desbloquear contenido georrestringido en plataformas de streaming como Netflix. NordVPN, por otro lado, ofrece una combinaci\u00f3n de seguridad avanzada y una gran cantidad de servidores en todo el mundo, lo que lo hace ideal para usuarios que valoran tanto la privacidad como la flexibilidad.<\/span><\/p><p><span style=\"color: #000000;\">TunnelBear no se destaca necesariamente en ninguna categor\u00eda espec\u00edfica como lo hacen estos competidores, pero su facilidad de uso, dise\u00f1o amigable y la inclusi\u00f3n de caracter\u00edsticas como GhostBear lo hacen una opci\u00f3n s\u00f3lida para el usuario promedio que busca una VPN simple y efectiva.<\/span><\/p><h4><span style=\"color: #000000;\">Conclusi\u00f3n<\/span><\/h4><p><span style=\"color: #000000;\">TunnelBear es una excelente opci\u00f3n para usuarios que buscan una VPN que sea f\u00e1cil de usar, segura y confiable. Su enfoque en la simplicidad lo hace accesible para aquellos que no est\u00e1n familiarizados con la tecnolog\u00eda, mientras que su encriptaci\u00f3n robusta y su pol\u00edtica de no registros garantizan la privacidad de los usuarios. Aunque tiene algunas limitaciones, como el plan gratuito con datos limitados y la falta de opciones avanzadas, sigue siendo una opci\u00f3n viable para quienes buscan proteger su privacidad en l\u00ednea de manera sencilla.<\/span><\/p><p><span style=\"color: #000000;\">Para usuarios m\u00e1s avanzados o aquellos con necesidades espec\u00edficas, como acceso a una mayor cantidad de servidores o caracter\u00edsticas avanzadas de seguridad, puede ser recomendable explorar otras opciones en el mercado. Sin embargo, para la mayor\u00eda de los usuarios, TunnelBear ofrece un equilibrio perfecto entre facilidad de uso, seguridad y accesibilidad, haciendo de \u00e9l una opci\u00f3n destacada en el mundo de las VPNs.<\/span><\/p><\/div><\/div><\/div><\/div><\/div><\/div>\t\t\t\t\t\t\t\t<\/div>\n\t\t\t\t<\/div>\n\t\t\t\t\t<\/div>\n\t\t\t\t<\/div>\n\t\t<div class=\"elementor-element elementor-element-62038ae e-flex e-con-boxed e-con e-parent\" data-id=\"62038ae\" data-element_type=\"container\" data-e-type=\"container\">\n\t\t\t\t\t<div class=\"e-con-inner\">\n\t\t<div class=\"elementor-element elementor-element-271015b e-con-full e-flex e-con e-child\" data-id=\"271015b\" data-element_type=\"container\" data-e-type=\"container\">\n\t\t\t\t<div class=\"elementor-element elementor-element-f96315c elementor-widget elementor-widget-image\" data-id=\"f96315c\" data-element_type=\"widget\" data-e-type=\"widget\" data-widget_type=\"image.default\">\n\t\t\t\t<div class=\"elementor-widget-container\">\n\t\t\t\t\t\t\t\t\t\t\t\t<figure class=\"wp-caption\">\n\t\t\t\t\t\t\t\t\t\t\t<a href=\"https:\/\/mega.nz\/file\/Z7FDRCRT#EPkH2rC-pgBmSqe59Vw0N-mbWYDH4PcVgvXhUdK5aaA\" target=\"_blank\" rel=\"noopener\">\n\t\t\t\t\t\t\t<img decoding=\"async\" width=\"1024\" height=\"512\" src=\"https:\/\/emprendamosjuntoscancun.com.mx\/wp-content\/uploads\/2024\/03\/download-7641614_1280-1024x512.webp\" class=\"attachment-large size-large wp-image-465\" alt=\"\" srcset=\"https:\/\/emprendamosjuntoscancun.com.mx\/wp-content\/uploads\/2024\/03\/download-7641614_1280-1024x512.webp 1024w, https:\/\/emprendamosjuntoscancun.com.mx\/wp-content\/uploads\/2024\/03\/download-7641614_1280-300x150.webp 300w, https:\/\/emprendamosjuntoscancun.com.mx\/wp-content\/uploads\/2024\/03\/download-7641614_1280-768x384.webp 768w, https:\/\/emprendamosjuntoscancun.com.mx\/wp-content\/uploads\/2024\/03\/download-7641614_1280-18x9.webp 18w, https:\/\/emprendamosjuntoscancun.com.mx\/wp-content\/uploads\/2024\/03\/download-7641614_1280.webp 1280w\" sizes=\"(max-width: 1024px) 100vw, 1024px\" \/>\t\t\t\t\t\t\t\t<\/a>\n\t\t\t\t\t\t\t\t\t\t\t<figcaption class=\"widget-image-caption wp-caption-text\">DESCARGAR TUNNELBEAR<\/figcaption>\n\t\t\t\t\t\t\t\t\t\t<\/figure>\n\t\t\t\t\t\t\t\t\t<\/div>\n\t\t\t\t<\/div>\n\t\t\t\t<\/div>\n\t\t<div class=\"elementor-element elementor-element-19a2f5c e-con-full e-flex e-con e-child\" data-id=\"19a2f5c\" data-element_type=\"container\" data-e-type=\"container\">\n\t\t\t\t<div class=\"elementor-element elementor-element-caacf44 elementor-widget elementor-widget-video\" data-id=\"caacf44\" data-element_type=\"widget\" data-e-type=\"widget\" data-settings=\"{&quot;youtube_url&quot;:&quot;https:\\\/\\\/youtu.be\\\/3I8pasabfN0&quot;,&quot;video_type&quot;:&quot;youtube&quot;,&quot;controls&quot;:&quot;yes&quot;}\" data-widget_type=\"video.default\">\n\t\t\t\t<div class=\"elementor-widget-container\">\n\t\t\t\t\t\t\t<div class=\"elementor-wrapper elementor-open-inline\">\n\t\t\t<div class=\"elementor-video\"><\/div>\t\t<\/div>\n\t\t\t\t\t\t<\/div>\n\t\t\t\t<\/div>\n\t\t\t\t<\/div>\n\t\t<div class=\"elementor-element elementor-element-5e2f68c e-con-full e-flex e-con e-child\" data-id=\"5e2f68c\" data-element_type=\"container\" data-e-type=\"container\">\n\t\t\t\t<\/div>\n\t\t\t\t\t<\/div>\n\t\t\t\t<\/div>\n\t\t\t\t<\/div>\n\t\t","protected":false},"excerpt":{"rendered":"<p>Facebook Youtube \u00a0 TunnelBear: Seguridad, Privacidad y Facilidad de Uso en una VPN En la era digital actual, la privacidad [&hellip;]<\/p>\n","protected":false},"author":1,"featured_media":0,"parent":0,"menu_order":0,"comment_status":"closed","ping_status":"closed","template":"","meta":{"site-sidebar-layout":"no-sidebar","site-content-layout":"","ast-site-content-layout":"full-width-container","site-content-style":"default","site-sidebar-style":"default","ast-global-header-display":"","ast-banner-title-visibility":"","ast-main-header-display":"","ast-hfb-above-header-display":"","ast-hfb-below-header-display":"","ast-hfb-mobile-header-display":"","site-post-title":"disabled","ast-breadcrumbs-content":"","ast-featured-img":"disabled","footer-sml-layout":"","ast-disable-related-posts":"","theme-transparent-header-meta":"","adv-header-id-meta":"","stick-header-meta":"","header-above-stick-meta":"","header-main-stick-meta":"","header-below-stick-meta":"","astra-migrate-meta-layouts":"default","ast-page-background-enabled":"default","ast-page-background-meta":{"desktop":{"background-color":"var(--ast-global-color-4)","background-image":"","background-repeat":"repeat","background-position":"center center","background-size":"auto","background-attachment":"scroll","background-type":"","background-media":"","overlay-type":"","overlay-color":"","overlay-opacity":"","overlay-gradient":""},"tablet":{"background-color":"","background-image":"","background-repeat":"repeat","background-position":"center center","background-size":"auto","background-attachment":"scroll","background-type":"","background-media":"","overlay-type":"","overlay-color":"","overlay-opacity":"","overlay-gradient":""},"mobile":{"background-color":"","background-image":"","background-repeat":"repeat","background-position":"center center","background-size":"auto","background-attachment":"scroll","background-type":"","background-media":"","overlay-type":"","overlay-color":"","overlay-opacity":"","overlay-gradient":""}},"ast-content-background-meta":{"desktop":{"background-color":"var(--ast-global-color-5)","background-image":"","background-repeat":"repeat","background-position":"center center","background-size":"auto","background-attachment":"scroll","background-type":"","background-media":"","overlay-type":"","overlay-color":"","overlay-opacity":"","overlay-gradient":""},"tablet":{"background-color":"var(--ast-global-color-5)","background-image":"","background-repeat":"repeat","background-position":"center center","background-size":"auto","background-attachment":"scroll","background-type":"","background-media":"","overlay-type":"","overlay-color":"","overlay-opacity":"","overlay-gradient":""},"mobile":{"background-color":"var(--ast-global-color-5)","background-image":"","background-repeat":"repeat","background-position":"center center","background-size":"auto","background-attachment":"scroll","background-type":"","background-media":"","overlay-type":"","overlay-color":"","overlay-opacity":"","overlay-gradient":""}},"footnotes":""},"class_list":["post-816","page","type-page","status-publish","hentry"],"_hostinger_reach_plugin_has_subscription_block":false,"_hostinger_reach_plugin_is_elementor":false,"_links":{"self":[{"href":"https:\/\/emprendamosjuntoscancun.com.mx\/en\/wp-json\/wp\/v2\/pages\/816","targetHints":{"allow":["GET"]}}],"collection":[{"href":"https:\/\/emprendamosjuntoscancun.com.mx\/en\/wp-json\/wp\/v2\/pages"}],"about":[{"href":"https:\/\/emprendamosjuntoscancun.com.mx\/en\/wp-json\/wp\/v2\/types\/page"}],"author":[{"embeddable":true,"href":"https:\/\/emprendamosjuntoscancun.com.mx\/en\/wp-json\/wp\/v2\/users\/1"}],"replies":[{"embeddable":true,"href":"https:\/\/emprendamosjuntoscancun.com.mx\/en\/wp-json\/wp\/v2\/comments?post=816"}],"version-history":[{"count":8,"href":"https:\/\/emprendamosjuntoscancun.com.mx\/en\/wp-json\/wp\/v2\/pages\/816\/revisions"}],"predecessor-version":[{"id":826,"href":"https:\/\/emprendamosjuntoscancun.com.mx\/en\/wp-json\/wp\/v2\/pages\/816\/revisions\/826"}],"wp:attachment":[{"href":"https:\/\/emprendamosjuntoscancun.com.mx\/en\/wp-json\/wp\/v2\/media?parent=816"}],"curies":[{"name":"wp","href":"https:\/\/api.w.org\/{rel}","templated":true}]}}