{"id":887,"date":"2025-01-01T20:48:14","date_gmt":"2025-01-01T20:48:14","guid":{"rendered":"https:\/\/emprendamosjuntoscancun.com.mx\/?page_id=887"},"modified":"2025-01-01T21:30:11","modified_gmt":"2025-01-01T21:30:11","slug":"windows-11","status":"publish","type":"page","link":"https:\/\/emprendamosjuntoscancun.com.mx\/en\/windows-11\/","title":{"rendered":"WINDOWS 11"},"content":{"rendered":"\t\t<div data-elementor-type=\"wp-page\" data-elementor-id=\"887\" class=\"elementor elementor-887\" data-elementor-post-type=\"page\">\n\t\t\t\t<div class=\"elementor-element elementor-element-43c7817 e-flex e-con-boxed e-con e-parent\" data-id=\"43c7817\" data-element_type=\"container\" data-e-type=\"container\" data-settings=\"{&quot;background_background&quot;:&quot;classic&quot;}\">\n\t\t\t\t\t<div class=\"e-con-inner\">\n\t\t<div class=\"elementor-element elementor-element-35caea1 e-con-full e-flex e-con e-child\" data-id=\"35caea1\" data-element_type=\"container\" data-e-type=\"container\">\n\t\t\t\t<div class=\"elementor-element elementor-element-61057e2 elementor-widget elementor-widget-theme-site-logo elementor-widget-image\" data-id=\"61057e2\" data-element_type=\"widget\" data-e-type=\"widget\" data-widget_type=\"theme-site-logo.default\">\n\t\t\t\t<div class=\"elementor-widget-container\">\n\t\t\t\t\t\t\t\t\t\t\t<a href=\"https:\/\/emprendamosjuntoscancun.com.mx\/en\">\n\t\t\t<img fetchpriority=\"high\" decoding=\"async\" width=\"1024\" height=\"1024\" src=\"https:\/\/emprendamosjuntoscancun.com.mx\/wp-content\/uploads\/2024\/03\/SGN_03_12_2024_1710276382839.png\" class=\"attachment-large size-large wp-image-20\" alt=\"\" srcset=\"https:\/\/emprendamosjuntoscancun.com.mx\/wp-content\/uploads\/2024\/03\/SGN_03_12_2024_1710276382839-1024x1024.png 1024w, https:\/\/emprendamosjuntoscancun.com.mx\/wp-content\/uploads\/2024\/03\/SGN_03_12_2024_1710276382839-300x300.png 300w, https:\/\/emprendamosjuntoscancun.com.mx\/wp-content\/uploads\/2024\/03\/SGN_03_12_2024_1710276382839-150x150.png 150w, https:\/\/emprendamosjuntoscancun.com.mx\/wp-content\/uploads\/2024\/03\/SGN_03_12_2024_1710276382839-768x768.png 768w, https:\/\/emprendamosjuntoscancun.com.mx\/wp-content\/uploads\/2024\/03\/SGN_03_12_2024_1710276382839-1536x1536.png 1536w, https:\/\/emprendamosjuntoscancun.com.mx\/wp-content\/uploads\/2024\/03\/SGN_03_12_2024_1710276382839-12x12.png 12w, https:\/\/emprendamosjuntoscancun.com.mx\/wp-content\/uploads\/2024\/03\/SGN_03_12_2024_1710276382839.png 1920w\" sizes=\"(max-width: 1024px) 100vw, 1024px\" \/>\t\t\t\t<\/a>\n\t\t\t\t\t\t\t\t\t\t\t<\/div>\n\t\t\t\t<\/div>\n\t\t\t\t<\/div>\n\t\t<div class=\"elementor-element elementor-element-9373558 e-con-full e-flex e-con e-child\" data-id=\"9373558\" data-element_type=\"container\" data-e-type=\"container\">\n\t\t\t\t<div class=\"elementor-element elementor-element-e59e122 elementor-nav-menu__align-center elementor-widget-mobile__width-initial elementor-nav-menu--dropdown-tablet elementor-nav-menu__text-align-aside elementor-nav-menu--toggle elementor-nav-menu--burger elementor-widget elementor-widget-nav-menu\" data-id=\"e59e122\" data-element_type=\"widget\" data-e-type=\"widget\" data-settings=\"{&quot;toggle_icon_hover_animation&quot;:&quot;wobble-bottom&quot;,&quot;submenu_icon&quot;:{&quot;value&quot;:&quot;&lt;i aria-hidden=\\&quot;true\\&quot; class=\\&quot;\\&quot;&gt;&lt;\\\/i&gt;&quot;,&quot;library&quot;:&quot;&quot;},&quot;motion_fx_motion_fx_scrolling&quot;:&quot;yes&quot;,&quot;layout&quot;:&quot;horizontal&quot;,&quot;toggle&quot;:&quot;burger&quot;,&quot;motion_fx_devices&quot;:[&quot;desktop&quot;,&quot;tablet&quot;,&quot;mobile&quot;]}\" data-widget_type=\"nav-menu.default\">\n\t\t\t\t<div class=\"elementor-widget-container\">\n\t\t\t\t\t\t\t\t<nav aria-label=\"Menu\" class=\"elementor-nav-menu--main elementor-nav-menu__container elementor-nav-menu--layout-horizontal e--pointer-framed e--animation-draw\">\n\t\t\t\t<ul id=\"menu-1-e59e122\" class=\"elementor-nav-menu\"><li class=\"menu-item menu-item-type-custom menu-item-object-custom menu-item-has-children menu-item-316\"><a aria-expanded=\"false\" href=\"http:\/\/emprendamosjuntoscancun.com.mx\" class=\"elementor-item menu-link\">INICIO<span role=\"button\" class=\"dropdown-menu-toggle ast-header-navigation-arrow\" tabindex=\"0\" aria-expanded=\"false\" aria-label=\"Menu Toggle\" aria-haspopup=\"true\"><\/span><\/a>\n<ul class=\"sub-menu elementor-nav-menu--dropdown\">\n\t<li class=\"menu-item menu-item-type-post_type menu-item-object-page menu-item-1741\"><a href=\"https:\/\/emprendamosjuntoscancun.com.mx\/en\/contenidos-y-redes-sociales\/\" class=\"elementor-sub-item menu-link\">CONTENIDOS Y REDES SOCIALES<\/a><\/li>\n\t<li class=\"menu-item menu-item-type-post_type menu-item-object-page menu-item-1748\"><a href=\"https:\/\/emprendamosjuntoscancun.com.mx\/en\/creacion-de-contenido-en-juegos-roblox-minecraft-delta-force-y-mas\/\" class=\"elementor-sub-item menu-link\">CUAL ES TU JUEGO FAVORITO<\/a><\/li>\n<\/ul>\n<\/li>\n<li class=\"menu-item menu-item-type-custom menu-item-object-custom menu-item-317\"><a href=\"http:\/\/emprendamosjuntoscancun.com.mx\/programas\/\" class=\"elementor-item menu-link\">PROGRAMAS<\/a><\/li>\n<li class=\"menu-item menu-item-type-post_type menu-item-object-page menu-item-1642\"><a href=\"https:\/\/emprendamosjuntoscancun.com.mx\/en\/minecraft\/\" class=\"elementor-item menu-link\">MINECRAFT<\/a><\/li>\n<\/ul>\t\t\t<\/nav>\n\t\t\t\t\t<div class=\"elementor-menu-toggle\" role=\"button\" tabindex=\"0\" aria-label=\"Menu Toggle\" aria-expanded=\"false\">\n\t\t\t<svg aria-hidden=\"true\" role=\"presentation\" class=\"elementor-menu-toggle__icon--open elementor-animation-wobble-bottom e-font-icon-svg e-eicon-menu-bar\" viewBox=\"0 0 1000 1000\" xmlns=\"http:\/\/www.w3.org\/2000\/svg\"><path d=\"M104 333H896C929 333 958 304 958 271S929 208 896 208H104C71 208 42 237 42 271S71 333 104 333ZM104 583H896C929 583 958 554 958 521S929 458 896 458H104C71 458 42 487 42 521S71 583 104 583ZM104 833H896C929 833 958 804 958 771S929 708 896 708H104C71 708 42 737 42 771S71 833 104 833Z\"><\/path><\/svg><svg aria-hidden=\"true\" role=\"presentation\" class=\"elementor-menu-toggle__icon--close elementor-animation-wobble-bottom e-font-icon-svg e-eicon-close\" viewBox=\"0 0 1000 1000\" xmlns=\"http:\/\/www.w3.org\/2000\/svg\"><path d=\"M742 167L500 408 258 167C246 154 233 150 217 150 196 150 179 158 167 167 154 179 150 196 150 212 150 229 154 242 171 254L408 500 167 742C138 771 138 800 167 829 196 858 225 858 254 829L496 587 738 829C750 842 767 846 783 846 800 846 817 842 829 829 842 817 846 804 846 783 846 767 842 750 829 737L588 500 833 258C863 229 863 200 833 171 804 137 775 137 742 167Z\"><\/path><\/svg>\t\t<\/div>\n\t\t\t\t\t<nav class=\"elementor-nav-menu--dropdown elementor-nav-menu__container\" aria-hidden=\"true\">\n\t\t\t\t<ul id=\"menu-2-e59e122\" class=\"elementor-nav-menu\"><li class=\"menu-item menu-item-type-custom menu-item-object-custom menu-item-has-children menu-item-316\"><a aria-expanded=\"false\" href=\"http:\/\/emprendamosjuntoscancun.com.mx\" class=\"elementor-item menu-link\" tabindex=\"-1\">INICIO<span role=\"button\" class=\"dropdown-menu-toggle ast-header-navigation-arrow\" tabindex=\"0\" aria-expanded=\"false\" aria-label=\"Menu Toggle\" aria-haspopup=\"true\"><\/span><\/a>\n<ul class=\"sub-menu elementor-nav-menu--dropdown\">\n\t<li class=\"menu-item menu-item-type-post_type menu-item-object-page menu-item-1741\"><a href=\"https:\/\/emprendamosjuntoscancun.com.mx\/en\/contenidos-y-redes-sociales\/\" class=\"elementor-sub-item menu-link\" tabindex=\"-1\">CONTENIDOS Y REDES SOCIALES<\/a><\/li>\n\t<li class=\"menu-item menu-item-type-post_type menu-item-object-page menu-item-1748\"><a href=\"https:\/\/emprendamosjuntoscancun.com.mx\/en\/creacion-de-contenido-en-juegos-roblox-minecraft-delta-force-y-mas\/\" class=\"elementor-sub-item menu-link\" tabindex=\"-1\">CUAL ES TU JUEGO FAVORITO<\/a><\/li>\n<\/ul>\n<\/li>\n<li class=\"menu-item menu-item-type-custom menu-item-object-custom menu-item-317\"><a href=\"http:\/\/emprendamosjuntoscancun.com.mx\/programas\/\" class=\"elementor-item menu-link\" tabindex=\"-1\">PROGRAMAS<\/a><\/li>\n<li class=\"menu-item menu-item-type-post_type menu-item-object-page menu-item-1642\"><a href=\"https:\/\/emprendamosjuntoscancun.com.mx\/en\/minecraft\/\" class=\"elementor-item menu-link\" tabindex=\"-1\">MINECRAFT<\/a><\/li>\n<\/ul>\t\t\t<\/nav>\n\t\t\t\t\t\t<\/div>\n\t\t\t\t<\/div>\n\t\t\t\t<\/div>\n\t\t<div class=\"elementor-element elementor-element-67c42e2 e-con-full e-flex e-con e-child\" data-id=\"67c42e2\" data-element_type=\"container\" data-e-type=\"container\">\n\t\t\t\t<div class=\"elementor-element elementor-element-fb58a4f elementor-shape-circle elementor-grid-2 e-grid-align-center elementor-widget elementor-widget-social-icons\" data-id=\"fb58a4f\" data-element_type=\"widget\" data-e-type=\"widget\" data-widget_type=\"social-icons.default\">\n\t\t\t\t<div class=\"elementor-widget-container\">\n\t\t\t\t\t\t\t<div class=\"elementor-social-icons-wrapper elementor-grid\" role=\"list\">\n\t\t\t\t\t\t\t<span class=\"elementor-grid-item\" role=\"listitem\">\n\t\t\t\t\t<a class=\"elementor-icon elementor-social-icon elementor-social-icon-facebook elementor-repeater-item-2b73b80\" target=\"_blank\">\n\t\t\t\t\t\t<span class=\"elementor-screen-only\">Facebook<\/span>\n\t\t\t\t\t\t<svg aria-hidden=\"true\" class=\"e-font-icon-svg e-fab-facebook\" viewBox=\"0 0 512 512\" xmlns=\"http:\/\/www.w3.org\/2000\/svg\"><path d=\"M504 256C504 119 393 8 256 8S8 119 8 256c0 123.78 90.69 226.38 209.25 245V327.69h-63V256h63v-54.64c0-62.15 37-96.48 93.67-96.48 27.14 0 55.52 4.84 55.52 4.84v61h-31.28c-30.8 0-40.41 19.12-40.41 38.73V256h68.78l-11 71.69h-57.78V501C413.31 482.38 504 379.78 504 256z\"><\/path><\/svg>\t\t\t\t\t<\/a>\n\t\t\t\t<\/span>\n\t\t\t\t\t\t\t<span class=\"elementor-grid-item\" role=\"listitem\">\n\t\t\t\t\t<a class=\"elementor-icon elementor-social-icon elementor-social-icon-youtube elementor-repeater-item-a6338c5\" href=\"https:\/\/www.youtube.com\/c\/SISTEMASSOPORTECOMUNIDAD\" target=\"_blank\" rel=\"noopener\">\n\t\t\t\t\t\t<span class=\"elementor-screen-only\">Youtube<\/span>\n\t\t\t\t\t\t<svg aria-hidden=\"true\" class=\"e-font-icon-svg e-fab-youtube\" viewBox=\"0 0 576 512\" xmlns=\"http:\/\/www.w3.org\/2000\/svg\"><path d=\"M549.655 124.083c-6.281-23.65-24.787-42.276-48.284-48.597C458.781 64 288 64 288 64S117.22 64 74.629 75.486c-23.497 6.322-42.003 24.947-48.284 48.597-11.412 42.867-11.412 132.305-11.412 132.305s0 89.438 11.412 132.305c6.281 23.65 24.787 41.5 48.284 47.821C117.22 448 288 448 288 448s170.78 0 213.371-11.486c23.497-6.321 42.003-24.171 48.284-47.821 11.412-42.867 11.412-132.305 11.412-132.305s0-89.438-11.412-132.305zm-317.51 213.508V175.185l142.739 81.205-142.739 81.201z\"><\/path><\/svg>\t\t\t\t\t<\/a>\n\t\t\t\t<\/span>\n\t\t\t\t\t<\/div>\n\t\t\t\t\t\t<\/div>\n\t\t\t\t<\/div>\n\t\t\t\t<\/div>\n\t\t\t\t\t<\/div>\n\t\t\t\t<\/div>\n\t\t<div class=\"elementor-element elementor-element-3a9dc90 e-flex e-con-boxed e-con e-parent\" data-id=\"3a9dc90\" data-element_type=\"container\" data-e-type=\"container\">\n\t\t\t\t\t<div class=\"e-con-inner\">\n\t\t<div class=\"elementor-element elementor-element-5cd3e10 e-flex e-con-boxed e-con e-child\" data-id=\"5cd3e10\" data-element_type=\"container\" data-e-type=\"container\">\n\t\t\t\t\t<div class=\"e-con-inner\">\n\t\t\t\t<div class=\"elementor-element elementor-element-5cce7c7 elementor-widget elementor-widget-text-editor\" data-id=\"5cce7c7\" data-element_type=\"widget\" data-e-type=\"widget\" data-widget_type=\"text-editor.default\">\n\t\t\t\t<div class=\"elementor-widget-container\">\n\t\t\t\t\t\t\t\t\t<p data-pm-slice=\"1 1 []\"><strong>Windows 11: Una Mirada General al Sistema Operativo de Nueva Generaci\u00f3n<\/strong><\/p><p>Microsoft lanz\u00f3 Windows 11 con la promesa de revolucionar la experiencia inform\u00e1tica mediante un dise\u00f1o moderno, mejoras significativas en rendimiento y nuevas herramientas que aumentan la productividad. Este sistema operativo se posiciona como un puente entre el trabajo, el entretenimiento y la conectividad en la era digital.<\/p><h3>Dise\u00f1o Renovado y Experiencia Visual<\/h3><p>Una de las caracter\u00edsticas m\u00e1s destacadas de Windows 11 es su redise\u00f1o visual. La barra de tareas y el men\u00fa de inicio se han centralizado, ofreciendo un aspecto m\u00e1s limpio y minimalista. Las esquinas redondeadas, los efectos de transparencia y los nuevos temas visuales reflejan una interfaz que prioriza la est\u00e9tica sin comprometer la funcionalidad.<\/p><p>El sistema introduce &#8220;Snap Layouts&#8221;, una herramienta que facilita la organizaci\u00f3n de ventanas abiertas en diferentes configuraciones. Esto es especialmente \u00fatil para usuarios multitarea, permitiendo trabajar en m\u00faltiples aplicaciones sin perder el enfoque.<\/p><h3>Requisitos y Compatibilidad<\/h3><p>Windows 11 est\u00e1 dise\u00f1ado para aprovechar las capacidades del hardware moderno. Entre sus requisitos m\u00ednimos se incluyen un procesador de 64 bits compatible, 4 GB de RAM, 64 GB de almacenamiento y compatibilidad con TPM 2.0. Estas especificaciones garantizan una experiencia fluida, pero tambi\u00e9n han generado controversia al dejar fuera a dispositivos m\u00e1s antiguos.<\/p><h3>Mejoras en Productividad<\/h3><p>Windows 11 est\u00e1 dise\u00f1ado para adaptarse a las necesidades de los usuarios modernos. Entre sus principales caracter\u00edsticas de productividad se encuentran:<\/p><ol start=\"1\" data-spread=\"true\"><li><p><strong>Microsoft Teams Integrado:<\/strong> Ahora integrado directamente en la barra de tareas, Teams facilita la comunicaci\u00f3n instant\u00e1nea tanto en entornos laborales como personales.<\/p><\/li><li><p><strong>Escritorios Virtuales:<\/strong> Los usuarios pueden personalizar m\u00faltiples escritorios para separar tareas de trabajo, estudio o entretenimiento.<\/p><\/li><li><p><strong>Widgets:<\/strong> Una nueva funcionalidad que permite acceder r\u00e1pidamente a informaci\u00f3n relevante como noticias, clima y calendarios directamente desde el escritorio.<\/p><\/li><\/ol><h3>Enfoque en el Gaming<\/h3><p>Microsoft ha puesto un \u00e9nfasis especial en los videojuegos con Windows 11. Gracias a tecnolog\u00edas como Auto HDR y DirectStorage, los jugadores pueden disfrutar de gr\u00e1ficos mejorados y tiempos de carga m\u00e1s r\u00e1pidos. Adem\u00e1s, la integraci\u00f3n con Xbox Game Pass permite a los usuarios acceder a una vasta biblioteca de juegos directamente desde su PC.<\/p><h3>Seguridad Mejorada<\/h3><p>Windows 11 incluye nuevas medidas de seguridad para proteger los datos de los usuarios. La compatibilidad con TPM 2.0 proporciona un nivel adicional de cifrado, mientras que las actualizaciones de Windows Defender garantizan una protecci\u00f3n constante contra amenazas emergentes. El enfoque en la seguridad es especialmente relevante en un mundo donde el trabajo remoto y la conexi\u00f3n constante son la norma.<\/p><h3>Aplicaciones y Microsoft Store<\/h3><p>La Microsoft Store ha sido completamente redise\u00f1ada en Windows 11. Ahora, los desarrolladores pueden publicar una gama m\u00e1s amplia de aplicaciones, incluidas aquellas creadas con frameworks como Win32, .NET y PWA. Adem\u00e1s, Windows 11 introduce la compatibilidad con aplicaciones de Android a trav\u00e9s de la colaboraci\u00f3n con Amazon Appstore.<\/p><h3>Desaf\u00edos y Recepci\u00f3n Inicial<\/h3><p>A pesar de sus innovaciones, Windows 11 ha enfrentado cr\u00edticas por sus altos requisitos de hardware y ciertos problemas de compatibilidad. Sin embargo, la mayor\u00eda de los usuarios han elogiado su dise\u00f1o intuitivo y las mejoras en rendimiento.<\/p><h3>Conclusi\u00f3n<\/h3><p>Windows 11 marca el inicio de una nueva era para los sistemas operativos de Microsoft. Con su enfoque en la productividad, el entretenimiento y la seguridad, este sistema operativo busca ofrecer una experiencia integral para usuarios de todos los niveles. Si bien no est\u00e1 exento de desaf\u00edos, su visi\u00f3n ambiciosa lo posiciona como un candidato s\u00f3lido para liderar la pr\u00f3xima d\u00e9cada en tecnolog\u00eda inform\u00e1tica.<\/p>\t\t\t\t\t\t\t\t<\/div>\n\t\t\t\t<\/div>\n\t\t\t\t\t<\/div>\n\t\t\t\t<\/div>\n\t\t\t\t\t<\/div>\n\t\t\t\t<\/div>\n\t\t<div class=\"elementor-element elementor-element-8251126 e-flex e-con-boxed e-con e-parent\" data-id=\"8251126\" data-element_type=\"container\" data-e-type=\"container\">\n\t\t\t\t\t<div class=\"e-con-inner\">\n\t\t<div class=\"elementor-element elementor-element-86f1781 e-con-full e-flex e-con e-child\" data-id=\"86f1781\" data-element_type=\"container\" data-e-type=\"container\">\n\t\t\t\t<div class=\"elementor-element elementor-element-007b66a elementor-widget elementor-widget-image\" data-id=\"007b66a\" data-element_type=\"widget\" data-e-type=\"widget\" data-widget_type=\"image.default\">\n\t\t\t\t<div class=\"elementor-widget-container\">\n\t\t\t\t\t\t\t\t\t\t\t\t<figure class=\"wp-caption\">\n\t\t\t\t\t\t\t\t\t\t\t<a href=\"https:\/\/www.microsoft.com\/es-es\/software-download\/windows11\" target=\"_blank\" rel=\"noopener\">\n\t\t\t\t\t\t\t<img decoding=\"async\" width=\"1024\" height=\"512\" src=\"https:\/\/emprendamosjuntoscancun.com.mx\/wp-content\/uploads\/2024\/03\/download-7641614_1280-1024x512.webp\" class=\"attachment-large size-large wp-image-465\" alt=\"\" srcset=\"https:\/\/emprendamosjuntoscancun.com.mx\/wp-content\/uploads\/2024\/03\/download-7641614_1280-1024x512.webp 1024w, https:\/\/emprendamosjuntoscancun.com.mx\/wp-content\/uploads\/2024\/03\/download-7641614_1280-300x150.webp 300w, https:\/\/emprendamosjuntoscancun.com.mx\/wp-content\/uploads\/2024\/03\/download-7641614_1280-768x384.webp 768w, https:\/\/emprendamosjuntoscancun.com.mx\/wp-content\/uploads\/2024\/03\/download-7641614_1280-18x9.webp 18w, https:\/\/emprendamosjuntoscancun.com.mx\/wp-content\/uploads\/2024\/03\/download-7641614_1280.webp 1280w\" sizes=\"(max-width: 1024px) 100vw, 1024px\" \/>\t\t\t\t\t\t\t\t<\/a>\n\t\t\t\t\t\t\t\t\t\t\t<figcaption class=\"widget-image-caption wp-caption-text\">DESCARGA WINDOWS 10<\/figcaption>\n\t\t\t\t\t\t\t\t\t\t<\/figure>\n\t\t\t\t\t\t\t\t\t<\/div>\n\t\t\t\t<\/div>\n\t\t\t\t<\/div>\n\t\t<div class=\"elementor-element elementor-element-5f791eb e-con-full e-flex e-con e-child\" data-id=\"5f791eb\" data-element_type=\"container\" data-e-type=\"container\">\n\t\t\t\t<div class=\"elementor-element elementor-element-ca3b716 elementor-widget elementor-widget-video\" data-id=\"ca3b716\" data-element_type=\"widget\" data-e-type=\"widget\" data-settings=\"{&quot;youtube_url&quot;:&quot;https:\\\/\\\/youtu.be\\\/BeW8CDyAEHU&quot;,&quot;video_type&quot;:&quot;youtube&quot;,&quot;controls&quot;:&quot;yes&quot;}\" data-widget_type=\"video.default\">\n\t\t\t\t<div class=\"elementor-widget-container\">\n\t\t\t\t\t\t\t<div class=\"elementor-wrapper elementor-open-inline\">\n\t\t\t<div class=\"elementor-video\"><\/div>\t\t<\/div>\n\t\t\t\t\t\t<\/div>\n\t\t\t\t<\/div>\n\t\t\t\t<\/div>\n\t\t<div class=\"elementor-element elementor-element-fb2d624 e-con-full e-flex e-con e-child\" data-id=\"fb2d624\" data-element_type=\"container\" data-e-type=\"container\">\n\t\t\t\t<\/div>\n\t\t\t\t\t<\/div>\n\t\t\t\t<\/div>\n\t\t\t\t<\/div>\n\t\t","protected":false},"excerpt":{"rendered":"<p>Facebook Youtube Windows 11: Una Mirada General al Sistema Operativo de Nueva Generaci\u00f3n Microsoft lanz\u00f3 Windows 11 con la promesa [&hellip;]<\/p>\n","protected":false},"author":1,"featured_media":0,"parent":0,"menu_order":0,"comment_status":"closed","ping_status":"closed","template":"","meta":{"site-sidebar-layout":"no-sidebar","site-content-layout":"","ast-site-content-layout":"full-width-container","site-content-style":"default","site-sidebar-style":"default","ast-global-header-display":"","ast-banner-title-visibility":"","ast-main-header-display":"","ast-hfb-above-header-display":"","ast-hfb-below-header-display":"","ast-hfb-mobile-header-display":"","site-post-title":"disabled","ast-breadcrumbs-content":"","ast-featured-img":"disabled","footer-sml-layout":"","ast-disable-related-posts":"","theme-transparent-header-meta":"","adv-header-id-meta":"","stick-header-meta":"","header-above-stick-meta":"","header-main-stick-meta":"","header-below-stick-meta":"","astra-migrate-meta-layouts":"default","ast-page-background-enabled":"default","ast-page-background-meta":{"desktop":{"background-color":"var(--ast-global-color-4)","background-image":"","background-repeat":"repeat","background-position":"center center","background-size":"auto","background-attachment":"scroll","background-type":"","background-media":"","overlay-type":"","overlay-color":"","overlay-opacity":"","overlay-gradient":""},"tablet":{"background-color":"","background-image":"","background-repeat":"repeat","background-position":"center center","background-size":"auto","background-attachment":"scroll","background-type":"","background-media":"","overlay-type":"","overlay-color":"","overlay-opacity":"","overlay-gradient":""},"mobile":{"background-color":"","background-image":"","background-repeat":"repeat","background-position":"center center","background-size":"auto","background-attachment":"scroll","background-type":"","background-media":"","overlay-type":"","overlay-color":"","overlay-opacity":"","overlay-gradient":""}},"ast-content-background-meta":{"desktop":{"background-color":"var(--ast-global-color-5)","background-image":"","background-repeat":"repeat","background-position":"center center","background-size":"auto","background-attachment":"scroll","background-type":"","background-media":"","overlay-type":"","overlay-color":"","overlay-opacity":"","overlay-gradient":""},"tablet":{"background-color":"var(--ast-global-color-5)","background-image":"","background-repeat":"repeat","background-position":"center center","background-size":"auto","background-attachment":"scroll","background-type":"","background-media":"","overlay-type":"","overlay-color":"","overlay-opacity":"","overlay-gradient":""},"mobile":{"background-color":"var(--ast-global-color-5)","background-image":"","background-repeat":"repeat","background-position":"center center","background-size":"auto","background-attachment":"scroll","background-type":"","background-media":"","overlay-type":"","overlay-color":"","overlay-opacity":"","overlay-gradient":""}},"footnotes":""},"class_list":["post-887","page","type-page","status-publish","hentry"],"_hostinger_reach_plugin_has_subscription_block":false,"_hostinger_reach_plugin_is_elementor":false,"_links":{"self":[{"href":"https:\/\/emprendamosjuntoscancun.com.mx\/en\/wp-json\/wp\/v2\/pages\/887","targetHints":{"allow":["GET"]}}],"collection":[{"href":"https:\/\/emprendamosjuntoscancun.com.mx\/en\/wp-json\/wp\/v2\/pages"}],"about":[{"href":"https:\/\/emprendamosjuntoscancun.com.mx\/en\/wp-json\/wp\/v2\/types\/page"}],"author":[{"embeddable":true,"href":"https:\/\/emprendamosjuntoscancun.com.mx\/en\/wp-json\/wp\/v2\/users\/1"}],"replies":[{"embeddable":true,"href":"https:\/\/emprendamosjuntoscancun.com.mx\/en\/wp-json\/wp\/v2\/comments?post=887"}],"version-history":[{"count":14,"href":"https:\/\/emprendamosjuntoscancun.com.mx\/en\/wp-json\/wp\/v2\/pages\/887\/revisions"}],"predecessor-version":[{"id":906,"href":"https:\/\/emprendamosjuntoscancun.com.mx\/en\/wp-json\/wp\/v2\/pages\/887\/revisions\/906"}],"wp:attachment":[{"href":"https:\/\/emprendamosjuntoscancun.com.mx\/en\/wp-json\/wp\/v2\/media?parent=887"}],"curies":[{"name":"wp","href":"https:\/\/api.w.org\/{rel}","templated":true}]}}