{"id":916,"date":"2025-01-29T00:25:18","date_gmt":"2025-01-29T00:25:18","guid":{"rendered":"https:\/\/emprendamosjuntoscancun.com.mx\/?page_id=916"},"modified":"2026-04-01T18:01:52","modified_gmt":"2026-04-01T18:01:52","slug":"macrium-reflect","status":"publish","type":"page","link":"https:\/\/emprendamosjuntoscancun.com.mx\/en\/macrium-reflect\/","title":{"rendered":"macrium-reflect"},"content":{"rendered":"<div data-elementor-type=\"wp-page\" data-elementor-id=\"916\" class=\"elementor elementor-916\" data-elementor-post-type=\"page\">\n\t\t\t\t<div class=\"elementor-element elementor-element-6f638bb e-con-full e-flex e-con e-parent\" data-id=\"6f638bb\" data-element_type=\"container\" data-e-type=\"container\" data-settings=\"{&quot;background_background&quot;:&quot;classic&quot;}\">\n\t\t<div class=\"elementor-element elementor-element-50eab63 e-con-full e-flex e-con e-child\" data-id=\"50eab63\" data-element_type=\"container\" data-e-type=\"container\">\n\t\t\t\t<div class=\"elementor-element elementor-element-5fe1b2c elementor-widget elementor-widget-theme-site-logo elementor-widget-image\" data-id=\"5fe1b2c\" data-element_type=\"widget\" data-e-type=\"widget\" data-widget_type=\"theme-site-logo.default\">\n\t\t\t\t<div class=\"elementor-widget-container\">\n\t\t\t\t\t\t\t\t\t\t\t<a href=\"https:\/\/emprendamosjuntoscancun.com.mx\/en\">\n\t\t\t<img fetchpriority=\"high\" decoding=\"async\" width=\"1024\" height=\"1024\" src=\"https:\/\/emprendamosjuntoscancun.com.mx\/wp-content\/uploads\/2024\/03\/SGN_03_12_2024_1710276382839.png\" class=\"attachment-large size-large wp-image-20\" alt=\"\" srcset=\"https:\/\/emprendamosjuntoscancun.com.mx\/wp-content\/uploads\/2024\/03\/SGN_03_12_2024_1710276382839-1024x1024.png 1024w, https:\/\/emprendamosjuntoscancun.com.mx\/wp-content\/uploads\/2024\/03\/SGN_03_12_2024_1710276382839-300x300.png 300w, https:\/\/emprendamosjuntoscancun.com.mx\/wp-content\/uploads\/2024\/03\/SGN_03_12_2024_1710276382839-150x150.png 150w, https:\/\/emprendamosjuntoscancun.com.mx\/wp-content\/uploads\/2024\/03\/SGN_03_12_2024_1710276382839-768x768.png 768w, https:\/\/emprendamosjuntoscancun.com.mx\/wp-content\/uploads\/2024\/03\/SGN_03_12_2024_1710276382839-1536x1536.png 1536w, https:\/\/emprendamosjuntoscancun.com.mx\/wp-content\/uploads\/2024\/03\/SGN_03_12_2024_1710276382839-12x12.png 12w, https:\/\/emprendamosjuntoscancun.com.mx\/wp-content\/uploads\/2024\/03\/SGN_03_12_2024_1710276382839.png 1920w\" sizes=\"(max-width: 1024px) 100vw, 1024px\" \/>\t\t\t\t<\/a>\n\t\t\t\t\t\t\t\t\t\t\t<\/div>\n\t\t\t\t<\/div>\n\t\t\t\t<\/div>\n\t\t<div class=\"elementor-element elementor-element-f48da7f e-con-full e-flex e-con e-child\" data-id=\"f48da7f\" data-element_type=\"container\" data-e-type=\"container\">\n\t\t\t\t<div class=\"elementor-element elementor-element-1703ef7 elementor-nav-menu__align-center elementor-widget-mobile__width-initial elementor-nav-menu--dropdown-none e-transform e-transform elementor-widget elementor-widget-nav-menu\" data-id=\"1703ef7\" data-element_type=\"widget\" data-e-type=\"widget\" data-settings=\"{&quot;submenu_icon&quot;:{&quot;value&quot;:&quot;&lt;i aria-hidden=\\&quot;true\\&quot; class=\\&quot;\\&quot;&gt;&lt;\\\/i&gt;&quot;,&quot;library&quot;:&quot;&quot;},&quot;layout&quot;:&quot;horizontal&quot;,&quot;_transform_rotateZ_effect&quot;:{&quot;unit&quot;:&quot;px&quot;,&quot;size&quot;:&quot;&quot;,&quot;sizes&quot;:[]},&quot;_transform_rotateZ_effect_tablet&quot;:{&quot;unit&quot;:&quot;deg&quot;,&quot;size&quot;:&quot;&quot;,&quot;sizes&quot;:[]},&quot;_transform_rotateZ_effect_mobile&quot;:{&quot;unit&quot;:&quot;deg&quot;,&quot;size&quot;:&quot;&quot;,&quot;sizes&quot;:[]},&quot;_transform_translateX_effect&quot;:{&quot;unit&quot;:&quot;px&quot;,&quot;size&quot;:&quot;&quot;,&quot;sizes&quot;:[]},&quot;_transform_translateX_effect_tablet&quot;:{&quot;unit&quot;:&quot;px&quot;,&quot;size&quot;:&quot;&quot;,&quot;sizes&quot;:[]},&quot;_transform_translateX_effect_mobile&quot;:{&quot;unit&quot;:&quot;px&quot;,&quot;size&quot;:&quot;&quot;,&quot;sizes&quot;:[]},&quot;_transform_translateY_effect&quot;:{&quot;unit&quot;:&quot;px&quot;,&quot;size&quot;:&quot;&quot;,&quot;sizes&quot;:[]},&quot;_transform_translateY_effect_tablet&quot;:{&quot;unit&quot;:&quot;px&quot;,&quot;size&quot;:&quot;&quot;,&quot;sizes&quot;:[]},&quot;_transform_translateY_effect_mobile&quot;:{&quot;unit&quot;:&quot;px&quot;,&quot;size&quot;:&quot;&quot;,&quot;sizes&quot;:[]}}\" data-widget_type=\"nav-menu.default\">\n\t\t\t\t<div class=\"elementor-widget-container\">\n\t\t\t\t\t\t\t\t<nav aria-label=\"Menu\" class=\"elementor-nav-menu--main elementor-nav-menu__container elementor-nav-menu--layout-horizontal e--pointer-none\">\n\t\t\t\t<ul id=\"menu-1-1703ef7\" class=\"elementor-nav-menu\"><li class=\"menu-item menu-item-type-custom menu-item-object-custom menu-item-has-children menu-item-316\"><a aria-expanded=\"false\" href=\"http:\/\/emprendamosjuntoscancun.com.mx\/en\/\" class=\"elementor-item menu-link\">HOME<span role=\"button\" class=\"dropdown-menu-toggle ast-header-navigation-arrow\" tabindex=\"0\" aria-expanded=\"false\" aria-label=\"Menu Toggle\" aria-haspopup=\"true\"><\/span><\/a>\n<ul class=\"sub-menu elementor-nav-menu--dropdown\">\n\t<li class=\"menu-item menu-item-type-post_type menu-item-object-page menu-item-1741\"><a href=\"https:\/\/emprendamosjuntoscancun.com.mx\/en\/contenidos-y-redes-sociales\/\" class=\"elementor-sub-item menu-link\">CONTENIDOS Y REDES SOCIALES<\/a><\/li>\n\t<li class=\"menu-item menu-item-type-post_type menu-item-object-page menu-item-1748\"><a href=\"https:\/\/emprendamosjuntoscancun.com.mx\/en\/creacion-de-contenido-en-juegos-roblox-minecraft-delta-force-y-mas\/\" class=\"elementor-sub-item menu-link\">CUAL ES TU JUEGO FAVORITO<\/a><\/li>\n<\/ul>\n<\/li>\n<li class=\"menu-item menu-item-type-custom menu-item-object-custom menu-item-317\"><a href=\"http:\/\/emprendamosjuntoscancun.com.mx\/en\/programas\/\" class=\"elementor-item menu-link\">PROGRAMS<\/a><\/li>\n<li class=\"menu-item menu-item-type-post_type menu-item-object-page menu-item-1642\"><a href=\"https:\/\/emprendamosjuntoscancun.com.mx\/en\/minecraft\/\" class=\"elementor-item menu-link\">MINECRAFT<\/a><\/li>\n<\/ul>\t\t\t<\/nav>\n\t\t\t\t\t\t<nav class=\"elementor-nav-menu--dropdown elementor-nav-menu__container\" aria-hidden=\"true\">\n\t\t\t\t<ul id=\"menu-2-1703ef7\" class=\"elementor-nav-menu\"><li class=\"menu-item menu-item-type-custom menu-item-object-custom menu-item-has-children menu-item-316\"><a aria-expanded=\"false\" href=\"http:\/\/emprendamosjuntoscancun.com.mx\/en\/\" class=\"elementor-item menu-link\" tabindex=\"-1\">HOME<span role=\"button\" class=\"dropdown-menu-toggle ast-header-navigation-arrow\" tabindex=\"0\" aria-expanded=\"false\" aria-label=\"Menu Toggle\" aria-haspopup=\"true\"><\/span><\/a>\n<ul class=\"sub-menu elementor-nav-menu--dropdown\">\n\t<li class=\"menu-item menu-item-type-post_type menu-item-object-page menu-item-1741\"><a href=\"https:\/\/emprendamosjuntoscancun.com.mx\/en\/contenidos-y-redes-sociales\/\" class=\"elementor-sub-item menu-link\" tabindex=\"-1\">CONTENIDOS Y REDES SOCIALES<\/a><\/li>\n\t<li class=\"menu-item menu-item-type-post_type menu-item-object-page menu-item-1748\"><a href=\"https:\/\/emprendamosjuntoscancun.com.mx\/en\/creacion-de-contenido-en-juegos-roblox-minecraft-delta-force-y-mas\/\" class=\"elementor-sub-item menu-link\" tabindex=\"-1\">CUAL ES TU JUEGO FAVORITO<\/a><\/li>\n<\/ul>\n<\/li>\n<li class=\"menu-item menu-item-type-custom menu-item-object-custom menu-item-317\"><a href=\"http:\/\/emprendamosjuntoscancun.com.mx\/en\/programas\/\" class=\"elementor-item menu-link\" tabindex=\"-1\">PROGRAMS<\/a><\/li>\n<li class=\"menu-item menu-item-type-post_type menu-item-object-page menu-item-1642\"><a href=\"https:\/\/emprendamosjuntoscancun.com.mx\/en\/minecraft\/\" class=\"elementor-item menu-link\" tabindex=\"-1\">MINECRAFT<\/a><\/li>\n<\/ul>\t\t\t<\/nav>\n\t\t\t\t\t\t<\/div>\n\t\t\t\t<\/div>\n\t\t\t\t<\/div>\n\t\t<div class=\"elementor-element elementor-element-bbc95cb e-con-full e-flex e-con e-child\" data-id=\"bbc95cb\" data-element_type=\"container\" data-e-type=\"container\">\n\t\t\t\t<div class=\"elementor-element elementor-element-c0caa4d elementor-shape-circle elementor-grid-4 e-grid-align-center elementor-widget elementor-widget-social-icons\" data-id=\"c0caa4d\" data-element_type=\"widget\" data-e-type=\"widget\" data-widget_type=\"social-icons.default\">\n\t\t\t\t<div class=\"elementor-widget-container\">\n\t\t\t\t\t\t\t<div class=\"elementor-social-icons-wrapper elementor-grid\" role=\"list\">\n\t\t\t\t\t\t\t<span class=\"elementor-grid-item\" role=\"listitem\">\n\t\t\t\t\t<a class=\"elementor-icon elementor-social-icon elementor-social-icon-facebook elementor-repeater-item-2b73b80\" href=\"http:\/\/facebook.com\/tiktoksistemasmx\" target=\"_blank\" rel=\"noopener\">\n\t\t\t\t\t\t<span class=\"elementor-screen-only\">Facebook<\/span>\n\t\t\t\t\t\t<svg aria-hidden=\"true\" class=\"e-font-icon-svg e-fab-facebook\" viewbox=\"0 0 512 512\" xmlns=\"http:\/\/www.w3.org\/2000\/svg\"><path d=\"M504 256C504 119 393 8 256 8S8 119 8 256c0 123.78 90.69 226.38 209.25 245V327.69h-63V256h63v-54.64c0-62.15 37-96.48 93.67-96.48 27.14 0 55.52 4.84 55.52 4.84v61h-31.28c-30.8 0-40.41 19.12-40.41 38.73V256h68.78l-11 71.69h-57.78V501C413.31 482.38 504 379.78 504 256z\"><\/path><\/svg>\t\t\t\t\t<\/a>\n\t\t\t\t<\/span>\n\t\t\t\t\t\t\t<span class=\"elementor-grid-item\" role=\"listitem\">\n\t\t\t\t\t<a class=\"elementor-icon elementor-social-icon elementor-social-icon-youtube elementor-repeater-item-a6338c5\" href=\"https:\/\/www.youtube.com\/c\/SISTEMASSOPORTECOMUNIDAD\" target=\"_blank\" rel=\"noopener\">\n\t\t\t\t\t\t<span class=\"elementor-screen-only\">Youtube<\/span>\n\t\t\t\t\t\t<svg aria-hidden=\"true\" class=\"e-font-icon-svg e-fab-youtube\" viewbox=\"0 0 576 512\" xmlns=\"http:\/\/www.w3.org\/2000\/svg\"><path d=\"M549.655 124.083c-6.281-23.65-24.787-42.276-48.284-48.597C458.781 64 288 64 288 64S117.22 64 74.629 75.486c-23.497 6.322-42.003 24.947-48.284 48.597-11.412 42.867-11.412 132.305-11.412 132.305s0 89.438 11.412 132.305c6.281 23.65 24.787 41.5 48.284 47.821C117.22 448 288 448 288 448s170.78 0 213.371-11.486c23.497-6.321 42.003-24.171 48.284-47.821 11.412-42.867 11.412-132.305 11.412-132.305s0-89.438-11.412-132.305zm-317.51 213.508V175.185l142.739 81.205-142.739 81.201z\"><\/path><\/svg>\t\t\t\t\t<\/a>\n\t\t\t\t<\/span>\n\t\t\t\t\t\t\t<span class=\"elementor-grid-item\" role=\"listitem\">\n\t\t\t\t\t<a class=\"elementor-icon elementor-social-icon elementor-social-icon-tiktok elementor-repeater-item-7e29ffd\" href=\"https:\/\/www.tiktok.com\/@sistemasmx?is_from_webapp=1&#038;sender_device=pc\" target=\"_blank\" rel=\"noopener\">\n\t\t\t\t\t\t<span class=\"elementor-screen-only\">Tiktok<\/span>\n\t\t\t\t\t\t<svg aria-hidden=\"true\" class=\"e-font-icon-svg e-fab-tiktok\" viewbox=\"0 0 448 512\" xmlns=\"http:\/\/www.w3.org\/2000\/svg\"><path d=\"M448,209.91a210.06,210.06,0,0,1-122.77-39.25V349.38A162.55,162.55,0,1,1,185,188.31V278.2a74.62,74.62,0,1,0,52.23,71.18V0l88,0a121.18,121.18,0,0,0,1.86,22.17h0A122.18,122.18,0,0,0,381,102.39a121.43,121.43,0,0,0,67,20.14Z\"><\/path><\/svg>\t\t\t\t\t<\/a>\n\t\t\t\t<\/span>\n\t\t\t\t\t<\/div>\n\t\t\t\t\t\t<\/div>\n\t\t\t\t<\/div>\n\t\t\t\t<\/div>\n\t\t\t\t<\/div>\n\t\t<div class=\"elementor-element elementor-element-3f63994 e-flex e-con-boxed e-con e-parent\" data-id=\"3f63994\" data-element_type=\"container\" data-e-type=\"container\">\n\t\t\t\t\t<div class=\"e-con-inner\">\n\t\t<div class=\"elementor-element elementor-element-7e883ef e-flex e-con-boxed e-con e-child\" data-id=\"7e883ef\" data-element_type=\"container\" data-e-type=\"container\">\n\t\t\t\t\t<div class=\"e-con-inner\">\n\t\t\t\t<div class=\"elementor-element elementor-element-252608c elementor-widget elementor-widget-image\" data-id=\"252608c\" data-element_type=\"widget\" data-e-type=\"widget\" data-widget_type=\"image.default\">\n\t\t\t\t<div class=\"elementor-widget-container\">\n\t\t\t\t\t\t\t\t\t\t\t\t\t\t\t<img decoding=\"async\" width=\"1024\" height=\"576\" src=\"https:\/\/emprendamosjuntoscancun.com.mx\/wp-content\/uploads\/2024\/03\/maxresdefault-1024x576.jpg\" class=\"attachment-large size-large wp-image-488\" alt=\"\" srcset=\"https:\/\/emprendamosjuntoscancun.com.mx\/wp-content\/uploads\/2024\/03\/maxresdefault-1024x576.jpg 1024w, https:\/\/emprendamosjuntoscancun.com.mx\/wp-content\/uploads\/2024\/03\/maxresdefault-300x169.jpg 300w, https:\/\/emprendamosjuntoscancun.com.mx\/wp-content\/uploads\/2024\/03\/maxresdefault-768x432.jpg 768w, https:\/\/emprendamosjuntoscancun.com.mx\/wp-content\/uploads\/2024\/03\/maxresdefault-18x10.jpg 18w, https:\/\/emprendamosjuntoscancun.com.mx\/wp-content\/uploads\/2024\/03\/maxresdefault.jpg 1280w\" sizes=\"(max-width: 1024px) 100vw, 1024px\" \/>\t\t\t\t\t\t\t\t\t\t\t\t\t\t\t<\/div>\n\t\t\t\t<\/div>\n\t\t\t\t\t<\/div>\n\t\t\t\t<\/div>\n\t\t\t\t\t<\/div>\n\t\t\t\t<\/div>\n\t\t<div class=\"elementor-element elementor-element-b0d89bd e-flex e-con-boxed e-con e-parent\" data-id=\"b0d89bd\" data-element_type=\"container\" data-e-type=\"container\">\n\t\t\t\t\t<div class=\"e-con-inner\">\n\t\t\t\t<div class=\"elementor-element elementor-element-2920d4c elementor-widget elementor-widget-html\" data-id=\"2920d4c\" data-element_type=\"widget\" data-e-type=\"widget\" data-widget_type=\"html.default\">\n\t\t\t\t<div class=\"elementor-widget-container\">\n\t\t\t\t\t<script async src=\"https:\/\/pagead2.googlesyndication.com\/pagead\/js\/adsbygoogle.js?client=ca-pub-7711412890468763\"\r\n     crossorigin=\"anonymous\"><\/script>\t\t\t\t<\/div>\n\t\t\t\t<\/div>\n\t\t\t\t\t<\/div>\n\t\t\t\t<\/div>\n\t\t<div class=\"elementor-element elementor-element-dbcfe45 e-flex e-con-boxed e-con e-parent\" data-id=\"dbcfe45\" data-element_type=\"container\" data-e-type=\"container\">\n\t\t\t\t\t<div class=\"e-con-inner\">\n\t\t\t\t<div class=\"elementor-element elementor-element-5fde747 elementor-widget elementor-widget-text-editor\" data-id=\"5fde747\" data-element_type=\"widget\" data-e-type=\"widget\" data-widget_type=\"text-editor.default\">\n\t\t\t\t<div class=\"elementor-widget-container\">\n\t\t\t\t\t\t\t\t\t<p><span style=\"color: #000000;\"><strong>Macrium Reflect Version 7: Un software de respaldo confiable y eficiente<\/strong><\/span><\/p><p><span style=\"color: #000000;\">Macrium Reflect es un software de respaldo de discos y recuperaci\u00f3n que se ha consolidado como una herramienta esencial tanto para usuarios particulares como para empresas. La versi\u00f3n 7 del software, lanzada por Macrium, marc\u00f3 un importante avance en t\u00e9rminos de funcionalidad, rendimiento y seguridad. A continuaci\u00f3n, te detallo sus principales caracter\u00edsticas y beneficios.<\/span><\/p><hr \/><h3><span style=\"color: #000000;\"><strong>Novedades de Macrium Reflect Version 7<\/strong><\/span><\/h3><p><span style=\"color: #000000;\">La versi\u00f3n 7 introdujo mejoras significativas respecto a sus predecesoras, consolid\u00e1ndose como una de las opciones m\u00e1s completas en el mercado de soluciones de respaldo y clonaci\u00f3n de discos.<\/span><\/p><h4><span style=\"color: #000000;\"><strong>1. Incremental Forever y Consolidaci\u00f3n R\u00e1pida<\/strong><\/span><\/h4><p><span style=\"color: #000000;\">La funcionalidad &#8220;Incremental Forever&#8221; permite realizar respaldos incrementales continuos, reduciendo significativamente el tiempo y espacio requerido. Adem\u00e1s, la consolidaci\u00f3n r\u00e1pida facilita la gesti\u00f3n de archivos de respaldo al combinar im\u00e1genes incrementales antiguas en una sola, optimizando el almacenamiento.<\/span><\/p><h4><span style=\"color: #000000;\"><strong>2. Protecci\u00f3n contra ransomware con Macrium Image Guardian (MIG)<\/strong><\/span><\/h4><p><span style=\"color: #000000;\">Uno de los avances m\u00e1s destacados de la versi\u00f3n 7 es el Macrium Image Guardian, una funci\u00f3n que protege los archivos de respaldo contra ataques de ransomware y acceso no autorizado, asegurando que los datos cr\u00edticos est\u00e9n siempre seguros.<\/span><\/p><h4><span style=\"color: #000000;\"><strong>3. Programaci\u00f3n avanzada y flexibilidad<\/strong><\/span><\/h4><p><span style=\"color: #000000;\">La versi\u00f3n 7 incluye un motor de programaci\u00f3n avanzado que permite establecer planes de respaldo diarios, semanales o personalizados. Esto garantiza que los respaldos se realicen sin interrupciones, incluso en sistemas con altos niveles de uso.<\/span><\/p><h4><span style=\"color: #000000;\"><strong>4. Restauraci\u00f3n r\u00e1pida con Rapid Delta Restore (RDR)<\/strong><\/span><\/h4><p><span style=\"color: #000000;\">El Rapid Delta Restore permite restaurar sistemas a un estado anterior de manera casi instant\u00e1nea, lo que es particularmente \u00fatil en situaciones cr\u00edticas donde el tiempo de inactividad debe ser m\u00ednimo.<\/span><\/p><h4><span style=\"color: #000000;\"><strong>5. Soporte para Windows PE y servidores<\/strong><\/span><\/h4><p><span style=\"color: #000000;\">Macrium Reflect 7 es compatible con una amplia gama de sistemas operativos, incluidos entornos Windows PE y servidores. Esto lo convierte en una soluci\u00f3n vers\u00e1til tanto para usuarios individuales como para empresas que requieren soluciones de respaldo robustas.<\/span><\/p><hr \/><h3><span style=\"color: #000000;\"><strong>Ventajas clave de Macrium Reflect 7<\/strong><\/span><\/h3><ul><li><span style=\"color: #000000;\"><strong>Seguridad avanzada:<\/strong> Gracias a MIG, los respaldos est\u00e1n protegidos contra modificaciones externas.<\/span><\/li><li><span style=\"color: #000000;\"><strong>Compatibilidad amplia:<\/strong> Funciona tanto en sistemas de 32 bits como de 64 bits, y es compatible con una variedad de sistemas operativos, desde Windows 7 hasta versiones m\u00e1s recientes.<\/span><\/li><li><span style=\"color: #000000;\"><strong>Rendimiento optimizado:<\/strong> La tecnolog\u00eda RDR permite restauraciones m\u00e1s r\u00e1pidas que nunca.<\/span><\/li><li><span style=\"color: #000000;\"><strong>Interfaz intuitiva:<\/strong> A pesar de sus potentes funciones, la interfaz de usuario sigue siendo accesible para principiantes y profesionales.<\/span><\/li><\/ul><hr \/><h3><span style=\"color: #000000;\"><strong>Versiones disponibles<\/strong><\/span><\/h3><p><span style=\"color: #000000;\">Macrium Reflect 7 se ofrece en varias ediciones para satisfacer diferentes necesidades:<\/span><\/p><ol><li><span style=\"color: #000000;\"><strong>Home Edition:<\/strong> Dise\u00f1ada para usuarios particulares que necesitan una soluci\u00f3n confiable para sus computadoras personales.<\/span><\/li><li><span style=\"color: #000000;\"><strong>Workstation Edition:<\/strong> Ideal para peque\u00f1as empresas que desean proteger estaciones de trabajo cr\u00edticas.<\/span><\/li><li><span style=\"color: #000000;\"><strong>Server Edition:<\/strong> Para respaldar y restaurar servidores con alta disponibilidad.<\/span><\/li><li><span style=\"color: #000000;\"><strong>Server Plus Edition:<\/strong> Incluye funciones avanzadas como respaldo de bases de datos Exchange y SQL.<\/span><\/li><\/ol><hr \/><h3><span style=\"color: #000000;\"><strong>Conclusi\u00f3n<\/strong><\/span><\/h3><p><span style=\"color: #000000;\">Macrium Reflect Version 7 es una herramienta poderosa y confiable para la creaci\u00f3n de respaldos y la recuperaci\u00f3n de datos. Su enfoque en la seguridad, la flexibilidad y el rendimiento lo convierten en una opci\u00f3n l\u00edder en el mercado, adecuada tanto para uso personal como profesional. Si buscas proteger tus datos de manera eficiente, esta versi\u00f3n de Macrium Reflect merece una seria consideraci\u00f3n.<\/span><\/p>\t\t\t\t\t\t\t\t<\/div>\n\t\t\t\t<\/div>\n\t\t\t\t\t<\/div>\n\t\t\t\t<\/div>\n\t\t<div class=\"elementor-element elementor-element-291729a e-flex e-con-boxed e-con e-parent\" data-id=\"291729a\" data-element_type=\"container\" data-e-type=\"container\">\n\t\t\t\t\t<div class=\"e-con-inner\">\n\t\t<div class=\"elementor-element elementor-element-4375669 e-con-full e-flex e-con e-child\" data-id=\"4375669\" data-element_type=\"container\" data-e-type=\"container\">\n\t\t\t\t<div class=\"elementor-element elementor-element-ed38b1c elementor-widget elementor-widget-image\" data-id=\"ed38b1c\" data-element_type=\"widget\" data-e-type=\"widget\" data-widget_type=\"image.default\">\n\t\t\t\t<div class=\"elementor-widget-container\">\n\t\t\t\t\t\t\t\t\t\t\t\t<figure class=\"wp-caption\">\n\t\t\t\t\t\t\t\t\t\t\t<a href=\"https:\/\/www.mediafire.com\/file\/256oqpfwqpbmr1e\/Macrium.zip\/file\" target=\"_blank\" rel=\"noopener\">\n\t\t\t\t\t\t\t<img decoding=\"async\" width=\"1024\" height=\"512\" src=\"https:\/\/emprendamosjuntoscancun.com.mx\/wp-content\/uploads\/2024\/03\/download-7641614_1280-1024x512.webp\" class=\"attachment-large size-large wp-image-465\" alt=\"\" srcset=\"https:\/\/emprendamosjuntoscancun.com.mx\/wp-content\/uploads\/2024\/03\/download-7641614_1280-1024x512.webp 1024w, https:\/\/emprendamosjuntoscancun.com.mx\/wp-content\/uploads\/2024\/03\/download-7641614_1280-300x150.webp 300w, https:\/\/emprendamosjuntoscancun.com.mx\/wp-content\/uploads\/2024\/03\/download-7641614_1280-768x384.webp 768w, https:\/\/emprendamosjuntoscancun.com.mx\/wp-content\/uploads\/2024\/03\/download-7641614_1280-18x9.webp 18w, https:\/\/emprendamosjuntoscancun.com.mx\/wp-content\/uploads\/2024\/03\/download-7641614_1280.webp 1280w\" sizes=\"(max-width: 1024px) 100vw, 1024px\" \/>\t\t\t\t\t\t\t\t<\/a>\n\t\t\t\t\t\t\t\t\t\t\t<figcaption class=\"widget-image-caption wp-caption-text\">DESCARGA MACRIUM REFLECT 7<\/figcaption>\n\t\t\t\t\t\t\t\t\t\t<\/figure>\n\t\t\t\t\t\t\t\t\t<\/div>\n\t\t\t\t<\/div>\n\t\t\t\t<\/div>\n\t\t<div class=\"elementor-element elementor-element-08514cc e-con-full e-flex e-con e-child\" data-id=\"08514cc\" data-element_type=\"container\" data-e-type=\"container\">\n\t\t\t\t<div class=\"elementor-element elementor-element-df85ac7 elementor-widget elementor-widget-video\" data-id=\"df85ac7\" data-element_type=\"widget\" data-e-type=\"widget\" data-settings=\"{&quot;youtube_url&quot;:&quot;https:\\\/\\\/youtu.be\\\/yFYq1JwFaWo&quot;,&quot;video_type&quot;:&quot;youtube&quot;,&quot;controls&quot;:&quot;yes&quot;}\" data-widget_type=\"video.default\">\n\t\t\t\t<div class=\"elementor-widget-container\">\n\t\t\t\t\t\t\t<div class=\"elementor-wrapper elementor-open-inline\">\n\t\t\t<div class=\"elementor-video\"><\/div>\t\t<\/div>\n\t\t\t\t\t\t<\/div>\n\t\t\t\t<\/div>\n\t\t\t\t<\/div>\n\t\t<div class=\"elementor-element elementor-element-6c8c044 e-con-full e-flex e-con e-child\" data-id=\"6c8c044\" data-element_type=\"container\" data-e-type=\"container\">\n\t\t\t\t<\/div>\n\t\t\t\t\t<\/div>\n\t\t\t\t<\/div>\n\t\t\t\t<\/div>","protected":false},"excerpt":{"rendered":"<p>Facebook Youtube Tiktok Macrium Reflect Version 7: Un software de respaldo confiable y eficiente Macrium Reflect es un software de [&hellip;]<\/p>\n","protected":false},"author":1,"featured_media":0,"parent":0,"menu_order":0,"comment_status":"open","ping_status":"closed","template":"","meta":{"site-sidebar-layout":"no-sidebar","site-content-layout":"","ast-site-content-layout":"full-width-container","site-content-style":"default","site-sidebar-style":"default","ast-global-header-display":"","ast-banner-title-visibility":"","ast-main-header-display":"","ast-hfb-above-header-display":"","ast-hfb-below-header-display":"","ast-hfb-mobile-header-display":"","site-post-title":"disabled","ast-breadcrumbs-content":"","ast-featured-img":"disabled","footer-sml-layout":"","ast-disable-related-posts":"","theme-transparent-header-meta":"","adv-header-id-meta":"","stick-header-meta":"","header-above-stick-meta":"","header-main-stick-meta":"","header-below-stick-meta":"","astra-migrate-meta-layouts":"default","ast-page-background-enabled":"default","ast-page-background-meta":{"desktop":{"background-color":"var(--ast-global-color-4)","background-image":"","background-repeat":"repeat","background-position":"center center","background-size":"auto","background-attachment":"scroll","background-type":"","background-media":"","overlay-type":"","overlay-color":"","overlay-opacity":"","overlay-gradient":""},"tablet":{"background-color":"","background-image":"","background-repeat":"repeat","background-position":"center center","background-size":"auto","background-attachment":"scroll","background-type":"","background-media":"","overlay-type":"","overlay-color":"","overlay-opacity":"","overlay-gradient":""},"mobile":{"background-color":"","background-image":"","background-repeat":"repeat","background-position":"center center","background-size":"auto","background-attachment":"scroll","background-type":"","background-media":"","overlay-type":"","overlay-color":"","overlay-opacity":"","overlay-gradient":""}},"ast-content-background-meta":{"desktop":{"background-color":"var(--ast-global-color-5)","background-image":"","background-repeat":"repeat","background-position":"center center","background-size":"auto","background-attachment":"scroll","background-type":"","background-media":"","overlay-type":"","overlay-color":"","overlay-opacity":"","overlay-gradient":""},"tablet":{"background-color":"var(--ast-global-color-5)","background-image":"","background-repeat":"repeat","background-position":"center center","background-size":"auto","background-attachment":"scroll","background-type":"","background-media":"","overlay-type":"","overlay-color":"","overlay-opacity":"","overlay-gradient":""},"mobile":{"background-color":"var(--ast-global-color-5)","background-image":"","background-repeat":"repeat","background-position":"center center","background-size":"auto","background-attachment":"scroll","background-type":"","background-media":"","overlay-type":"","overlay-color":"","overlay-opacity":"","overlay-gradient":""}},"footnotes":""},"class_list":["post-916","page","type-page","status-publish","hentry"],"_hostinger_reach_plugin_has_subscription_block":false,"_hostinger_reach_plugin_is_elementor":false,"_links":{"self":[{"href":"https:\/\/emprendamosjuntoscancun.com.mx\/en\/wp-json\/wp\/v2\/pages\/916","targetHints":{"allow":["GET"]}}],"collection":[{"href":"https:\/\/emprendamosjuntoscancun.com.mx\/en\/wp-json\/wp\/v2\/pages"}],"about":[{"href":"https:\/\/emprendamosjuntoscancun.com.mx\/en\/wp-json\/wp\/v2\/types\/page"}],"author":[{"embeddable":true,"href":"https:\/\/emprendamosjuntoscancun.com.mx\/en\/wp-json\/wp\/v2\/users\/1"}],"replies":[{"embeddable":true,"href":"https:\/\/emprendamosjuntoscancun.com.mx\/en\/wp-json\/wp\/v2\/comments?post=916"}],"version-history":[{"count":18,"href":"https:\/\/emprendamosjuntoscancun.com.mx\/en\/wp-json\/wp\/v2\/pages\/916\/revisions"}],"predecessor-version":[{"id":1995,"href":"https:\/\/emprendamosjuntoscancun.com.mx\/en\/wp-json\/wp\/v2\/pages\/916\/revisions\/1995"}],"wp:attachment":[{"href":"https:\/\/emprendamosjuntoscancun.com.mx\/en\/wp-json\/wp\/v2\/media?parent=916"}],"curies":[{"name":"wp","href":"https:\/\/api.w.org\/{rel}","templated":true}]}}