{"id":961,"date":"2025-02-01T18:48:02","date_gmt":"2025-02-01T18:48:02","guid":{"rendered":"https:\/\/emprendamosjuntoscancun.com.mx\/?page_id=961"},"modified":"2026-03-25T22:02:47","modified_gmt":"2026-03-25T22:02:47","slug":"probando-office-2016","status":"publish","type":"page","link":"https:\/\/emprendamosjuntoscancun.com.mx\/en\/probando-office-2016\/","title":{"rendered":"OFFICE 2016"},"content":{"rendered":"<div data-elementor-type=\"wp-page\" data-elementor-id=\"961\" class=\"elementor elementor-961\" data-elementor-post-type=\"page\">\n\t\t\t\t<div class=\"elementor-element elementor-element-86bdcd5 e-flex e-con-boxed e-con e-parent\" data-id=\"86bdcd5\" data-element_type=\"container\" data-e-type=\"container\" data-settings=\"{&quot;background_background&quot;:&quot;classic&quot;}\">\n\t\t\t\t\t<div class=\"e-con-inner\">\n\t\t<div class=\"elementor-element elementor-element-f1756ba e-con-full e-flex e-con e-child\" data-id=\"f1756ba\" data-element_type=\"container\" data-e-type=\"container\">\n\t\t\t\t<div class=\"elementor-element elementor-element-05147ae elementor-widget elementor-widget-theme-site-logo elementor-widget-image\" data-id=\"05147ae\" data-element_type=\"widget\" data-e-type=\"widget\" data-widget_type=\"theme-site-logo.default\">\n\t\t\t\t<div class=\"elementor-widget-container\">\n\t\t\t\t\t\t\t\t\t\t\t<a href=\"https:\/\/emprendamosjuntoscancun.com.mx\/en\">\n\t\t\t<img fetchpriority=\"high\" decoding=\"async\" width=\"1024\" height=\"1024\" src=\"https:\/\/emprendamosjuntoscancun.com.mx\/wp-content\/uploads\/2024\/03\/SGN_03_12_2024_1710276382839.png\" class=\"attachment-large size-large wp-image-20\" alt=\"\" srcset=\"https:\/\/emprendamosjuntoscancun.com.mx\/wp-content\/uploads\/2024\/03\/SGN_03_12_2024_1710276382839-1024x1024.png 1024w, https:\/\/emprendamosjuntoscancun.com.mx\/wp-content\/uploads\/2024\/03\/SGN_03_12_2024_1710276382839-300x300.png 300w, https:\/\/emprendamosjuntoscancun.com.mx\/wp-content\/uploads\/2024\/03\/SGN_03_12_2024_1710276382839-150x150.png 150w, https:\/\/emprendamosjuntoscancun.com.mx\/wp-content\/uploads\/2024\/03\/SGN_03_12_2024_1710276382839-768x768.png 768w, https:\/\/emprendamosjuntoscancun.com.mx\/wp-content\/uploads\/2024\/03\/SGN_03_12_2024_1710276382839-1536x1536.png 1536w, https:\/\/emprendamosjuntoscancun.com.mx\/wp-content\/uploads\/2024\/03\/SGN_03_12_2024_1710276382839-12x12.png 12w, https:\/\/emprendamosjuntoscancun.com.mx\/wp-content\/uploads\/2024\/03\/SGN_03_12_2024_1710276382839.png 1920w\" sizes=\"(max-width: 1024px) 100vw, 1024px\" \/>\t\t\t\t<\/a>\n\t\t\t\t\t\t\t\t\t\t\t<\/div>\n\t\t\t\t<\/div>\n\t\t\t\t<\/div>\n\t\t<div class=\"elementor-element elementor-element-e872563 e-con-full e-flex e-con e-child\" data-id=\"e872563\" data-element_type=\"container\" data-e-type=\"container\">\n\t\t\t\t<div class=\"elementor-element elementor-element-77e05f3 elementor-nav-menu__text-align-center elementor-nav-menu--toggle elementor-nav-menu--burger elementor-widget elementor-widget-nav-menu\" data-id=\"77e05f3\" data-element_type=\"widget\" data-e-type=\"widget\" data-settings=\"{&quot;layout&quot;:&quot;dropdown&quot;,&quot;toggle_icon_hover_animation&quot;:&quot;pulse&quot;,&quot;submenu_icon&quot;:{&quot;value&quot;:&quot;&lt;svg aria-hidden=\\&quot;true\\&quot; class=\\&quot;e-font-icon-svg e-fas-caret-down\\&quot; viewBox=\\&quot;0 0 320 512\\&quot; xmlns=\\&quot;http:\\\/\\\/www.w3.org\\\/2000\\\/svg\\&quot;&gt;&lt;path d=\\&quot;M31.3 192h257.3c17.8 0 26.7 21.5 14.1 34.1L174.1 354.8c-7.8 7.8-20.5 7.8-28.3 0L17.2 226.1C4.6 213.5 13.5 192 31.3 192z\\&quot;&gt;&lt;\\\/path&gt;&lt;\\\/svg&gt;&quot;,&quot;library&quot;:&quot;fa-solid&quot;},&quot;toggle&quot;:&quot;burger&quot;}\" data-widget_type=\"nav-menu.default\">\n\t\t\t\t<div class=\"elementor-widget-container\">\n\t\t\t\t\t\t\t<div class=\"elementor-menu-toggle\" role=\"button\" tabindex=\"0\" aria-label=\"Menu Toggle\" aria-expanded=\"false\">\n\t\t\t<svg aria-hidden=\"true\" role=\"presentation\" class=\"elementor-menu-toggle__icon--open elementor-animation-pulse e-font-icon-svg e-eicon-menu-bar\" viewbox=\"0 0 1000 1000\" xmlns=\"http:\/\/www.w3.org\/2000\/svg\"><path d=\"M104 333H896C929 333 958 304 958 271S929 208 896 208H104C71 208 42 237 42 271S71 333 104 333ZM104 583H896C929 583 958 554 958 521S929 458 896 458H104C71 458 42 487 42 521S71 583 104 583ZM104 833H896C929 833 958 804 958 771S929 708 896 708H104C71 708 42 737 42 771S71 833 104 833Z\"><\/path><\/svg><svg aria-hidden=\"true\" role=\"presentation\" class=\"elementor-menu-toggle__icon--close elementor-animation-pulse e-font-icon-svg e-eicon-close\" viewbox=\"0 0 1000 1000\" xmlns=\"http:\/\/www.w3.org\/2000\/svg\"><path d=\"M742 167L500 408 258 167C246 154 233 150 217 150 196 150 179 158 167 167 154 179 150 196 150 212 150 229 154 242 171 254L408 500 167 742C138 771 138 800 167 829 196 858 225 858 254 829L496 587 738 829C750 842 767 846 783 846 800 846 817 842 829 829 842 817 846 804 846 783 846 767 842 750 829 737L588 500 833 258C863 229 863 200 833 171 804 137 775 137 742 167Z\"><\/path><\/svg>\t\t<\/div>\n\t\t\t\t\t<nav class=\"elementor-nav-menu--dropdown elementor-nav-menu__container\" aria-hidden=\"true\">\n\t\t\t\t<ul id=\"menu-2-77e05f3\" class=\"elementor-nav-menu\"><li class=\"menu-item menu-item-type-custom menu-item-object-custom menu-item-has-children menu-item-316\"><a aria-expanded=\"false\" href=\"http:\/\/emprendamosjuntoscancun.com.mx\/en\/\" class=\"elementor-item menu-link\" tabindex=\"-1\">HOME<span role=\"button\" class=\"dropdown-menu-toggle ast-header-navigation-arrow\" tabindex=\"0\" aria-expanded=\"false\" aria-label=\"Menu Toggle\" aria-haspopup=\"true\"><\/span><\/a>\n<ul class=\"sub-menu elementor-nav-menu--dropdown\">\n\t<li class=\"menu-item menu-item-type-post_type menu-item-object-page menu-item-1741\"><a href=\"https:\/\/emprendamosjuntoscancun.com.mx\/en\/contenidos-y-redes-sociales\/\" class=\"elementor-sub-item menu-link\" tabindex=\"-1\">CONTENIDOS Y REDES SOCIALES<\/a><\/li>\n\t<li class=\"menu-item menu-item-type-post_type menu-item-object-page menu-item-1748\"><a href=\"https:\/\/emprendamosjuntoscancun.com.mx\/en\/creacion-de-contenido-en-juegos-roblox-minecraft-delta-force-y-mas\/\" class=\"elementor-sub-item menu-link\" tabindex=\"-1\">CUAL ES TU JUEGO FAVORITO<\/a><\/li>\n<\/ul>\n<\/li>\n<li class=\"menu-item menu-item-type-custom menu-item-object-custom menu-item-317\"><a href=\"http:\/\/emprendamosjuntoscancun.com.mx\/en\/programas\/\" class=\"elementor-item menu-link\" tabindex=\"-1\">PROGRAMS<\/a><\/li>\n<li class=\"menu-item menu-item-type-post_type menu-item-object-page menu-item-1642\"><a href=\"https:\/\/emprendamosjuntoscancun.com.mx\/en\/minecraft\/\" class=\"elementor-item menu-link\" tabindex=\"-1\">MINECRAFT<\/a><\/li>\n<\/ul>\t\t\t<\/nav>\n\t\t\t\t\t\t<\/div>\n\t\t\t\t<\/div>\n\t\t\t\t<\/div>\n\t\t\t\t<div class=\"elementor-element elementor-element-292ac36 elementor-shape-circle elementor-grid-2 e-grid-align-center elementor-widget elementor-widget-social-icons\" data-id=\"292ac36\" data-element_type=\"widget\" data-e-type=\"widget\" data-widget_type=\"social-icons.default\">\n\t\t\t\t<div class=\"elementor-widget-container\">\n\t\t\t\t\t\t\t<div class=\"elementor-social-icons-wrapper elementor-grid\" role=\"list\">\n\t\t\t\t\t\t\t<span class=\"elementor-grid-item\" role=\"listitem\">\n\t\t\t\t\t<a class=\"elementor-icon elementor-social-icon elementor-social-icon-facebook elementor-repeater-item-2b73b80\" target=\"_blank\">\n\t\t\t\t\t\t<span class=\"elementor-screen-only\">Facebook<\/span>\n\t\t\t\t\t\t<svg aria-hidden=\"true\" class=\"e-font-icon-svg e-fab-facebook\" viewbox=\"0 0 512 512\" xmlns=\"http:\/\/www.w3.org\/2000\/svg\"><path d=\"M504 256C504 119 393 8 256 8S8 119 8 256c0 123.78 90.69 226.38 209.25 245V327.69h-63V256h63v-54.64c0-62.15 37-96.48 93.67-96.48 27.14 0 55.52 4.84 55.52 4.84v61h-31.28c-30.8 0-40.41 19.12-40.41 38.73V256h68.78l-11 71.69h-57.78V501C413.31 482.38 504 379.78 504 256z\"><\/path><\/svg>\t\t\t\t\t<\/a>\n\t\t\t\t<\/span>\n\t\t\t\t\t\t\t<span class=\"elementor-grid-item\" role=\"listitem\">\n\t\t\t\t\t<a class=\"elementor-icon elementor-social-icon elementor-social-icon-youtube elementor-repeater-item-a6338c5\" href=\"https:\/\/www.youtube.com\/c\/SISTEMASSOPORTECOMUNIDAD\" target=\"_blank\" rel=\"noopener\">\n\t\t\t\t\t\t<span class=\"elementor-screen-only\">Youtube<\/span>\n\t\t\t\t\t\t<svg aria-hidden=\"true\" class=\"e-font-icon-svg e-fab-youtube\" viewbox=\"0 0 576 512\" xmlns=\"http:\/\/www.w3.org\/2000\/svg\"><path d=\"M549.655 124.083c-6.281-23.65-24.787-42.276-48.284-48.597C458.781 64 288 64 288 64S117.22 64 74.629 75.486c-23.497 6.322-42.003 24.947-48.284 48.597-11.412 42.867-11.412 132.305-11.412 132.305s0 89.438 11.412 132.305c6.281 23.65 24.787 41.5 48.284 47.821C117.22 448 288 448 288 448s170.78 0 213.371-11.486c23.497-6.321 42.003-24.171 48.284-47.821 11.412-42.867 11.412-132.305 11.412-132.305s0-89.438-11.412-132.305zm-317.51 213.508V175.185l142.739 81.205-142.739 81.201z\"><\/path><\/svg>\t\t\t\t\t<\/a>\n\t\t\t\t<\/span>\n\t\t\t\t\t<\/div>\n\t\t\t\t\t\t<\/div>\n\t\t\t\t<\/div>\n\t\t\t\t\t<\/div>\n\t\t\t\t<\/div>\n\t\t<div class=\"elementor-element elementor-element-dc536c9 e-flex e-con-boxed e-con e-parent\" data-id=\"dc536c9\" data-element_type=\"container\" data-e-type=\"container\">\n\t\t\t\t\t<div class=\"e-con-inner\">\n\t\t<div class=\"elementor-element elementor-element-4438165 e-con-full e-flex e-con e-child\" data-id=\"4438165\" data-element_type=\"container\" data-e-type=\"container\">\n\t\t\t\t<\/div>\n\t\t<div class=\"elementor-element elementor-element-9ee64a0 e-con-full e-flex e-con e-child\" data-id=\"9ee64a0\" data-element_type=\"container\" data-e-type=\"container\">\n\t\t<div class=\"elementor-element elementor-element-0baf9c7 e-con-full e-flex e-con e-child\" data-id=\"0baf9c7\" data-element_type=\"container\" data-e-type=\"container\">\n\t\t\t\t<div class=\"elementor-element elementor-element-a303433 elementor-widget elementor-widget-image\" data-id=\"a303433\" data-element_type=\"widget\" data-e-type=\"widget\" data-widget_type=\"image.default\">\n\t\t\t\t<div class=\"elementor-widget-container\">\n\t\t\t\t\t\t\t\t\t\t\t\t\t\t\t<img decoding=\"async\" width=\"1024\" height=\"576\" src=\"https:\/\/emprendamosjuntoscancun.com.mx\/wp-content\/uploads\/2025\/02\/office-2016-descarga-gratis-crack-1024x576.webp\" class=\"attachment-large size-large wp-image-964\" alt=\"\" srcset=\"https:\/\/emprendamosjuntoscancun.com.mx\/wp-content\/uploads\/2025\/02\/office-2016-descarga-gratis-crack-1024x576.webp 1024w, https:\/\/emprendamosjuntoscancun.com.mx\/wp-content\/uploads\/2025\/02\/office-2016-descarga-gratis-crack-300x169.webp 300w, https:\/\/emprendamosjuntoscancun.com.mx\/wp-content\/uploads\/2025\/02\/office-2016-descarga-gratis-crack-768x432.webp 768w, https:\/\/emprendamosjuntoscancun.com.mx\/wp-content\/uploads\/2025\/02\/office-2016-descarga-gratis-crack.webp 1280w\" sizes=\"(max-width: 1024px) 100vw, 1024px\" \/>\t\t\t\t\t\t\t\t\t\t\t\t\t\t\t<\/div>\n\t\t\t\t<\/div>\n\t\t\t\t<\/div>\n\t\t\t\t<\/div>\n\t\t<div class=\"elementor-element elementor-element-bf1866c e-con-full e-flex e-con e-child\" data-id=\"bf1866c\" data-element_type=\"container\" data-e-type=\"container\">\n\t\t\t\t<\/div>\n\t\t\t\t\t<\/div>\n\t\t\t\t<\/div>\n\t\t<div class=\"elementor-element elementor-element-40f23ba e-flex e-con-boxed e-con e-parent\" data-id=\"40f23ba\" data-element_type=\"container\" data-e-type=\"container\">\n\t\t\t\t\t<div class=\"e-con-inner\">\n\t\t\t\t<div class=\"elementor-element elementor-element-83bad08 elementor-widget elementor-widget-text-editor\" data-id=\"83bad08\" data-element_type=\"widget\" data-e-type=\"widget\" data-widget_type=\"text-editor.default\">\n\t\t\t\t<div class=\"elementor-widget-container\">\n\t\t\t\t\t\t\t\t\t<h1 data-pm-slice=\"1 1 []\">Office 2016: Caracter\u00edsticas, Ventajas y Comparaci\u00f3n<\/h1><h2>Introducci\u00f3n<\/h2><p>Microsoft Office 2016 es una de las versiones m\u00e1s importantes de la suite de productividad de Microsoft. Lanzado oficialmente el 22 de septiembre de 2015, Office 2016 trajo consigo nuevas caracter\u00edsticas dise\u00f1adas para mejorar la colaboraci\u00f3n, la seguridad y la integraci\u00f3n con la nube. En este art\u00edculo, exploraremos las principales funcionalidades, ventajas y diferencias con versiones anteriores, adem\u00e1s de su impacto en el mundo empresarial y educativo.<\/p><h2>Principales caracter\u00edsticas de Office 2016<\/h2><p>Office 2016 introdujo varias mejoras significativas en comparaci\u00f3n con Office 2013. Algunas de las m\u00e1s destacadas incluyen:<\/p><h3>1. Integraci\u00f3n con la nube<\/h3><p>Office 2016 est\u00e1 dise\u00f1ado para integrarse con <strong>OneDrive<\/strong>, lo que permite a los usuarios guardar, acceder y compartir documentos desde cualquier dispositivo con conexi\u00f3n a Internet. Esto facilita el trabajo en equipo y la movilidad.<\/p><h3>2. Colaboraci\u00f3n en tiempo real<\/h3><p>Una de las funciones m\u00e1s esperadas fue la <strong>edici\u00f3n en tiempo real<\/strong> en aplicaciones como Word, Excel y PowerPoint. Varios usuarios pueden trabajar simult\u00e1neamente en un mismo documento, viendo los cambios en tiempo real.<\/p><h3>3. Mejoras en Outlook<\/h3><p>Microsoft Outlook 2016 incluye nuevas funciones como la capacidad de adjuntar archivos directamente desde OneDrive y la funci\u00f3n &#8220;Clutter&#8221;, que organiza autom\u00e1ticamente los correos electr\u00f3nicos menos importantes.<\/p><h3>4. Mayor seguridad y protecci\u00f3n de datos<\/h3><p>Office 2016 cuenta con herramientas avanzadas de seguridad, como <strong>Data Loss Prevention (DLP)<\/strong>, que ayuda a evitar la filtraci\u00f3n de informaci\u00f3n sensible, y la autenticaci\u00f3n multifactor para proteger el acceso a documentos y correos electr\u00f3nicos.<\/p><h3>5. Nuevas herramientas en Excel<\/h3><p>Excel 2016 introduce nuevas funciones como <strong>Power Query<\/strong>, mejoras en las tablas din\u00e1micas y gr\u00e1ficos modernos que facilitan el an\u00e1lisis de datos. Adem\u00e1s, la funci\u00f3n &#8220;Pron\u00f3stico en un clic&#8221; permite generar predicciones basadas en datos hist\u00f3ricos.<\/p><h3>6. Inteligencia artificial y asistencia mejorada<\/h3><p>Con la integraci\u00f3n de <strong>Tell Me<\/strong>, una funci\u00f3n que permite a los usuarios escribir lo que desean hacer y recibir sugerencias instant\u00e1neas, Office 2016 se vuelve m\u00e1s accesible y f\u00e1cil de usar. Tambi\u00e9n incorpora herramientas avanzadas de correcci\u00f3n y traducci\u00f3n.<\/p><h2>Ventajas de Office 2016<\/h2><h3>1. Mejor experiencia de usuario<\/h3><p>La interfaz de Office 2016 es m\u00e1s intuitiva y est\u00e1 optimizada para pantallas t\u00e1ctiles, lo que lo hace ideal para dispositivos h\u00edbridos y tabletas.<\/p><h3>2. Mayor productividad<\/h3><p>Gracias a la colaboraci\u00f3n en tiempo real y la integraci\u00f3n con la nube, Office 2016 permite ahorrar tiempo y mejorar la eficiencia en el trabajo.<\/p><h3>3. Compatibilidad mejorada<\/h3><p>Office 2016 es compatible con versiones anteriores de Office y con m\u00faltiples sistemas operativos, incluyendo Windows 7, 8 y 10, as\u00ed como macOS.<\/p><h3>4. Licencias flexibles<\/h3><p>Microsoft ofrece diferentes opciones de licenciamiento, incluyendo versiones de pago \u00fanico y suscripci\u00f3n a Office 365, lo que brinda mayor flexibilidad a empresas y usuarios individuales.<\/p><h2>Comparaci\u00f3n con versiones anteriores<\/h2><table><tbody><tr><th>Caracter\u00edstica<\/th><th>Office 2013<\/th><th>Office 2016<\/th><th>Office 2019<\/th><\/tr><tr><td>Integraci\u00f3n con la nube<\/td><td>B\u00e1sica<\/td><td>Avanzada<\/td><td>Total<\/td><\/tr><tr><td>Colaboraci\u00f3n en tiempo real<\/td><td>No<\/td><td>S\u00ed<\/td><td>S\u00ed<\/td><\/tr><tr><td>Seguridad mejorada<\/td><td>S\u00ed<\/td><td>Mejorada<\/td><td>M\u00e1s avanzada<\/td><\/tr><tr><td>Funciones de IA<\/td><td>No<\/td><td>Limitadas<\/td><td>Avanzadas<\/td><\/tr><tr><td>Gr\u00e1ficos y an\u00e1lisis en Excel<\/td><td>Limitados<\/td><td>Mejorados<\/td><td>Innovadores<\/td><\/tr><tr><td>Modelos de licencia<\/td><td>Pago \u00fanico<\/td><td>Pago \u00fanico y suscripci\u00f3n<\/td><td>Pago \u00fanico y suscripci\u00f3n<\/td><\/tr><\/tbody><\/table><p>Como se observa en la tabla, Office 2016 represent\u00f3 un gran salto en t\u00e9rminos de colaboraci\u00f3n, seguridad e integraci\u00f3n con la nube en comparaci\u00f3n con su predecesor, Office 2013.<\/p><h2>Impacto en el mundo empresarial y educativo<\/h2><p>Office 2016 ha sido ampliamente adoptado en el \u00e1mbito empresarial y educativo debido a sus capacidades de colaboraci\u00f3n y productividad. Muchas empresas han migrado a esta versi\u00f3n para aprovechar sus herramientas avanzadas de seguridad y trabajo en equipo.<\/p><p>En el sector educativo, Office 2016 ha facilitado el aprendizaje a distancia, permitiendo a profesores y alumnos trabajar en proyectos colaborativos y compartir documentos en la nube.<\/p><h2>Conclusi\u00f3n<\/h2><p>Microsoft Office 2016 es una suite de productividad que ofrece importantes mejoras en integraci\u00f3n con la nube, seguridad y colaboraci\u00f3n en tiempo real. A pesar de que versiones m\u00e1s recientes han introducido nuevas funcionalidades, Office 2016 sigue siendo una opci\u00f3n robusta y confiable para quienes buscan herramientas eficientes para el trabajo y el estudio.<\/p>\t\t\t\t\t\t\t\t<\/div>\n\t\t\t\t<\/div>\n\t\t\t\t\t<\/div>\n\t\t\t\t<\/div>\n\t\t<div class=\"elementor-element elementor-element-b2c83f4 e-flex e-con-boxed e-con e-parent\" data-id=\"b2c83f4\" data-element_type=\"container\" data-e-type=\"container\">\n\t\t\t\t\t<div class=\"e-con-inner\">\n\t\t<div class=\"elementor-element elementor-element-10bae37 e-con-full e-flex e-con e-child\" data-id=\"10bae37\" data-element_type=\"container\" data-e-type=\"container\">\n\t\t\t\t<div class=\"elementor-element elementor-element-b792122 elementor-widget elementor-widget-image\" data-id=\"b792122\" data-element_type=\"widget\" data-e-type=\"widget\" data-widget_type=\"image.default\">\n\t\t\t\t<div class=\"elementor-widget-container\">\n\t\t\t\t\t\t\t\t\t\t\t\t<figure class=\"wp-caption\">\n\t\t\t\t\t\t\t\t\t\t\t<a href=\"https:\/\/officecdn.microsoft.com\/db\/492350F6-3A01-4F97-B9C0-C7C6DDF67D60\/media\/es-ES\/ProPlusRetail.img\" target=\"_blank\" rel=\"noopener\">\n\t\t\t\t\t\t\t<img decoding=\"async\" width=\"1024\" height=\"512\" src=\"https:\/\/emprendamosjuntoscancun.com.mx\/wp-content\/uploads\/2024\/03\/download-7641614_1280-1024x512.webp\" class=\"attachment-large size-large wp-image-465\" alt=\"\" srcset=\"https:\/\/emprendamosjuntoscancun.com.mx\/wp-content\/uploads\/2024\/03\/download-7641614_1280-1024x512.webp 1024w, https:\/\/emprendamosjuntoscancun.com.mx\/wp-content\/uploads\/2024\/03\/download-7641614_1280-300x150.webp 300w, https:\/\/emprendamosjuntoscancun.com.mx\/wp-content\/uploads\/2024\/03\/download-7641614_1280-768x384.webp 768w, https:\/\/emprendamosjuntoscancun.com.mx\/wp-content\/uploads\/2024\/03\/download-7641614_1280-18x9.webp 18w, https:\/\/emprendamosjuntoscancun.com.mx\/wp-content\/uploads\/2024\/03\/download-7641614_1280.webp 1280w\" sizes=\"(max-width: 1024px) 100vw, 1024px\" \/>\t\t\t\t\t\t\t\t<\/a>\n\t\t\t\t\t\t\t\t\t\t\t<figcaption class=\"widget-image-caption wp-caption-text\">OFFICE 2016<\/figcaption>\n\t\t\t\t\t\t\t\t\t\t<\/figure>\n\t\t\t\t\t\t\t\t\t<\/div>\n\t\t\t\t<\/div>\n\t\t\t\t<\/div>\n\t\t<div class=\"elementor-element elementor-element-ad50ae1 e-con-full e-flex e-con e-child\" data-id=\"ad50ae1\" data-element_type=\"container\" data-e-type=\"container\">\n\t\t\t\t<div class=\"elementor-element elementor-element-6a2231a elementor-widget elementor-widget-video\" data-id=\"6a2231a\" data-element_type=\"widget\" data-e-type=\"widget\" data-settings=\"{&quot;youtube_url&quot;:&quot;https:\\\/\\\/youtu.be\\\/tPnks6R055Y&quot;,&quot;video_type&quot;:&quot;youtube&quot;,&quot;controls&quot;:&quot;yes&quot;}\" data-widget_type=\"video.default\">\n\t\t\t\t<div class=\"elementor-widget-container\">\n\t\t\t\t\t\t\t<div class=\"elementor-wrapper elementor-open-inline\">\n\t\t\t<div class=\"elementor-video\"><\/div>\t\t<\/div>\n\t\t\t\t\t\t<\/div>\n\t\t\t\t<\/div>\n\t\t\t\t<\/div>\n\t\t<div class=\"elementor-element elementor-element-f4d8dd0 e-con-full e-flex e-con e-child\" data-id=\"f4d8dd0\" data-element_type=\"container\" data-e-type=\"container\">\n\t\t\t\t<\/div>\n\t\t\t\t\t<\/div>\n\t\t\t\t<\/div>\n\t\t\t\t<\/div>","protected":false},"excerpt":{"rendered":"<p>Facebook Youtube Office 2016: Caracter\u00edsticas, Ventajas y Comparaci\u00f3n Introducci\u00f3n Microsoft Office 2016 es una de las versiones m\u00e1s importantes de [&hellip;]<\/p>\n","protected":false},"author":1,"featured_media":0,"parent":0,"menu_order":0,"comment_status":"open","ping_status":"closed","template":"","meta":{"site-sidebar-layout":"no-sidebar","site-content-layout":"","ast-site-content-layout":"full-width-container","site-content-style":"default","site-sidebar-style":"default","ast-global-header-display":"","ast-banner-title-visibility":"","ast-main-header-display":"","ast-hfb-above-header-display":"","ast-hfb-below-header-display":"","ast-hfb-mobile-header-display":"","site-post-title":"disabled","ast-breadcrumbs-content":"","ast-featured-img":"disabled","footer-sml-layout":"","ast-disable-related-posts":"","theme-transparent-header-meta":"","adv-header-id-meta":"","stick-header-meta":"","header-above-stick-meta":"","header-main-stick-meta":"","header-below-stick-meta":"","astra-migrate-meta-layouts":"default","ast-page-background-enabled":"default","ast-page-background-meta":{"desktop":{"background-color":"var(--ast-global-color-4)","background-image":"","background-repeat":"repeat","background-position":"center center","background-size":"auto","background-attachment":"scroll","background-type":"","background-media":"","overlay-type":"","overlay-color":"","overlay-opacity":"","overlay-gradient":""},"tablet":{"background-color":"","background-image":"","background-repeat":"repeat","background-position":"center center","background-size":"auto","background-attachment":"scroll","background-type":"","background-media":"","overlay-type":"","overlay-color":"","overlay-opacity":"","overlay-gradient":""},"mobile":{"background-color":"","background-image":"","background-repeat":"repeat","background-position":"center center","background-size":"auto","background-attachment":"scroll","background-type":"","background-media":"","overlay-type":"","overlay-color":"","overlay-opacity":"","overlay-gradient":""}},"ast-content-background-meta":{"desktop":{"background-color":"var(--ast-global-color-5)","background-image":"","background-repeat":"repeat","background-position":"center center","background-size":"auto","background-attachment":"scroll","background-type":"","background-media":"","overlay-type":"","overlay-color":"","overlay-opacity":"","overlay-gradient":""},"tablet":{"background-color":"var(--ast-global-color-5)","background-image":"","background-repeat":"repeat","background-position":"center center","background-size":"auto","background-attachment":"scroll","background-type":"","background-media":"","overlay-type":"","overlay-color":"","overlay-opacity":"","overlay-gradient":""},"mobile":{"background-color":"var(--ast-global-color-5)","background-image":"","background-repeat":"repeat","background-position":"center center","background-size":"auto","background-attachment":"scroll","background-type":"","background-media":"","overlay-type":"","overlay-color":"","overlay-opacity":"","overlay-gradient":""}},"footnotes":""},"class_list":["post-961","page","type-page","status-publish","hentry"],"_hostinger_reach_plugin_has_subscription_block":false,"_hostinger_reach_plugin_is_elementor":false,"_links":{"self":[{"href":"https:\/\/emprendamosjuntoscancun.com.mx\/en\/wp-json\/wp\/v2\/pages\/961","targetHints":{"allow":["GET"]}}],"collection":[{"href":"https:\/\/emprendamosjuntoscancun.com.mx\/en\/wp-json\/wp\/v2\/pages"}],"about":[{"href":"https:\/\/emprendamosjuntoscancun.com.mx\/en\/wp-json\/wp\/v2\/types\/page"}],"author":[{"embeddable":true,"href":"https:\/\/emprendamosjuntoscancun.com.mx\/en\/wp-json\/wp\/v2\/users\/1"}],"replies":[{"embeddable":true,"href":"https:\/\/emprendamosjuntoscancun.com.mx\/en\/wp-json\/wp\/v2\/comments?post=961"}],"version-history":[{"count":15,"href":"https:\/\/emprendamosjuntoscancun.com.mx\/en\/wp-json\/wp\/v2\/pages\/961\/revisions"}],"predecessor-version":[{"id":981,"href":"https:\/\/emprendamosjuntoscancun.com.mx\/en\/wp-json\/wp\/v2\/pages\/961\/revisions\/981"}],"wp:attachment":[{"href":"https:\/\/emprendamosjuntoscancun.com.mx\/en\/wp-json\/wp\/v2\/media?parent=961"}],"curies":[{"name":"wp","href":"https:\/\/api.w.org\/{rel}","templated":true}]}}