{"id":984,"date":"2025-02-03T23:43:19","date_gmt":"2025-02-03T23:43:19","guid":{"rendered":"https:\/\/emprendamosjuntoscancun.com.mx\/?page_id=984"},"modified":"2025-02-04T01:06:21","modified_gmt":"2025-02-04T01:06:21","slug":"probando-office-2021","status":"publish","type":"page","link":"https:\/\/emprendamosjuntoscancun.com.mx\/en\/probando-office-2021\/","title":{"rendered":"PROBANDO OFFICE 2021"},"content":{"rendered":"<div data-elementor-type=\"wp-page\" data-elementor-id=\"984\" class=\"elementor elementor-984\" data-elementor-post-type=\"page\">\n\t\t\t\t<div class=\"elementor-element elementor-element-cd97ecb e-flex e-con-boxed e-con e-parent\" data-id=\"cd97ecb\" data-element_type=\"container\" data-e-type=\"container\" data-settings=\"{&quot;background_background&quot;:&quot;classic&quot;}\">\n\t\t\t\t\t<div class=\"e-con-inner\">\n\t\t<div class=\"elementor-element elementor-element-022567c e-con-full e-flex e-con e-child\" data-id=\"022567c\" data-element_type=\"container\" data-e-type=\"container\">\n\t\t\t\t<div class=\"elementor-element elementor-element-392b2be elementor-widget elementor-widget-theme-site-logo elementor-widget-image\" data-id=\"392b2be\" data-element_type=\"widget\" data-e-type=\"widget\" data-widget_type=\"theme-site-logo.default\">\n\t\t\t\t<div class=\"elementor-widget-container\">\n\t\t\t\t\t\t\t\t\t\t\t<a href=\"https:\/\/emprendamosjuntoscancun.com.mx\/en\">\n\t\t\t<img fetchpriority=\"high\" decoding=\"async\" width=\"1024\" height=\"1024\" src=\"https:\/\/emprendamosjuntoscancun.com.mx\/wp-content\/uploads\/2024\/03\/SGN_03_12_2024_1710276382839.png\" class=\"attachment-large size-large wp-image-20\" alt=\"\" srcset=\"https:\/\/emprendamosjuntoscancun.com.mx\/wp-content\/uploads\/2024\/03\/SGN_03_12_2024_1710276382839-1024x1024.png 1024w, https:\/\/emprendamosjuntoscancun.com.mx\/wp-content\/uploads\/2024\/03\/SGN_03_12_2024_1710276382839-300x300.png 300w, https:\/\/emprendamosjuntoscancun.com.mx\/wp-content\/uploads\/2024\/03\/SGN_03_12_2024_1710276382839-150x150.png 150w, https:\/\/emprendamosjuntoscancun.com.mx\/wp-content\/uploads\/2024\/03\/SGN_03_12_2024_1710276382839-768x768.png 768w, https:\/\/emprendamosjuntoscancun.com.mx\/wp-content\/uploads\/2024\/03\/SGN_03_12_2024_1710276382839-1536x1536.png 1536w, https:\/\/emprendamosjuntoscancun.com.mx\/wp-content\/uploads\/2024\/03\/SGN_03_12_2024_1710276382839-12x12.png 12w, https:\/\/emprendamosjuntoscancun.com.mx\/wp-content\/uploads\/2024\/03\/SGN_03_12_2024_1710276382839.png 1920w\" sizes=\"(max-width: 1024px) 100vw, 1024px\" \/>\t\t\t\t<\/a>\n\t\t\t\t\t\t\t\t\t\t\t<\/div>\n\t\t\t\t<\/div>\n\t\t\t\t<\/div>\n\t\t<div class=\"elementor-element elementor-element-0c5d126 e-con-full e-flex e-con e-child\" data-id=\"0c5d126\" data-element_type=\"container\" data-e-type=\"container\">\n\t\t\t\t<div class=\"elementor-element elementor-element-bb46cb1 elementor-nav-menu__text-align-center elementor-nav-menu--toggle elementor-nav-menu--burger elementor-widget elementor-widget-nav-menu\" data-id=\"bb46cb1\" data-element_type=\"widget\" data-e-type=\"widget\" data-settings=\"{&quot;layout&quot;:&quot;dropdown&quot;,&quot;toggle_icon_hover_animation&quot;:&quot;pulse&quot;,&quot;submenu_icon&quot;:{&quot;value&quot;:&quot;&lt;svg aria-hidden=\\&quot;true\\&quot; class=\\&quot;e-font-icon-svg e-fas-caret-down\\&quot; viewBox=\\&quot;0 0 320 512\\&quot; xmlns=\\&quot;http:\\\/\\\/www.w3.org\\\/2000\\\/svg\\&quot;&gt;&lt;path d=\\&quot;M31.3 192h257.3c17.8 0 26.7 21.5 14.1 34.1L174.1 354.8c-7.8 7.8-20.5 7.8-28.3 0L17.2 226.1C4.6 213.5 13.5 192 31.3 192z\\&quot;&gt;&lt;\\\/path&gt;&lt;\\\/svg&gt;&quot;,&quot;library&quot;:&quot;fa-solid&quot;},&quot;toggle&quot;:&quot;burger&quot;}\" data-widget_type=\"nav-menu.default\">\n\t\t\t\t<div class=\"elementor-widget-container\">\n\t\t\t\t\t\t\t<div class=\"elementor-menu-toggle\" role=\"button\" tabindex=\"0\" aria-label=\"Menu Toggle\" aria-expanded=\"false\">\n\t\t\t<svg aria-hidden=\"true\" role=\"presentation\" class=\"elementor-menu-toggle__icon--open elementor-animation-pulse e-font-icon-svg e-eicon-menu-bar\" viewbox=\"0 0 1000 1000\" xmlns=\"http:\/\/www.w3.org\/2000\/svg\"><path d=\"M104 333H896C929 333 958 304 958 271S929 208 896 208H104C71 208 42 237 42 271S71 333 104 333ZM104 583H896C929 583 958 554 958 521S929 458 896 458H104C71 458 42 487 42 521S71 583 104 583ZM104 833H896C929 833 958 804 958 771S929 708 896 708H104C71 708 42 737 42 771S71 833 104 833Z\"><\/path><\/svg><svg aria-hidden=\"true\" role=\"presentation\" class=\"elementor-menu-toggle__icon--close elementor-animation-pulse e-font-icon-svg e-eicon-close\" viewbox=\"0 0 1000 1000\" xmlns=\"http:\/\/www.w3.org\/2000\/svg\"><path d=\"M742 167L500 408 258 167C246 154 233 150 217 150 196 150 179 158 167 167 154 179 150 196 150 212 150 229 154 242 171 254L408 500 167 742C138 771 138 800 167 829 196 858 225 858 254 829L496 587 738 829C750 842 767 846 783 846 800 846 817 842 829 829 842 817 846 804 846 783 846 767 842 750 829 737L588 500 833 258C863 229 863 200 833 171 804 137 775 137 742 167Z\"><\/path><\/svg>\t\t<\/div>\n\t\t\t\t\t<nav class=\"elementor-nav-menu--dropdown elementor-nav-menu__container\" aria-hidden=\"true\">\n\t\t\t\t<ul id=\"menu-2-bb46cb1\" class=\"elementor-nav-menu\"><li class=\"menu-item menu-item-type-custom menu-item-object-custom menu-item-has-children menu-item-316\"><a aria-expanded=\"false\" href=\"http:\/\/emprendamosjuntoscancun.com.mx\/en\/\" class=\"elementor-item menu-link\" tabindex=\"-1\">HOME<span role=\"button\" class=\"dropdown-menu-toggle ast-header-navigation-arrow\" tabindex=\"0\" aria-expanded=\"false\" aria-label=\"Menu Toggle\" aria-haspopup=\"true\"><\/span><\/a>\n<ul class=\"sub-menu elementor-nav-menu--dropdown\">\n\t<li class=\"menu-item menu-item-type-post_type menu-item-object-page menu-item-1741\"><a href=\"https:\/\/emprendamosjuntoscancun.com.mx\/en\/contenidos-y-redes-sociales\/\" class=\"elementor-sub-item menu-link\" tabindex=\"-1\">CONTENIDOS Y REDES SOCIALES<\/a><\/li>\n\t<li class=\"menu-item menu-item-type-post_type menu-item-object-page menu-item-1748\"><a href=\"https:\/\/emprendamosjuntoscancun.com.mx\/en\/creacion-de-contenido-en-juegos-roblox-minecraft-delta-force-y-mas\/\" class=\"elementor-sub-item menu-link\" tabindex=\"-1\">CUAL ES TU JUEGO FAVORITO<\/a><\/li>\n<\/ul>\n<\/li>\n<li class=\"menu-item menu-item-type-custom menu-item-object-custom menu-item-317\"><a href=\"http:\/\/emprendamosjuntoscancun.com.mx\/en\/programas\/\" class=\"elementor-item menu-link\" tabindex=\"-1\">PROGRAMS<\/a><\/li>\n<li class=\"menu-item menu-item-type-post_type menu-item-object-page menu-item-1642\"><a href=\"https:\/\/emprendamosjuntoscancun.com.mx\/en\/minecraft\/\" class=\"elementor-item menu-link\" tabindex=\"-1\">MINECRAFT<\/a><\/li>\n<\/ul>\t\t\t<\/nav>\n\t\t\t\t\t\t<\/div>\n\t\t\t\t<\/div>\n\t\t\t\t<\/div>\n\t\t\t\t<div class=\"elementor-element elementor-element-a112842 elementor-shape-circle elementor-grid-2 e-grid-align-center elementor-widget elementor-widget-social-icons\" data-id=\"a112842\" data-element_type=\"widget\" data-e-type=\"widget\" data-widget_type=\"social-icons.default\">\n\t\t\t\t<div class=\"elementor-widget-container\">\n\t\t\t\t\t\t\t<div class=\"elementor-social-icons-wrapper elementor-grid\" role=\"list\">\n\t\t\t\t\t\t\t<span class=\"elementor-grid-item\" role=\"listitem\">\n\t\t\t\t\t<a class=\"elementor-icon elementor-social-icon elementor-social-icon-facebook elementor-repeater-item-2b73b80\" target=\"_blank\">\n\t\t\t\t\t\t<span class=\"elementor-screen-only\">Facebook<\/span>\n\t\t\t\t\t\t<svg aria-hidden=\"true\" class=\"e-font-icon-svg e-fab-facebook\" viewbox=\"0 0 512 512\" xmlns=\"http:\/\/www.w3.org\/2000\/svg\"><path d=\"M504 256C504 119 393 8 256 8S8 119 8 256c0 123.78 90.69 226.38 209.25 245V327.69h-63V256h63v-54.64c0-62.15 37-96.48 93.67-96.48 27.14 0 55.52 4.84 55.52 4.84v61h-31.28c-30.8 0-40.41 19.12-40.41 38.73V256h68.78l-11 71.69h-57.78V501C413.31 482.38 504 379.78 504 256z\"><\/path><\/svg>\t\t\t\t\t<\/a>\n\t\t\t\t<\/span>\n\t\t\t\t\t\t\t<span class=\"elementor-grid-item\" role=\"listitem\">\n\t\t\t\t\t<a class=\"elementor-icon elementor-social-icon elementor-social-icon-youtube elementor-repeater-item-a6338c5\" href=\"https:\/\/www.youtube.com\/c\/SISTEMASSOPORTECOMUNIDAD\" target=\"_blank\" rel=\"noopener\">\n\t\t\t\t\t\t<span class=\"elementor-screen-only\">Youtube<\/span>\n\t\t\t\t\t\t<svg aria-hidden=\"true\" class=\"e-font-icon-svg e-fab-youtube\" viewbox=\"0 0 576 512\" xmlns=\"http:\/\/www.w3.org\/2000\/svg\"><path d=\"M549.655 124.083c-6.281-23.65-24.787-42.276-48.284-48.597C458.781 64 288 64 288 64S117.22 64 74.629 75.486c-23.497 6.322-42.003 24.947-48.284 48.597-11.412 42.867-11.412 132.305-11.412 132.305s0 89.438 11.412 132.305c6.281 23.65 24.787 41.5 48.284 47.821C117.22 448 288 448 288 448s170.78 0 213.371-11.486c23.497-6.321 42.003-24.171 48.284-47.821 11.412-42.867 11.412-132.305 11.412-132.305s0-89.438-11.412-132.305zm-317.51 213.508V175.185l142.739 81.205-142.739 81.201z\"><\/path><\/svg>\t\t\t\t\t<\/a>\n\t\t\t\t<\/span>\n\t\t\t\t\t<\/div>\n\t\t\t\t\t\t<\/div>\n\t\t\t\t<\/div>\n\t\t\t\t\t<\/div>\n\t\t\t\t<\/div>\n\t\t<div class=\"elementor-element elementor-element-8d3f6bc e-flex e-con-boxed e-con e-parent\" data-id=\"8d3f6bc\" data-element_type=\"container\" data-e-type=\"container\">\n\t\t\t\t\t<div class=\"e-con-inner\">\n\t\t<div class=\"elementor-element elementor-element-bfc47df e-con-full e-flex e-con e-child\" data-id=\"bfc47df\" data-element_type=\"container\" data-e-type=\"container\">\n\t\t\t\t<\/div>\n\t\t<div class=\"elementor-element elementor-element-232fc22 e-con-full e-flex e-con e-child\" data-id=\"232fc22\" data-element_type=\"container\" data-e-type=\"container\">\n\t\t<div class=\"elementor-element elementor-element-c4a2a0f e-con-full e-flex e-con e-child\" data-id=\"c4a2a0f\" data-element_type=\"container\" data-e-type=\"container\">\n\t\t\t\t<div class=\"elementor-element elementor-element-1016c65 elementor-widget elementor-widget-image\" data-id=\"1016c65\" data-element_type=\"widget\" data-e-type=\"widget\" data-widget_type=\"image.default\">\n\t\t\t\t<div class=\"elementor-widget-container\">\n\t\t\t\t\t\t\t\t\t\t\t\t\t\t\t<img decoding=\"async\" width=\"258\" height=\"350\" src=\"https:\/\/emprendamosjuntoscancun.com.mx\/wp-content\/uploads\/2025\/02\/Office2021pp.jpg\" class=\"attachment-large size-large wp-image-987\" alt=\"\" srcset=\"https:\/\/emprendamosjuntoscancun.com.mx\/wp-content\/uploads\/2025\/02\/Office2021pp.jpg 258w, https:\/\/emprendamosjuntoscancun.com.mx\/wp-content\/uploads\/2025\/02\/Office2021pp-221x300.jpg 221w\" sizes=\"(max-width: 258px) 100vw, 258px\" \/>\t\t\t\t\t\t\t\t\t\t\t\t\t\t\t<\/div>\n\t\t\t\t<\/div>\n\t\t\t\t<\/div>\n\t\t\t\t<\/div>\n\t\t<div class=\"elementor-element elementor-element-649991f e-con-full e-flex e-con e-child\" data-id=\"649991f\" data-element_type=\"container\" data-e-type=\"container\">\n\t\t\t\t<\/div>\n\t\t\t\t\t<\/div>\n\t\t\t\t<\/div>\n\t\t<div class=\"elementor-element elementor-element-e509574 e-flex e-con-boxed e-con e-parent\" data-id=\"e509574\" data-element_type=\"container\" data-e-type=\"container\">\n\t\t\t\t\t<div class=\"e-con-inner\">\n\t\t\t\t<div class=\"elementor-element elementor-element-aa955b0 elementor-widget elementor-widget-text-editor\" data-id=\"aa955b0\" data-element_type=\"widget\" data-e-type=\"widget\" data-widget_type=\"text-editor.default\">\n\t\t\t\t<div class=\"elementor-widget-container\">\n\t\t\t\t\t\t\t\t\t<h1 data-pm-slice=\"1 1 []\">Microsoft Office 2021: Caracter\u00edsticas, Novedades y Beneficios<\/h1><p>Microsoft Office ha sido durante d\u00e9cadas la soluci\u00f3n ofim\u00e1tica l\u00edder en el mercado. Con el lanzamiento de Office 2021, Microsoft ha incorporado nuevas funcionalidades y mejoras que lo convierten en una opci\u00f3n atractiva tanto para usuarios particulares como para empresas. En este art\u00edculo, exploraremos las caracter\u00edsticas m\u00e1s destacadas de Office 2021, las diferencias con versiones anteriores y sus beneficios.<\/p><h2>Introducci\u00f3n a Microsoft Office 2021<\/h2><p>Office 2021 es la \u00faltima versi\u00f3n de la suite ofim\u00e1tica de Microsoft, lanzada el 5 de octubre de 2021. Esta versi\u00f3n est\u00e1 dise\u00f1ada para usuarios que prefieren una licencia de compra \u00fanica en lugar de una suscripci\u00f3n a Microsoft 365. Office 2021 est\u00e1 disponible en versiones para Windows y macOS e incluye las aplicaciones cl\u00e1sicas como Word, Excel, PowerPoint, Outlook y, en algunas ediciones, Access y Publisher.<\/p><h2>Principales novedades de Office 2021<\/h2><h3>1. Modo Oscuro Mejorado<\/h3><p>Microsoft ha mejorado el modo oscuro en Office 2021, brindando una experiencia visual m\u00e1s c\u00f3moda para los usuarios que trabajan en entornos con poca luz. Ahora, Word, Excel y PowerPoint admiten un fondo oscuro completo, en lugar de solo las barras de men\u00fa.<\/p><h3>2. Mejoras en la Colaboraci\u00f3n<\/h3><p>Office 2021 integra funciones de colaboraci\u00f3n en tiempo real similares a las de Microsoft 365. Ahora los usuarios pueden coeditar documentos en Word, Excel y PowerPoint sin necesidad de una suscripci\u00f3n en la nube.<\/p><h3>3. Funciones Avanzadas en Excel<\/h3><p>Excel 2021 introduce nuevas funciones como <code>XLOOKUP<\/code>, que permite una b\u00fasqueda m\u00e1s avanzada y flexible, y <code>LET<\/code>, que ayuda a definir nombres para valores intermedios en f\u00f3rmulas, facilitando su lectura y rendimiento. Adem\u00e1s, las tablas din\u00e1micas ahora incluyen funciones de matriz din\u00e1mica para un an\u00e1lisis de datos m\u00e1s eficiente.<\/p><h3>4. Mejoras en PowerPoint<\/h3><p>PowerPoint 2021 ha mejorado la experiencia de presentaci\u00f3n con la funci\u00f3n de grabaci\u00f3n mejorada, permitiendo capturar diapositivas con narraci\u00f3n de audio y v\u00eddeo. Adem\u00e1s, incluye transiciones y animaciones mejoradas para hacer presentaciones m\u00e1s atractivas.<\/p><h3>5. Integraci\u00f3n con Microsoft Teams<\/h3><p>Aunque Teams es un producto independiente, Office 2021 lo incluye para facilitar la comunicaci\u00f3n y colaboraci\u00f3n en entornos profesionales y educativos.<\/p><h2>Diferencias entre Office 2021 y Microsoft 365<\/h2><p>Uno de los principales aspectos a considerar al elegir entre Office 2021 y Microsoft 365 es el modelo de licenciamiento. Office 2021 es una compra \u00fanica con actualizaciones de seguridad, pero sin nuevas funciones despu\u00e9s de su lanzamiento. En cambio, Microsoft 365 es un servicio de suscripci\u00f3n que recibe actualizaciones y nuevas funcionalidades constantemente.<\/p><p>Adem\u00e1s, Microsoft 365 incluye almacenamiento en la nube con OneDrive, acceso a aplicaciones en varios dispositivos y soporte t\u00e9cnico continuo, mientras que Office 2021 solo permite la instalaci\u00f3n en un dispositivo por licencia.<\/p><h2>Beneficios de Office 2021<\/h2><h3>1. Compra \u00danica<\/h3><p>Para aquellos que prefieren un pago \u00fanico en lugar de suscripciones mensuales o anuales, Office 2021 es una excelente opci\u00f3n. Una vez adquirido, no hay costos recurrentes.<\/p><h3>2. Mayor Control de Datos<\/h3><p>Office 2021 no requiere conexi\u00f3n a la nube para su uso. Esto es ideal para empresas o usuarios que desean mantener sus documentos almacenados localmente y evitar la dependencia de internet.<\/p><h3>3. Compatibilidad Mejorada<\/h3><p>Esta versi\u00f3n es compatible con Windows 10, Windows 11 y macOS, asegurando estabilidad y mejor rendimiento en sistemas modernos.<\/p><h3>4. Seguridad y Estabilidad<\/h3><p>Microsoft continuar\u00e1 brindando actualizaciones de seguridad para Office 2021 durante varios a\u00f1os, lo que garantiza protecci\u00f3n contra amenazas cibern\u00e9ticas.<\/p><h2>Conclusi\u00f3n<\/h2><p>Office 2021 es una excelente opci\u00f3n para usuarios que buscan una soluci\u00f3n ofim\u00e1tica confiable sin la necesidad de suscribirse a un servicio en la nube. Con mejoras en colaboraci\u00f3n, funciones avanzadas en Excel y un dise\u00f1o modernizado, esta versi\u00f3n sigue siendo una alternativa s\u00f3lida para profesionales, estudiantes y empresas. Sin embargo, quienes prefieran contar con las \u00faltimas actualizaciones y servicios adicionales pueden considerar Microsoft 365 como una opci\u00f3n m\u00e1s flexible y din\u00e1mica.<\/p><p>\u00a0<\/p>\t\t\t\t\t\t\t\t<\/div>\n\t\t\t\t<\/div>\n\t\t\t\t\t<\/div>\n\t\t\t\t<\/div>\n\t\t<div class=\"elementor-element elementor-element-31ba896 e-flex e-con-boxed e-con e-parent\" data-id=\"31ba896\" data-element_type=\"container\" data-e-type=\"container\">\n\t\t\t\t\t<div class=\"e-con-inner\">\n\t\t<div class=\"elementor-element elementor-element-289e117 e-con-full e-flex e-con e-child\" data-id=\"289e117\" data-element_type=\"container\" data-e-type=\"container\">\n\t\t\t\t<div class=\"elementor-element elementor-element-e729540 elementor-widget elementor-widget-image\" data-id=\"e729540\" data-element_type=\"widget\" data-e-type=\"widget\" data-widget_type=\"image.default\">\n\t\t\t\t<div class=\"elementor-widget-container\">\n\t\t\t\t\t\t\t\t\t\t\t\t<figure class=\"wp-caption\">\n\t\t\t\t\t\t\t\t\t\t\t<a href=\"https:\/\/officecdn.microsoft.com\/db\/492350F6-3A01-4F97-B9C0-C7C6DDF67D60\/media\/es-es\/ProPlus2021Retail.img\" target=\"_blank\" rel=\"noopener\">\n\t\t\t\t\t\t\t<img decoding=\"async\" width=\"1024\" height=\"512\" src=\"https:\/\/emprendamosjuntoscancun.com.mx\/wp-content\/uploads\/2024\/03\/download-7641614_1280-1024x512.webp\" class=\"attachment-large size-large wp-image-465\" alt=\"\" srcset=\"https:\/\/emprendamosjuntoscancun.com.mx\/wp-content\/uploads\/2024\/03\/download-7641614_1280-1024x512.webp 1024w, https:\/\/emprendamosjuntoscancun.com.mx\/wp-content\/uploads\/2024\/03\/download-7641614_1280-300x150.webp 300w, https:\/\/emprendamosjuntoscancun.com.mx\/wp-content\/uploads\/2024\/03\/download-7641614_1280-768x384.webp 768w, https:\/\/emprendamosjuntoscancun.com.mx\/wp-content\/uploads\/2024\/03\/download-7641614_1280-18x9.webp 18w, https:\/\/emprendamosjuntoscancun.com.mx\/wp-content\/uploads\/2024\/03\/download-7641614_1280.webp 1280w\" sizes=\"(max-width: 1024px) 100vw, 1024px\" \/>\t\t\t\t\t\t\t\t<\/a>\n\t\t\t\t\t\t\t\t\t\t\t<figcaption class=\"widget-image-caption wp-caption-text\">ISO OFFICE 2021<\/figcaption>\n\t\t\t\t\t\t\t\t\t\t<\/figure>\n\t\t\t\t\t\t\t\t\t<\/div>\n\t\t\t\t<\/div>\n\t\t\t\t<\/div>\n\t\t<div class=\"elementor-element elementor-element-e3eb3df e-con-full e-flex e-con e-child\" data-id=\"e3eb3df\" data-element_type=\"container\" data-e-type=\"container\">\n\t\t\t\t<div class=\"elementor-element elementor-element-9061369 elementor-widget elementor-widget-video\" data-id=\"9061369\" data-element_type=\"widget\" data-e-type=\"widget\" data-settings=\"{&quot;youtube_url&quot;:&quot;https:\\\/\\\/youtu.be\\\/Zw8lMe29-wI&quot;,&quot;video_type&quot;:&quot;youtube&quot;,&quot;controls&quot;:&quot;yes&quot;}\" data-widget_type=\"video.default\">\n\t\t\t\t<div class=\"elementor-widget-container\">\n\t\t\t\t\t\t\t<div class=\"elementor-wrapper elementor-open-inline\">\n\t\t\t<div class=\"elementor-video\"><\/div>\t\t<\/div>\n\t\t\t\t\t\t<\/div>\n\t\t\t\t<\/div>\n\t\t\t\t<\/div>\n\t\t<div class=\"elementor-element elementor-element-d4f2743 e-con-full e-flex e-con e-child\" data-id=\"d4f2743\" data-element_type=\"container\" data-e-type=\"container\">\n\t\t\t\t<div class=\"elementor-element elementor-element-ab85440 elementor-widget elementor-widget-video\" data-id=\"ab85440\" data-element_type=\"widget\" data-e-type=\"widget\" data-settings=\"{&quot;video_type&quot;:&quot;vimeo&quot;}\" data-widget_type=\"video.default\">\n\t\t\t\t<div class=\"elementor-widget-container\">\n\t\t\t\t\t\t\t<div class=\"elementor-wrapper elementor-open-inline\">\n\t\t\t<iframe class=\"elementor-video-iframe\" allowfullscreen allow=\"clipboard-write\" title=\"vimeo Video Player\" src=\"https:\/\/player.vimeo.com\/video\/1053222207?color&amp;autopause=0&amp;loop=0&amp;muted=0&amp;title=1&amp;portrait=1&amp;byline=1#t=\" data-no-translation-title=\"\"><\/iframe>\t\t<\/div>\n\t\t\t\t\t\t<\/div>\n\t\t\t\t<\/div>\n\t\t\t\t<\/div>\n\t\t\t\t\t<\/div>\n\t\t\t\t<\/div>\n\t\t\t\t<\/div>","protected":false},"excerpt":{"rendered":"<p>Facebook Youtube Microsoft Office 2021: Caracter\u00edsticas, Novedades y Beneficios Microsoft Office ha sido durante d\u00e9cadas la soluci\u00f3n ofim\u00e1tica l\u00edder en [&hellip;]<\/p>\n","protected":false},"author":1,"featured_media":0,"parent":0,"menu_order":0,"comment_status":"closed","ping_status":"closed","template":"","meta":{"site-sidebar-layout":"no-sidebar","site-content-layout":"","ast-site-content-layout":"full-width-container","site-content-style":"default","site-sidebar-style":"default","ast-global-header-display":"","ast-banner-title-visibility":"","ast-main-header-display":"","ast-hfb-above-header-display":"","ast-hfb-below-header-display":"","ast-hfb-mobile-header-display":"","site-post-title":"disabled","ast-breadcrumbs-content":"","ast-featured-img":"disabled","footer-sml-layout":"","ast-disable-related-posts":"","theme-transparent-header-meta":"","adv-header-id-meta":"","stick-header-meta":"","header-above-stick-meta":"","header-main-stick-meta":"","header-below-stick-meta":"","astra-migrate-meta-layouts":"default","ast-page-background-enabled":"default","ast-page-background-meta":{"desktop":{"background-color":"var(--ast-global-color-4)","background-image":"","background-repeat":"repeat","background-position":"center center","background-size":"auto","background-attachment":"scroll","background-type":"","background-media":"","overlay-type":"","overlay-color":"","overlay-opacity":"","overlay-gradient":""},"tablet":{"background-color":"","background-image":"","background-repeat":"repeat","background-position":"center center","background-size":"auto","background-attachment":"scroll","background-type":"","background-media":"","overlay-type":"","overlay-color":"","overlay-opacity":"","overlay-gradient":""},"mobile":{"background-color":"","background-image":"","background-repeat":"repeat","background-position":"center center","background-size":"auto","background-attachment":"scroll","background-type":"","background-media":"","overlay-type":"","overlay-color":"","overlay-opacity":"","overlay-gradient":""}},"ast-content-background-meta":{"desktop":{"background-color":"var(--ast-global-color-5)","background-image":"","background-repeat":"repeat","background-position":"center center","background-size":"auto","background-attachment":"scroll","background-type":"","background-media":"","overlay-type":"","overlay-color":"","overlay-opacity":"","overlay-gradient":""},"tablet":{"background-color":"var(--ast-global-color-5)","background-image":"","background-repeat":"repeat","background-position":"center center","background-size":"auto","background-attachment":"scroll","background-type":"","background-media":"","overlay-type":"","overlay-color":"","overlay-opacity":"","overlay-gradient":""},"mobile":{"background-color":"var(--ast-global-color-5)","background-image":"","background-repeat":"repeat","background-position":"center center","background-size":"auto","background-attachment":"scroll","background-type":"","background-media":"","overlay-type":"","overlay-color":"","overlay-opacity":"","overlay-gradient":""}},"footnotes":""},"class_list":["post-984","page","type-page","status-publish","hentry"],"_hostinger_reach_plugin_has_subscription_block":false,"_hostinger_reach_plugin_is_elementor":false,"_links":{"self":[{"href":"https:\/\/emprendamosjuntoscancun.com.mx\/en\/wp-json\/wp\/v2\/pages\/984","targetHints":{"allow":["GET"]}}],"collection":[{"href":"https:\/\/emprendamosjuntoscancun.com.mx\/en\/wp-json\/wp\/v2\/pages"}],"about":[{"href":"https:\/\/emprendamosjuntoscancun.com.mx\/en\/wp-json\/wp\/v2\/types\/page"}],"author":[{"embeddable":true,"href":"https:\/\/emprendamosjuntoscancun.com.mx\/en\/wp-json\/wp\/v2\/users\/1"}],"replies":[{"embeddable":true,"href":"https:\/\/emprendamosjuntoscancun.com.mx\/en\/wp-json\/wp\/v2\/comments?post=984"}],"version-history":[{"count":11,"href":"https:\/\/emprendamosjuntoscancun.com.mx\/en\/wp-json\/wp\/v2\/pages\/984\/revisions"}],"predecessor-version":[{"id":1000,"href":"https:\/\/emprendamosjuntoscancun.com.mx\/en\/wp-json\/wp\/v2\/pages\/984\/revisions\/1000"}],"wp:attachment":[{"href":"https:\/\/emprendamosjuntoscancun.com.mx\/en\/wp-json\/wp\/v2\/media?parent=984"}],"curies":[{"name":"wp","href":"https:\/\/api.w.org\/{rel}","templated":true}]}}